{"id":26122,"date":"2025-02-20T23:28:04","date_gmt":"2025-02-20T22:28:04","guid":{"rendered":"http:\/\/olemosaic.com\/producto\/bola-de-navidad-con-caja-panoramica-barcelona-gold\/"},"modified":"2025-07-25T19:38:40","modified_gmt":"2025-07-25T17:38:40","slug":"bola-de-natal-com-caixa-panoramica-barcelona-azul-e-dourado","status":"publish","type":"product","link":"https:\/\/olemosaic.com\/pt-pt\/produto\/bola-de-natal-com-caixa-panoramica-barcelona-azul-e-dourado\/","title":{"rendered":"Bola de Natal com caixa. Panor\u00e2mica. Barcelona. Azul e dourado"},"content":{"rendered":"<p>Bola de Natal com caixa que apresenta uma encantadora panor\u00e2mica de Barcelona. Este atraente souvenir, concebido com um material resistente, captura a ic\u00f3nica beleza da Sagrada Fam\u00edlia, uma obra-prima de Antoni Gaud\u00ed que simboliza a arquitetura modernista da cidade. A esfera decorativa mostra uma ilustra\u00e7\u00e3o vibrante em tons azuis e dourados, evocando a magia de uma nevada na cidade e criando um ambiente festivo que recorda o calor das celebra\u00e7\u00f5es natal\u00edcias. O design inclui delicados flocos de neve que flutuam no ar, adicionando um toque de serena beleza invernal e nostalgia. Para real\u00e7ar o seu apelo, a bola \u00e9 apresentada com uma elegante fita vermelha que lhe d\u00e1 um acabamento perfeito, ideal para adornar a \u00e1rvore de Natal ou como um presente especial para guardar.<\/p>\n<p>Este souvenir natal\u00edcio n\u00e3o \u00e9 apenas uma pe\u00e7a decorativa, mas tamb\u00e9m um s\u00edmbolo cultural que comemora uma das cidades mais emblem\u00e1ticas de Espanha. A Sagrada Fam\u00edlia, Patrim\u00f3nio da Humanidade, atrai milh\u00f5es de turistas todos os anos, e esta bola de Natal \u00e9 uma excelente forma de levar uma recorda\u00e7\u00e3o de Barcelona para casa. Na Ol\u00e9 Mosaic, dedicamo-nos \u00e0 distribui\u00e7\u00e3o de souvenirs por grosso, oferecendo produtos aut\u00eanticos que refletem a riqueza cultural espanhola. Esta bola de Natal \u00e9 uma op\u00e7\u00e3o perfeita para lojas de presentes tur\u00edsticos que procurem oferecer artigos de qualidade e relev\u00e2ncia cultural. Como grossistas de souvenirs de Barcelona, garantimos que cada pe\u00e7a seja uma recorda\u00e7\u00e3o memor\u00e1vel da sua visita.<\/p>\n","protected":false},"excerpt":{"rendered":"<p>Bola de Natal com caixa que apresenta uma encantadora panor\u00e2mica de Barcelona. Esta esfera decorativa, fabricada em material resistente, mostra uma ilustra\u00e7\u00e3o vibrante da Sagrada Fam\u00edlia, envolta numa m\u00e1gica nevada. Os tons azul e dourado predominam no seu design, criando um ambiente festivo e nost\u00e1lgico. Apresenta-se com uma fita vermelha decorativa que adiciona um toque elegante, perfeita para adornar a sua \u00e1rvore de Natal ou como presente especial.<\/p>\n","protected":false},"featured_media":10394,"template":"","meta":{"_acf_changed":false},"product_brand":[],"product_cat":[652],"product_tag":[642],"class_list":{"0":"post-26122","1":"product","2":"type-product","3":"status-publish","4":"has-post-thumbnail","6":"product_cat-bolas-de-natal","7":"product_tag-natal","8":"pa_ciudad-barcelona","9":"pa_motivo-panoramas","10":"pa_pais-espana","12":"first","13":"instock","14":"shipping-taxable","15":"product-type-simple"},"acf":[],"_links":{"self":[{"href":"https:\/\/olemosaic.com\/pt-pt\/wp-json\/wp\/v2\/product\/26122","targetHints":{"allow":["GET"]}}],"collection":[{"href":"https:\/\/olemosaic.com\/pt-pt\/wp-json\/wp\/v2\/product"}],"about":[{"href":"https:\/\/olemosaic.com\/pt-pt\/wp-json\/wp\/v2\/types\/product"}],"wp:featuredmedia":[{"embeddable":true,"href":"https:\/\/olemosaic.com\/pt-pt\/wp-json\/wp\/v2\/media\/10394"}],"wp:attachment":[{"href":"https:\/\/olemosaic.com\/pt-pt\/wp-json\/wp\/v2\/media?parent=26122"}],"wp:term":[{"taxonomy":"product_brand","embeddable":true,"href":"https:\/\/olemosaic.com\/pt-pt\/wp-json\/wp\/v2\/product_brand?post=26122"},{"taxonomy":"product_cat","embeddable":true,"href":"https:\/\/olemosaic.com\/pt-pt\/wp-json\/wp\/v2\/product_cat?post=26122"},{"taxonomy":"product_tag","embeddable":true,"href":"https:\/\/olemosaic.com\/pt-pt\/wp-json\/wp\/v2\/product_tag?post=26122"}],"curies":[{"name":"wp","href":"https:\/\/api.w.org\/{rel}","templated":true}]}}