{"id":26110,"date":"2025-02-20T23:28:04","date_gmt":"2025-02-20T22:28:04","guid":{"rendered":"http:\/\/olemosaic.com\/producto\/bol-de-coco-rojo-salamandra-barcelona\/"},"modified":"2025-07-25T20:29:44","modified_gmt":"2025-07-25T18:29:44","slug":"taca-de-coco-vermelha-salamandra-barcelona","status":"publish","type":"product","link":"https:\/\/olemosaic.com\/pt-pt\/produto\/taca-de-coco-vermelha-salamandra-barcelona\/","title":{"rendered":"Ta\u00e7a de coco vermelha. Salamandra. Barcelona. Vermelho e dourado"},"content":{"rendered":"<p>Ta\u00e7a de coco vermelha inspirada na salamandra, um s\u00edmbolo representativo de Barcelona. Esta atraente ta\u00e7a destaca-se pelo seu design vibrante em tons vermelhos e dourados, executado \u00e0 m\u00e3o com uma t\u00e9cnica que acentua as texturas e os detalhes do motivo da salamandra, emblema da arquitetura modernista da cidade. A decora\u00e7\u00e3o da ta\u00e7a inclui a palavra &#8220;Barcelona&#8221;, o que a torna uma recorda\u00e7\u00e3o elegante que captura a ess\u00eancia cultural da regi\u00e3o. Realizada em coco, a sua superf\u00edcie apresenta um acabamento brilhante que reflete a luz de maneira cativante, atraindo todos os olhares. Os intrincados padr\u00f5es em vermelho e dourado evocam o calor e o car\u00e1ter inovador da cidade, fazendo desta ta\u00e7a n\u00e3o apenas um objeto decorativo, mas um peda\u00e7o de hist\u00f3ria e arte. Esta ta\u00e7a de coco vermelha \u00e9 a recorda\u00e7\u00e3o perfeita para quem deseja levar para casa um fragmento da cultura catal\u00e3, ideal para qualquer lar. Na Ol\u00e9 Mosaic, como grossista de recorda\u00e7\u00f5es de Barcelona, oferecemos produtos aut\u00eanticos e de qualidade que celebram a rica heran\u00e7a cultural da regi\u00e3o, garantindo que cada cliente encontre uma recorda\u00e7\u00e3o verdadeiramente representativa.<\/p>\n","protected":false},"excerpt":{"rendered":"<p>Ta\u00e7a de coco vermelha, inspirada na salamandra, um \u00edcone barcelon\u00eas. Esta atraente ta\u00e7a destaca-se pelo seu design vibrante em tons vermelhos e dourados, pintado \u00e0 m\u00e3o com uma t\u00e9cnica que real\u00e7a as texturas e detalhes do motivo da salamandra, s\u00edmbolo da arquitetura modernista da cidade. O elemento decorativo inclui a palavra &#8220;Barcelona&#8221;, o que a torna uma recorda\u00e7\u00e3o elegante que captura a ess\u00eancia cultural da regi\u00e3o.<\/p>\n","protected":false},"featured_media":10128,"template":"","meta":{"_acf_changed":false},"product_brand":[],"product_cat":[513],"product_tag":[516],"class_list":{"0":"post-26110","1":"product","2":"type-product","3":"status-publish","4":"has-post-thumbnail","6":"product_cat-bols","7":"product_tag-animais","8":"pa_ciudad-barcelona","9":"pa_motivo-salamandras","10":"pa_pais-espana","12":"first","13":"instock","14":"shipping-taxable","15":"product-type-simple"},"acf":[],"_links":{"self":[{"href":"https:\/\/olemosaic.com\/pt-pt\/wp-json\/wp\/v2\/product\/26110","targetHints":{"allow":["GET"]}}],"collection":[{"href":"https:\/\/olemosaic.com\/pt-pt\/wp-json\/wp\/v2\/product"}],"about":[{"href":"https:\/\/olemosaic.com\/pt-pt\/wp-json\/wp\/v2\/types\/product"}],"wp:featuredmedia":[{"embeddable":true,"href":"https:\/\/olemosaic.com\/pt-pt\/wp-json\/wp\/v2\/media\/10128"}],"wp:attachment":[{"href":"https:\/\/olemosaic.com\/pt-pt\/wp-json\/wp\/v2\/media?parent=26110"}],"wp:term":[{"taxonomy":"product_brand","embeddable":true,"href":"https:\/\/olemosaic.com\/pt-pt\/wp-json\/wp\/v2\/product_brand?post=26110"},{"taxonomy":"product_cat","embeddable":true,"href":"https:\/\/olemosaic.com\/pt-pt\/wp-json\/wp\/v2\/product_cat?post=26110"},{"taxonomy":"product_tag","embeddable":true,"href":"https:\/\/olemosaic.com\/pt-pt\/wp-json\/wp\/v2\/product_tag?post=26110"}],"curies":[{"name":"wp","href":"https:\/\/api.w.org\/{rel}","templated":true}]}}