{"id":26109,"date":"2025-02-20T23:28:03","date_gmt":"2025-02-20T22:28:03","guid":{"rendered":"http:\/\/olemosaic.com\/producto\/bol-de-coco-rojo-concha-camino-de-santiago\/"},"modified":"2025-07-25T20:38:23","modified_gmt":"2025-07-25T18:38:23","slug":"taca-de-coco-vermelha-concha-caminho-de-santiago","status":"publish","type":"product","link":"https:\/\/olemosaic.com\/pt-pt\/produto\/taca-de-coco-vermelha-concha-caminho-de-santiago\/","title":{"rendered":"Ta\u00e7a de coco vermelha. Concha. Letras Caminho de Santiago."},"content":{"rendered":"<p>Ta\u00e7a de coco vermelha do Caminho de Santiago, um objeto decorativo que presta homenagem a uma das rotas de peregrina\u00e7\u00e3o mais emblem\u00e1ticas da Europa. Esta ta\u00e7a exclusiva \u00e9 elaborada com concha natural, cujo vibrante interior vermelho capta a aten\u00e7\u00e3o e confere um toque de cor a qualquer espa\u00e7o. A ic\u00f3nica concha de Santiago, representada com precis\u00e3o no seu interior, completa o design juntamente com o texto \u201cCAMINHO DE SANTIAGO\u201d em branco, criando um contraste cativante que destaca a ess\u00eancia da viagem espiritual.<\/p>\n<p>As bordas da ta\u00e7a foram acabadas com uma t\u00e9cnica artesanal que real\u00e7a a sua forma org\u00e2nica e a sua textura \u00fanica, garantindo que cada pe\u00e7a seja singular e aut\u00eantica. Esta ta\u00e7a n\u00e3o \u00e9 apenas um elemento decorativo, mas tamb\u00e9m pode servir como um recipiente excecional, ideal para pequenos objetos ou para adornar a mesa em ocasi\u00f5es especiais. Ao adquirir esta recorda\u00e7\u00e3o, os turistas levam consigo um peda\u00e7o de hist\u00f3ria e cultura, uma lembran\u00e7a da sua experi\u00eancia no Caminho de Santiago.<\/p>\n<p>Na Ol\u00e9 Mosaic, oferecemos estas recorda\u00e7\u00f5es do Caminho de Santiago por grosso, perfeitas para lojas de presentes tur\u00edsticos que procuram produtos aut\u00eanticos e de qualidade. Esta ta\u00e7a de coco vermelha \u00e9 uma escolha excelente para quem deseja recordar a sua travessia por esta hist\u00f3rica rota.<\/p>\n","protected":false},"excerpt":{"rendered":"<p>Ta\u00e7a de coco vermelha inspirada no Caminho de Santiago, fabricada com uma concha e decorada com um design muito especial. O seu interior brilhante apresenta a ic\u00f3nica concha de Santiago e o texto &#8220;CAMINHO DE SANTIAGO&#8221; em branco, real\u00e7ando-se sobre o vibrante fundo vermelho. As bordas s\u00e3o acabadas com uma t\u00e9cnica que real\u00e7a a sua forma org\u00e2nica e a textura natural, tornando-a uma recorda\u00e7\u00e3o perfeita para recordar esta hist\u00f3rica rota espiritual. Ideal para uso decorativo ou como recipiente singular.<\/p>\n","protected":false},"featured_media":11744,"template":"","meta":{"_acf_changed":false},"product_brand":[],"product_cat":[513],"product_tag":[],"class_list":{"0":"post-26109","1":"product","2":"type-product","3":"status-publish","4":"has-post-thumbnail","6":"product_cat-bols","7":"pa_ciudad-santiago","8":"pa_motivo-conchas","9":"pa_pais-espana","11":"first","12":"instock","13":"shipping-taxable","14":"product-type-simple"},"acf":[],"_links":{"self":[{"href":"https:\/\/olemosaic.com\/pt-pt\/wp-json\/wp\/v2\/product\/26109","targetHints":{"allow":["GET"]}}],"collection":[{"href":"https:\/\/olemosaic.com\/pt-pt\/wp-json\/wp\/v2\/product"}],"about":[{"href":"https:\/\/olemosaic.com\/pt-pt\/wp-json\/wp\/v2\/types\/product"}],"wp:featuredmedia":[{"embeddable":true,"href":"https:\/\/olemosaic.com\/pt-pt\/wp-json\/wp\/v2\/media\/11744"}],"wp:attachment":[{"href":"https:\/\/olemosaic.com\/pt-pt\/wp-json\/wp\/v2\/media?parent=26109"}],"wp:term":[{"taxonomy":"product_brand","embeddable":true,"href":"https:\/\/olemosaic.com\/pt-pt\/wp-json\/wp\/v2\/product_brand?post=26109"},{"taxonomy":"product_cat","embeddable":true,"href":"https:\/\/olemosaic.com\/pt-pt\/wp-json\/wp\/v2\/product_cat?post=26109"},{"taxonomy":"product_tag","embeddable":true,"href":"https:\/\/olemosaic.com\/pt-pt\/wp-json\/wp\/v2\/product_tag?post=26109"}],"curies":[{"name":"wp","href":"https:\/\/api.w.org\/{rel}","templated":true}]}}