{"id":26108,"date":"2025-02-20T23:28:03","date_gmt":"2025-02-20T22:28:03","guid":{"rendered":"http:\/\/olemosaic.com\/producto\/bol-de-coco-rojo-bailaora\/"},"modified":"2025-07-25T20:18:51","modified_gmt":"2025-07-25T18:18:51","slug":"taca-de-coco-vermelha-bailarina-flamenco","status":"publish","type":"product","link":"https:\/\/olemosaic.com\/pt-pt\/produto\/taca-de-coco-vermelha-bailarina-flamenco\/","title":{"rendered":"Ta\u00e7a de coco vermelha. Bailarina de flamenco"},"content":{"rendered":"<p>Ta\u00e7a de coco vermelha decorada com uma elegante bailarina, ideal como recorda\u00e7\u00e3o representativa da cultura andaluza. Esta atraente ta\u00e7a, feita a partir da casca de coco, apresenta um design muito especial que combina um interior luminoso com manchas vermelhas que conferem um toque vibrante e contempor\u00e2neo. A delicada bailarina, com efeito pintado \u00e0 m\u00e3o, captura a ess\u00eancia do flamenco, mostrando a sua gra\u00e7a e a energia da arte em movimento. Esta pe\u00e7a n\u00e3o \u00e9 apenas funcional, mas tamb\u00e9m uma obra de arte que reflete a rica tradi\u00e7\u00e3o cultural da Andaluzia.<\/p>\n<p>O contraste entre o interior claro e as exuberantes manchas vermelhas converte esta ta\u00e7a num ponto focal em qualquer ambiente, seja como elemento decorativo numa mesa ou como presente original de Espanha. O seu design singular e o trabalho artesanal por tr\u00e1s de cada pe\u00e7a tornam-na uma recorda\u00e7\u00e3o excecional que convida a levar um peda\u00e7o da cultura espanhola. Na Ol\u00e9 Mosaic, distribu\u00edmos recorda\u00e7\u00f5es aut\u00eanticas e de qualidade por grosso, como esta ta\u00e7a de coco vermelha, perfeita para lojas de presentes tur\u00edsticos que procuram oferecer produtos que celebrem a heran\u00e7a andaluza. Esta ta\u00e7a n\u00e3o \u00e9 apenas uma recorda\u00e7\u00e3o; \u00e9 uma homenagem \u00e0 paix\u00e3o do flamenco e um s\u00edmbolo da rica cultura da Andaluzia.<\/p>\n","protected":false},"excerpt":{"rendered":"<p>Ta\u00e7a de coco vermelha decorada com uma elegante bailarina, ideal como recorda\u00e7\u00e3o representativa da cultura andaluza. Esta ta\u00e7a apresenta um design \u00fanico que combina um interior em tons claros com manchas vermelhas distintivas, criando um contraste atraente. A bailarina aparenta estar pintada \u00e0 m\u00e3o, capturando a ess\u00eancia do flamenco e o vibrante movimento da sua dan\u00e7a. Perfeita para decorar ou como um presente original de Espanha.<\/p>\n","protected":false},"featured_media":11962,"template":"","meta":{"_acf_changed":false},"product_brand":[],"product_cat":[513],"product_tag":[],"class_list":{"0":"post-26108","1":"product","2":"type-product","3":"status-publish","4":"has-post-thumbnail","6":"product_cat-bols","7":"pa_motivo-dancarinos","9":"first","10":"instock","11":"shipping-taxable","12":"product-type-simple"},"acf":[],"_links":{"self":[{"href":"https:\/\/olemosaic.com\/pt-pt\/wp-json\/wp\/v2\/product\/26108","targetHints":{"allow":["GET"]}}],"collection":[{"href":"https:\/\/olemosaic.com\/pt-pt\/wp-json\/wp\/v2\/product"}],"about":[{"href":"https:\/\/olemosaic.com\/pt-pt\/wp-json\/wp\/v2\/types\/product"}],"wp:featuredmedia":[{"embeddable":true,"href":"https:\/\/olemosaic.com\/pt-pt\/wp-json\/wp\/v2\/media\/11962"}],"wp:attachment":[{"href":"https:\/\/olemosaic.com\/pt-pt\/wp-json\/wp\/v2\/media?parent=26108"}],"wp:term":[{"taxonomy":"product_brand","embeddable":true,"href":"https:\/\/olemosaic.com\/pt-pt\/wp-json\/wp\/v2\/product_brand?post=26108"},{"taxonomy":"product_cat","embeddable":true,"href":"https:\/\/olemosaic.com\/pt-pt\/wp-json\/wp\/v2\/product_cat?post=26108"},{"taxonomy":"product_tag","embeddable":true,"href":"https:\/\/olemosaic.com\/pt-pt\/wp-json\/wp\/v2\/product_tag?post=26108"}],"curies":[{"name":"wp","href":"https:\/\/api.w.org\/{rel}","templated":true}]}}