{"id":26105,"date":"2025-02-20T23:28:03","date_gmt":"2025-02-20T22:28:03","guid":{"rendered":"http:\/\/olemosaic.com\/producto\/bol-de-coco-rojo-tortuga-gran-canaria\/"},"modified":"2025-07-25T18:49:51","modified_gmt":"2025-07-25T16:49:51","slug":"taca-de-coco-vermelha-tartaruga-gran-canaria","status":"publish","type":"product","link":"https:\/\/olemosaic.com\/pt-pt\/produto\/taca-de-coco-vermelha-tartaruga-gran-canaria\/","title":{"rendered":"Ta\u00e7a de coco vermelha. Tartaruga. Ilha de Gran Canaria."},"content":{"rendered":"<p>Ta\u00e7a de coco vermelha com design de tartaruga, uma encantadora recorda\u00e7\u00e3o de Gran Canaria que capta a ess\u00eancia \u00fanica das Ilhas Can\u00e1rias. Esta maravilhosa ta\u00e7a, elaborada de forma artesanal, apresenta uma cor vermelha vibrante com um acabamento brilhante, real\u00e7ado por delicados veios dourados que adicionam um toque de sofistica\u00e7\u00e3o. No centro, uma requintada tartaruga em relevo evoca a rica vida marinha da regi\u00e3o, e a inscri\u00e7\u00e3o &#8220;Gran Canaria&#8221; numa placa prateada refor\u00e7a a sua autenticidade como recorda\u00e7\u00e3o da ilha.<\/p>\n<p>A textura natural do coco, al\u00e9m do seu apelo r\u00fastico, torna esta ta\u00e7a uma pe\u00e7a vers\u00e1til, perfeita tanto para adornar qualquer espa\u00e7o como para usar diariamente \u00e0 mesa. O seu design muito especial funde a arte tradicional com uma est\u00e9tica moderna, tornando-a um artigo de decora\u00e7\u00e3o ideal para quem deseja levar um pedacinho de Gran Canaria para as suas casas. Esta ta\u00e7a de coco n\u00e3o \u00e9 apenas uma bonita recorda\u00e7\u00e3o, mas tamb\u00e9m um testemunho da rica heran\u00e7a cultural e artesanal das Ilhas, ideal para turistas em busca de recorda\u00e7\u00f5es aut\u00eanticas.<\/p>\n<p>Na Ol\u00e9 Mosaic, orgulhamo-nos de oferecer produtos de qualidade por grosso, perfeitos para lojas de presentes tur\u00edsticos que desejam surpreender os seus clientes com recorda\u00e7\u00f5es de Gran Canaria que reflitam o encanto e a tradi\u00e7\u00e3o insular.<\/p>\n","protected":false},"excerpt":{"rendered":"<p>Ta\u00e7a de coco vermelha com design de tartaruga, e representativa de Gran Canaria. Esta singular ta\u00e7a apresenta um acabamento brilhante em tons vermelhos e dourados, decorada com uma delicada tartaruga em relevo e a inscri\u00e7\u00e3o &#8220;Gran Canaria&#8221;. A textura caracter\u00edstica do coco confere-lhe um toque natural e r\u00fastico, tornando-a uma atraente recorda\u00e7\u00e3o que capta a ess\u00eancia das ilhas Can\u00e1rias. Ideal como elemento decorativo ou para uso quotidiano.<\/p>\n","protected":false},"featured_media":10160,"template":"","meta":{"_acf_changed":false},"product_brand":[],"product_cat":[513],"product_tag":[516],"class_list":{"0":"post-26105","1":"product","2":"type-product","3":"status-publish","4":"has-post-thumbnail","6":"product_cat-bols","7":"product_tag-animais","8":"pa_ciudad-gran-canaria","9":"pa_motivo-tartarugas","10":"pa_pais-espana","12":"first","13":"instock","14":"shipping-taxable","15":"product-type-simple"},"acf":[],"_links":{"self":[{"href":"https:\/\/olemosaic.com\/pt-pt\/wp-json\/wp\/v2\/product\/26105","targetHints":{"allow":["GET"]}}],"collection":[{"href":"https:\/\/olemosaic.com\/pt-pt\/wp-json\/wp\/v2\/product"}],"about":[{"href":"https:\/\/olemosaic.com\/pt-pt\/wp-json\/wp\/v2\/types\/product"}],"wp:featuredmedia":[{"embeddable":true,"href":"https:\/\/olemosaic.com\/pt-pt\/wp-json\/wp\/v2\/media\/10160"}],"wp:attachment":[{"href":"https:\/\/olemosaic.com\/pt-pt\/wp-json\/wp\/v2\/media?parent=26105"}],"wp:term":[{"taxonomy":"product_brand","embeddable":true,"href":"https:\/\/olemosaic.com\/pt-pt\/wp-json\/wp\/v2\/product_brand?post=26105"},{"taxonomy":"product_cat","embeddable":true,"href":"https:\/\/olemosaic.com\/pt-pt\/wp-json\/wp\/v2\/product_cat?post=26105"},{"taxonomy":"product_tag","embeddable":true,"href":"https:\/\/olemosaic.com\/pt-pt\/wp-json\/wp\/v2\/product_tag?post=26105"}],"curies":[{"name":"wp","href":"https:\/\/api.w.org\/{rel}","templated":true}]}}