{"id":26103,"date":"2025-02-20T23:28:03","date_gmt":"2025-02-20T22:28:03","guid":{"rendered":"http:\/\/olemosaic.com\/producto\/bol-de-coco-naranja-tenerife\/"},"modified":"2025-07-25T20:20:42","modified_gmt":"2025-07-25T18:20:42","slug":"taca-de-coco-laranja-tenerife","status":"publish","type":"product","link":"https:\/\/olemosaic.com\/pt-pt\/produto\/taca-de-coco-laranja-tenerife\/","title":{"rendered":"Ta\u00e7a de coco laranja. Tenerife."},"content":{"rendered":"<p>Ta\u00e7a de coco laranja de Tenerife. Esta vibrante ta\u00e7a, feita de coco reciclado, \u00e9 um complemento decorativo ideal que tamb\u00e9m pode ser usado na cozinha. O seu exterior apresenta uma cor laranja radiante que chama a aten\u00e7\u00e3o, enquanto o seu interior est\u00e1 elegantemente decorado com uma imagem gravada da silhueta da ilha de Tenerife, adicionando um elemento cultural aut\u00eantico. A superf\u00edcie da ta\u00e7a mostra uma textura distintiva em forma de rede, o que lhe confere um apelo visual e real\u00e7a a sua singularidade.<\/p>\n<p>Esta ta\u00e7a de coco n\u00e3o \u00e9 apenas um artigo pr\u00e1tico para servir aperitivos ou apresenta\u00e7\u00f5es culin\u00e1rias, mas tamb\u00e9m constitui uma excelente recorda\u00e7\u00e3o que evoca a beleza e a natureza das Ilhas Can\u00e1rias. Ao comprar este produto, os turistas podem sentir que levam um peda\u00e7o de Tenerife, conhecida pelas suas paisagens vulc\u00e2nicas e pelo seu clima ensolarado. Na Ol\u00e9 Mosaic, especializamo-nos na distribui\u00e7\u00e3o de recorda\u00e7\u00f5es por grosso, e esta ta\u00e7a \u00e9 uma excelente op\u00e7\u00e3o para lojas de presentes que procuram oferecer pe\u00e7as aut\u00eanticas e representativas da cultura can\u00e1ria. Assim, cada cliente que adquira esta ta\u00e7a de coco laranja n\u00e3o estar\u00e1 apenas a escolher um artigo funcional, mas tamb\u00e9m uma recorda\u00e7\u00e3o que celebra a riqueza cultural e natural de Tenerife.<\/p>\n","protected":false},"excerpt":{"rendered":"<p>Ta\u00e7a de coco de cor laranja vibrante, proveniente de Tenerife, ideal para decora\u00e7\u00e3o ou como utens\u00edlio de cozinha. Esta preciosa ta\u00e7a apresenta um design muito especial com uma textura em forma de rede que real\u00e7a a sua cor brilhante. No seu interior est\u00e1 gravada a silhueta da ilha de Tenerife, o que lhe confere um toque cultural e \u00fanico. Perfeita para quem quer levar um peda\u00e7o das Ilhas Can\u00e1rias para casa.<\/p>\n","protected":false},"featured_media":10106,"template":"","meta":{"_acf_changed":false},"product_brand":[],"product_cat":[513],"product_tag":[],"class_list":{"0":"post-26103","1":"product","2":"type-product","3":"status-publish","4":"has-post-thumbnail","6":"product_cat-bols","7":"pa_ciudad-tenerife","8":"pa_pais-espana","10":"first","11":"instock","12":"shipping-taxable","13":"product-type-simple"},"acf":[],"_links":{"self":[{"href":"https:\/\/olemosaic.com\/pt-pt\/wp-json\/wp\/v2\/product\/26103","targetHints":{"allow":["GET"]}}],"collection":[{"href":"https:\/\/olemosaic.com\/pt-pt\/wp-json\/wp\/v2\/product"}],"about":[{"href":"https:\/\/olemosaic.com\/pt-pt\/wp-json\/wp\/v2\/types\/product"}],"wp:featuredmedia":[{"embeddable":true,"href":"https:\/\/olemosaic.com\/pt-pt\/wp-json\/wp\/v2\/media\/10106"}],"wp:attachment":[{"href":"https:\/\/olemosaic.com\/pt-pt\/wp-json\/wp\/v2\/media?parent=26103"}],"wp:term":[{"taxonomy":"product_brand","embeddable":true,"href":"https:\/\/olemosaic.com\/pt-pt\/wp-json\/wp\/v2\/product_brand?post=26103"},{"taxonomy":"product_cat","embeddable":true,"href":"https:\/\/olemosaic.com\/pt-pt\/wp-json\/wp\/v2\/product_cat?post=26103"},{"taxonomy":"product_tag","embeddable":true,"href":"https:\/\/olemosaic.com\/pt-pt\/wp-json\/wp\/v2\/product_tag?post=26103"}],"curies":[{"name":"wp","href":"https:\/\/api.w.org\/{rel}","templated":true}]}}