{"id":26101,"date":"2025-02-20T23:28:02","date_gmt":"2025-02-20T22:28:02","guid":{"rendered":"http:\/\/olemosaic.com\/producto\/bol-de-coco-marron-delfin-barcelona\/"},"modified":"2025-07-25T18:39:15","modified_gmt":"2025-07-25T16:39:15","slug":"taca-de-coco-castanha-golfinho-barcelona","status":"publish","type":"product","link":"https:\/\/olemosaic.com\/pt-pt\/produto\/taca-de-coco-castanha-golfinho-barcelona\/","title":{"rendered":"Ta\u00e7a de coco castanha. Golfinho. Barcelona. Detalhes dourados"},"content":{"rendered":"<p>Ta\u00e7a de coco castanha decorativa, inspirada na fauna marinha de Barcelona. Esta elegante ta\u00e7a destaca-se pelo seu design exclusivo, com um encantador desenho de golfinhos no centro, real\u00e7ado por subtis detalhes dourados que contrastam com o acabamento castanho do coco. A t\u00e9cnica de fabrico artesanal garante que cada pe\u00e7a seja \u00fanica, refletindo a dedica\u00e7\u00e3o e a arte dos artes\u00e3os locais. Os golfinhos, s\u00edmbolos da riqueza marinha da costa catal\u00e3, evocam a alegria e a vitalidade de Barcelona, convertendo esta ta\u00e7a numa recorda\u00e7\u00e3o representativa da cultura mar\u00edtima da cidade.<\/p>\n<p>Com um tamanho ideal para decorar qualquer casa, esta ta\u00e7a de coco castanha \u00e9 perfeita para mesas e prateleiras, conferindo um toque de sofistica\u00e7\u00e3o e autenticidade a qualquer espa\u00e7o. Elaborada com uma abordagem sustent\u00e1vel, este artigo artesanal n\u00e3o s\u00f3 \u00e9 uma excelente recorda\u00e7\u00e3o de Barcelona, como tamb\u00e9m sublinha a import\u00e2ncia cultural e ecol\u00f3gica do artesanato local.<\/p>\n<p>Na Ol\u00e9 Mosaic, especializamo-nos na distribui\u00e7\u00e3o de recorda\u00e7\u00f5es por grosso que captam a ess\u00eancia de cada regi\u00e3o, e esta ta\u00e7a de coco \u00e9 uma fant\u00e1stica op\u00e7\u00e3o para lojas de presentes tur\u00edsticos que procuram oferecer aos seus clientes produtos de qualidade, aut\u00eanticos e cheios de significado. Com esta ta\u00e7a, cada cliente pode levar um peda\u00e7o da vibrante cultura barcelonesa para casa.<\/p>\n","protected":false},"excerpt":{"rendered":"<p>Ta\u00e7a decorativa de coco castanha, inspirada na fauna marinha de Barcelona. Esta elegante ta\u00e7a apresenta um design \u00fanico de golfinhos no centro, real\u00e7ados com detalhes dourados que contrastam com o acabamento castanho do coco. A sua t\u00e9cnica de fabrico inclui um cuidadoso design artesanal, pintado \u00e0 m\u00e3o, o que lhe confere um aspeto artesanal e distintivo. Ideal para adornar qualquer espa\u00e7o, esta ta\u00e7a \u00e9 uma recorda\u00e7\u00e3o encantadora da vibrante cultura da cidade.<\/p>\n","protected":false},"featured_media":10154,"template":"","meta":{"_acf_changed":false},"product_brand":[],"product_cat":[513],"product_tag":[516],"class_list":{"0":"post-26101","1":"product","2":"type-product","3":"status-publish","4":"has-post-thumbnail","6":"product_cat-bols","7":"product_tag-animais","8":"pa_ciudad-barcelona","9":"pa_motivo-golfinhos","10":"pa_pais-espana","12":"first","13":"instock","14":"shipping-taxable","15":"product-type-simple"},"acf":[],"_links":{"self":[{"href":"https:\/\/olemosaic.com\/pt-pt\/wp-json\/wp\/v2\/product\/26101","targetHints":{"allow":["GET"]}}],"collection":[{"href":"https:\/\/olemosaic.com\/pt-pt\/wp-json\/wp\/v2\/product"}],"about":[{"href":"https:\/\/olemosaic.com\/pt-pt\/wp-json\/wp\/v2\/types\/product"}],"wp:featuredmedia":[{"embeddable":true,"href":"https:\/\/olemosaic.com\/pt-pt\/wp-json\/wp\/v2\/media\/10154"}],"wp:attachment":[{"href":"https:\/\/olemosaic.com\/pt-pt\/wp-json\/wp\/v2\/media?parent=26101"}],"wp:term":[{"taxonomy":"product_brand","embeddable":true,"href":"https:\/\/olemosaic.com\/pt-pt\/wp-json\/wp\/v2\/product_brand?post=26101"},{"taxonomy":"product_cat","embeddable":true,"href":"https:\/\/olemosaic.com\/pt-pt\/wp-json\/wp\/v2\/product_cat?post=26101"},{"taxonomy":"product_tag","embeddable":true,"href":"https:\/\/olemosaic.com\/pt-pt\/wp-json\/wp\/v2\/product_tag?post=26101"}],"curies":[{"name":"wp","href":"https:\/\/api.w.org\/{rel}","templated":true}]}}