{"id":26090,"date":"2025-02-20T23:28:02","date_gmt":"2025-02-20T22:28:02","guid":{"rendered":"http:\/\/olemosaic.com\/producto\/bol-de-coco-marron-ibiscus\/"},"modified":"2025-07-25T19:43:37","modified_gmt":"2025-07-25T17:43:37","slug":"taca-de-coco-castanho-hibisco","status":"publish","type":"product","link":"https:\/\/olemosaic.com\/pt-pt\/produto\/taca-de-coco-castanho-hibisco\/","title":{"rendered":"Ta\u00e7a de coco castanho. Hibisco. Mosaico de conchas."},"content":{"rendered":"<p>Ta\u00e7a de coco castanho decorada com um elegante design de hibisco. Este produto artesanal, uma pe\u00e7a \u00fanica que se enquadrar\u00e1 em qualquer casa, exibe um acabamento em mosaico de conchas que combina tons castanhos e beges, criando uma paleta harmoniosa que evoca as quentes praias tropicais. No centro da ta\u00e7a, destaca-se um sofisticado hibisco pintado, s\u00edmbolo de eleg\u00e2ncia e beleza natural, que se complementa na perfei\u00e7\u00e3o com o fundo de conchas, conferindo um toque art\u00edstico e vibrante. A t\u00e9cnica de elabora\u00e7\u00e3o manual garante que cada pe\u00e7a tenha um car\u00e1ter distintivo, tornando esta ta\u00e7a um souvenir aut\u00eantico que captura a ess\u00eancia da cultura tropical. Ideal como centro de mesa, esta ta\u00e7a n\u00e3o \u00e9 apenas funcional, mas tamb\u00e9m um objeto decorativo que pode real\u00e7ar o ambiente bo\u00e9mio de qualquer espa\u00e7o. Na Ol\u00e9 Mosaic, como grossistas de souvenirs artesanais, oferecemos esta pe\u00e7a que representa a arte local e a tradi\u00e7\u00e3o, perfeita para lojas de presentes tur\u00edsticos que procuram proporcionar aos seus clientes produtos de qualidade e relev\u00e2ncia cultural. Esta ta\u00e7a de coco castanho decorada \u00e9, sem d\u00favida, uma excelente op\u00e7\u00e3o para quem procura recorda\u00e7\u00f5es aut\u00eanticas e representativas.<\/p>\n","protected":false},"excerpt":{"rendered":"<p>Ta\u00e7a de coco castanho decorada com um elegante design de hibisco, ideal para dar um toque art\u00edstico a qualquer espa\u00e7o. Este produto artesanal apresenta um acabamento em mosaico de conchas que reflete uma paleta de cores quentes, combinando tons castanhos e bege. A t\u00e9cnica de elabora\u00e7\u00e3o manual confere-lhe um car\u00e1ter \u00fanico, com o hibisco pintado a destacar-se no centro e a evocar a ess\u00eancia tropical. Perfeito como centro de mesa ou para criar um ambiente bo\u00e9mio.<\/p>\n","protected":false},"featured_media":13481,"template":"","meta":{"_acf_changed":false},"product_brand":[],"product_cat":[513],"product_tag":[],"class_list":{"0":"post-26090","1":"product","2":"type-product","3":"status-publish","4":"has-post-thumbnail","6":"product_cat-bols","7":"pa_motivo-hibisco","9":"first","10":"instock","11":"shipping-taxable","12":"product-type-simple"},"acf":[],"_links":{"self":[{"href":"https:\/\/olemosaic.com\/pt-pt\/wp-json\/wp\/v2\/product\/26090","targetHints":{"allow":["GET"]}}],"collection":[{"href":"https:\/\/olemosaic.com\/pt-pt\/wp-json\/wp\/v2\/product"}],"about":[{"href":"https:\/\/olemosaic.com\/pt-pt\/wp-json\/wp\/v2\/types\/product"}],"wp:featuredmedia":[{"embeddable":true,"href":"https:\/\/olemosaic.com\/pt-pt\/wp-json\/wp\/v2\/media\/13481"}],"wp:attachment":[{"href":"https:\/\/olemosaic.com\/pt-pt\/wp-json\/wp\/v2\/media?parent=26090"}],"wp:term":[{"taxonomy":"product_brand","embeddable":true,"href":"https:\/\/olemosaic.com\/pt-pt\/wp-json\/wp\/v2\/product_brand?post=26090"},{"taxonomy":"product_cat","embeddable":true,"href":"https:\/\/olemosaic.com\/pt-pt\/wp-json\/wp\/v2\/product_cat?post=26090"},{"taxonomy":"product_tag","embeddable":true,"href":"https:\/\/olemosaic.com\/pt-pt\/wp-json\/wp\/v2\/product_tag?post=26090"}],"curies":[{"name":"wp","href":"https:\/\/api.w.org\/{rel}","templated":true}]}}