{"id":26086,"date":"2025-02-20T22:28:02","date_gmt":"2025-02-20T22:28:02","guid":{"rendered":"http:\/\/olemosaic.com\/producto\/bol-de-coco-fucsia-camello-lanzarote\/"},"modified":"2025-07-25T20:32:59","modified_gmt":"2025-07-25T18:32:59","slug":"taca-de-coco-fucsia-camelo-lanzarote","status":"publish","type":"product","link":"https:\/\/olemosaic.com\/pt-pt\/produto\/taca-de-coco-fucsia-camelo-lanzarote\/","title":{"rendered":"Ta\u00e7a de coco f\u00facsia. Camelo. Lanzarote."},"content":{"rendered":"<p>Ta\u00e7a de coco f\u00facsia com design de camelo de Lanzarote<\/p>\n<p>Esta impressionante ta\u00e7a de coco f\u00facsia \u00e9 uma aut\u00eantica joia artesanal que captura a ess\u00eancia vibrante de Lanzarote. O seu design destaca-se por um belo e detalhado motivo de camelos, evocando a rica hist\u00f3ria cultural e natural da ilha. Com um acabamento em tons f\u00facsia, a ta\u00e7a n\u00e3o s\u00f3 resulta visualmente apelativa, como tamb\u00e9m combina a delicadeza do coco com uma t\u00e9cnica de mosaico que acentua os seus contornos suaves. Cada pe\u00e7a \u00e9 \u00fanica, o que lhe confere um toque pessoal e artesanal que a torna ideal tanto como elemento decorativo como funcional.<\/p>\n<p>Al\u00e9m de ser um objeto esteticamente atraente, esta ta\u00e7a representa a paisagem vulc\u00e2nica e a heran\u00e7a cultural de Lanzarote, onde o camelo tem sido um s\u00edmbolo hist\u00f3rico da vida na ilha. N\u00e3o serve apenas como uma recorda\u00e7\u00e3o tang\u00edvel da beleza de Lanzarote, mas tamb\u00e9m atua como um excelente souvenir que turistas e visitantes apreciar\u00e3o pela sua autenticidade e liga\u00e7\u00e3o com a regi\u00e3o.<\/p>\n<p>Na Ol\u00e9 Mosaic somos especialistas na distribui\u00e7\u00e3o de souvenirs por grosso, oferecendo produtos como esta ta\u00e7a de coco que se destacam pelo seu design exclusivo e pela sua relev\u00e2ncia cultural. \u00c9 uma op\u00e7\u00e3o excecional para lojas de presentes tur\u00edsticos que procuram souvenirs de Lanzarote que verdadeiramente representem a magia e singularidade da ilha.<\/p>\n","protected":false},"excerpt":{"rendered":"<p>Ta\u00e7a de coco f\u00facsia decorada com um vibrante design de camelos, que representa a ess\u00eancia de Lanzarote. Esta elegante ta\u00e7a combina a delicadeza do coco com um acabamento f\u00facsia, criando um chamativo efeito visual. Os seus contornos suaves e o design com t\u00e9cnica de mosaico conferem-lhe um toque artesanal. Ideal como pe\u00e7a decorativa ou funcional, captura o esp\u00edrito da paisagem vulc\u00e2nica da ilha.<\/p>\n","protected":false},"featured_media":12003,"template":"","meta":{"_acf_changed":false},"product_brand":[],"product_cat":[513],"product_tag":[516],"class_list":{"0":"post-26086","1":"product","2":"type-product","3":"status-publish","4":"has-post-thumbnail","6":"product_cat-bols","7":"product_tag-animais","8":"pa_ciudad-lanzarote","9":"pa_motivo-camelos","10":"pa_pais-espana","12":"first","13":"instock","14":"shipping-taxable","15":"product-type-simple"},"acf":[],"_links":{"self":[{"href":"https:\/\/olemosaic.com\/pt-pt\/wp-json\/wp\/v2\/product\/26086","targetHints":{"allow":["GET"]}}],"collection":[{"href":"https:\/\/olemosaic.com\/pt-pt\/wp-json\/wp\/v2\/product"}],"about":[{"href":"https:\/\/olemosaic.com\/pt-pt\/wp-json\/wp\/v2\/types\/product"}],"wp:featuredmedia":[{"embeddable":true,"href":"https:\/\/olemosaic.com\/pt-pt\/wp-json\/wp\/v2\/media\/12003"}],"wp:attachment":[{"href":"https:\/\/olemosaic.com\/pt-pt\/wp-json\/wp\/v2\/media?parent=26086"}],"wp:term":[{"taxonomy":"product_brand","embeddable":true,"href":"https:\/\/olemosaic.com\/pt-pt\/wp-json\/wp\/v2\/product_brand?post=26086"},{"taxonomy":"product_cat","embeddable":true,"href":"https:\/\/olemosaic.com\/pt-pt\/wp-json\/wp\/v2\/product_cat?post=26086"},{"taxonomy":"product_tag","embeddable":true,"href":"https:\/\/olemosaic.com\/pt-pt\/wp-json\/wp\/v2\/product_tag?post=26086"}],"curies":[{"name":"wp","href":"https:\/\/api.w.org\/{rel}","templated":true}]}}