{"id":26053,"date":"2025-02-20T22:28:01","date_gmt":"2025-02-20T22:28:01","guid":{"rendered":"http:\/\/olemosaic.com\/producto\/bol-de-coco-naranja-delfin-menorca\/"},"modified":"2025-07-25T19:21:03","modified_gmt":"2025-07-25T17:21:03","slug":"taca-de-coco-laranja-golfinho-menorca","status":"publish","type":"product","link":"https:\/\/olemosaic.com\/pt-pt\/produto\/taca-de-coco-laranja-golfinho-menorca\/","title":{"rendered":"Ta\u00e7a de coco laranja. Golfinho. Menorca."},"content":{"rendered":"<p>Ta\u00e7a de coco decorativa de Menorca, com um design atraente em tons de azul que evocam a beleza das \u00e1guas cristalinas do Mediterr\u00e2neo. Esta requintada ta\u00e7a apresenta um desenho elegante de um golfinho, s\u00edmbolo da fauna marinha da regi\u00e3o, emoldurado por um detalhe decorativo de mosaico que refor\u00e7a a sua est\u00e9tica artesanal. Com o nome &#8220;MENORCA&#8221; impresso na frente, esta pe\u00e7a destaca-se tanto pela sua funcionalidade, ideal para servir pequenos aperitivos ou como elemento decorativo, como pela sua autenticidade como recorda\u00e7\u00e3o representativa da ilha. A sua forma ovalada e o seu acabamento artesanal real\u00e7am a beleza natural do material, tornando-a um complemento ideal para qualquer casa que procure um toque do encanto mediterr\u00e2nico. Esta ta\u00e7a de coco n\u00e3o \u00e9 apenas um objeto decorativo, mas tamb\u00e9m tem uma liga\u00e7\u00e3o cultural significativa, pois reflete a rica tradi\u00e7\u00e3o artesanal de Menorca e o amor pela natureza que caracteriza os seus habitantes. Na Ol\u00e9 Mosaic, como grossista de recorda\u00e7\u00f5es, oferecemos esta ta\u00e7a de coco como uma excelente op\u00e7\u00e3o para lojas de presentes tur\u00edsticos que procuram produtos \u00fanicos e de qualidade, perfeitos para os turistas que desejam levar consigo um peda\u00e7o de Menorca.<\/p>\n","protected":false},"excerpt":{"rendered":"<p>Ta\u00e7a de coco com um design atraente em tons de azul que representa um golfinho, evocando as \u00e1guas cristalinas de Menorca. Este artigo, com um detalhe decorativo de mosaico e o nome &#8220;MENORCA&#8221; impresso, \u00e9 ideal como elemento decorativo ou para servir pequenos aperitivos. A sua forma ovalada e o seu acabamento artesanal real\u00e7am a beleza natural do material, conferindo um toque de encanto mediterr\u00e2nico a qualquer casa.<\/p>\n","protected":false},"featured_media":11947,"template":"","meta":{"_acf_changed":false},"product_brand":[],"product_cat":[513],"product_tag":[516],"class_list":{"0":"post-26053","1":"product","2":"type-product","3":"status-publish","4":"has-post-thumbnail","6":"product_cat-bols","7":"product_tag-animais","8":"pa_ciudad-menorca","9":"pa_motivo-golfinhos","10":"pa_pais-espana","12":"first","13":"instock","14":"shipping-taxable","15":"product-type-simple"},"acf":[],"_links":{"self":[{"href":"https:\/\/olemosaic.com\/pt-pt\/wp-json\/wp\/v2\/product\/26053","targetHints":{"allow":["GET"]}}],"collection":[{"href":"https:\/\/olemosaic.com\/pt-pt\/wp-json\/wp\/v2\/product"}],"about":[{"href":"https:\/\/olemosaic.com\/pt-pt\/wp-json\/wp\/v2\/types\/product"}],"wp:featuredmedia":[{"embeddable":true,"href":"https:\/\/olemosaic.com\/pt-pt\/wp-json\/wp\/v2\/media\/11947"}],"wp:attachment":[{"href":"https:\/\/olemosaic.com\/pt-pt\/wp-json\/wp\/v2\/media?parent=26053"}],"wp:term":[{"taxonomy":"product_brand","embeddable":true,"href":"https:\/\/olemosaic.com\/pt-pt\/wp-json\/wp\/v2\/product_brand?post=26053"},{"taxonomy":"product_cat","embeddable":true,"href":"https:\/\/olemosaic.com\/pt-pt\/wp-json\/wp\/v2\/product_cat?post=26053"},{"taxonomy":"product_tag","embeddable":true,"href":"https:\/\/olemosaic.com\/pt-pt\/wp-json\/wp\/v2\/product_tag?post=26053"}],"curies":[{"name":"wp","href":"https:\/\/api.w.org\/{rel}","templated":true}]}}