{"id":26052,"date":"2025-02-20T23:28:01","date_gmt":"2025-02-20T22:28:01","guid":{"rendered":"http:\/\/olemosaic.com\/producto\/bol-de-coco-naranja-delfin-gran-canaria\/"},"modified":"2025-07-25T18:48:06","modified_gmt":"2025-07-25T16:48:06","slug":"taca-de-coco-laranja-golfinho-gran-canaria","status":"publish","type":"product","link":"https:\/\/olemosaic.com\/pt-pt\/produto\/taca-de-coco-laranja-golfinho-gran-canaria\/","title":{"rendered":"Ta\u00e7a de coco laranja. Golfinho. Gran Canaria."},"content":{"rendered":"<p>Ta\u00e7a de coco decorativa de Gran Canaria, pintada \u00e0 m\u00e3o em vibrantes tons alaranjados e adornada com uma bela ilustra\u00e7\u00e3o de dois golfinhos, s\u00edmbolos da riqueza marinha do arquip\u00e9lago can\u00e1rio. Esta ta\u00e7a, meticulosamente elaborada a partir da casca de coco, destaca-se pela sua textura org\u00e2nica e pelo seu design \u00fanico, que captura a ess\u00eancia do ambiente mar\u00edtimo de Gran Canaria. Os golfinhos, representados em tons suaves de azul e cinzento, parecem dan\u00e7ar na superf\u00edcie da ta\u00e7a, evocando a alegria e a liberdade do oceano.<\/p>\n<p>Al\u00e9m disso, na base da ta\u00e7a encontra-se um delicado detalhe em n\u00e1car que acrescenta um toque de eleg\u00e2ncia e autenticidade \u00e0 pe\u00e7a, tornando-a um artigo decorativo ideal tanto para a casa como para quem deseja uma recorda\u00e7\u00e3o especial da sua visita a este belo destino. A combina\u00e7\u00e3o do seu acabamento artesanal e do simbolismo dos golfinhos torna-a um presente significativo, perfeito para quem procura recorda\u00e7\u00f5es representativas de Gran Canaria.<\/p>\n<p>Na Ol\u00e9 Mosaic, oferecemos produtos aut\u00eanticos e de qualidade por grosso, assegurando que cada recorda\u00e7\u00e3o, como esta ta\u00e7a de coco, n\u00e3o seja apenas um presente, mas uma representa\u00e7\u00e3o cultural significativa da rica heran\u00e7a das Ilhas Can\u00e1rias. Este artigo \u00e9 uma op\u00e7\u00e3o excelente para lojas de presentes tur\u00edsticos que desejam atrair os visitantes com recorda\u00e7\u00f5es aut\u00eanticas e evocativas.<\/p>\n","protected":false},"excerpt":{"rendered":"<p>Ta\u00e7a de coco alaranjada, decorada com uma ilustra\u00e7\u00e3o de dois golfinhos que evocam a beleza marinha de Gran Canaria. Esta preciosa ta\u00e7a, feita a partir da casca de coco, apresenta uma t\u00e9cnica de design artesanal, pintada \u00e0 m\u00e3o, que real\u00e7a a sua textura \u00fanica e os seus tons alaranjados quentes. Na base, um detalhe nacarado captura a ess\u00eancia do arquip\u00e9lago can\u00e1rio, tornando-a um objeto decorativo ideal para qualquer casa ou como recorda\u00e7\u00e3o.<\/p>\n","protected":false},"featured_media":10149,"template":"","meta":{"_acf_changed":false},"product_brand":[],"product_cat":[513],"product_tag":[516],"class_list":{"0":"post-26052","1":"product","2":"type-product","3":"status-publish","4":"has-post-thumbnail","6":"product_cat-bols","7":"product_tag-animais","8":"pa_ciudad-gran-canaria","9":"pa_motivo-golfinhos","10":"pa_pais-espana","12":"first","13":"instock","14":"shipping-taxable","15":"product-type-simple"},"acf":[],"_links":{"self":[{"href":"https:\/\/olemosaic.com\/pt-pt\/wp-json\/wp\/v2\/product\/26052","targetHints":{"allow":["GET"]}}],"collection":[{"href":"https:\/\/olemosaic.com\/pt-pt\/wp-json\/wp\/v2\/product"}],"about":[{"href":"https:\/\/olemosaic.com\/pt-pt\/wp-json\/wp\/v2\/types\/product"}],"wp:featuredmedia":[{"embeddable":true,"href":"https:\/\/olemosaic.com\/pt-pt\/wp-json\/wp\/v2\/media\/10149"}],"wp:attachment":[{"href":"https:\/\/olemosaic.com\/pt-pt\/wp-json\/wp\/v2\/media?parent=26052"}],"wp:term":[{"taxonomy":"product_brand","embeddable":true,"href":"https:\/\/olemosaic.com\/pt-pt\/wp-json\/wp\/v2\/product_brand?post=26052"},{"taxonomy":"product_cat","embeddable":true,"href":"https:\/\/olemosaic.com\/pt-pt\/wp-json\/wp\/v2\/product_cat?post=26052"},{"taxonomy":"product_tag","embeddable":true,"href":"https:\/\/olemosaic.com\/pt-pt\/wp-json\/wp\/v2\/product_tag?post=26052"}],"curies":[{"name":"wp","href":"https:\/\/api.w.org\/{rel}","templated":true}]}}