{"id":26051,"date":"2025-02-20T23:28:01","date_gmt":"2025-02-20T22:28:01","guid":{"rendered":"http:\/\/olemosaic.com\/producto\/bol-de-coco-sardina-2\/"},"modified":"2025-07-25T18:37:50","modified_gmt":"2025-07-25T16:37:50","slug":"taca-de-coco-sardinha-portugal","status":"publish","type":"product","link":"https:\/\/olemosaic.com\/pt-pt\/produto\/taca-de-coco-sardinha-portugal\/","title":{"rendered":"Ta\u00e7a de coco. Sardinha. Portugal."},"content":{"rendered":"<p>Ta\u00e7a de coco decorada com um vibrante mosaico que representa a ess\u00eancia da cultura portuguesa, ideal para desfrutar de aperitivos o como pe\u00e7a decorativa. Esta atraente ta\u00e7a de coco apresenta um design cativante de sardinha, um s\u00edmbolo ic\u00f3nico da gastronomia e do folclore mar\u00edtimo de Portugal. As suas cores chamativas, em tons de azul, rosa e amarelo, formam um mosaico vibrante que evoca os tradicionais azulejos portugueses, criando um efeito visual que confere alegria e cor a qualquer espa\u00e7o.<\/p>\n<p>No centro da ta\u00e7a, a serigrafia &#8220;PORTUGAL&#8221; destaca-se, refor\u00e7ando a liga\u00e7\u00e3o com o pa\u00eds e a sua rica heran\u00e7a cultural. A forma ovalada da ta\u00e7a e as suas bordas suaves conferem-lhe um toque de eleg\u00e2ncia e distin\u00e7\u00e3o, tornando-a perfeita tanto para servir aperitivos durante reuni\u00f5es como para a exibir como uma bela pe\u00e7a decorativa na sua casa.<\/p>\n<p>Como uma aut\u00eantica pe\u00e7a de recorda\u00e7\u00e3o de Portugal, esta ta\u00e7a de coco n\u00e3o \u00e9 apenas pr\u00e1tica, mas tamb\u00e9m encapsula a ess\u00eancia da cultura portuguesa em cada detalhe. Na Ol\u00e9 Mosaic, especializamo-nos na distribui\u00e7\u00e3o de recorda\u00e7\u00f5es por grosso, oferecendo artigos como esta ta\u00e7a que real\u00e7am a autenticidade e o valor cultural. Este produto \u00e9 uma excelente op\u00e7\u00e3o para lojas de presentes tur\u00edsticos que procuram oferecer aos seus clientes um pedacinho de Portugal cheio de cor e tradi\u00e7\u00e3o.<\/p>\n","protected":false},"excerpt":{"rendered":"<p>Ta\u00e7a de coco decorada com um vibrante mosaico que representa a cultura portuguesa, destacando o design de uma sardinha. Esta atraente ta\u00e7a, ideal para servir aperitivos ou como pe\u00e7a decorativa, apresenta cores chamativas em tons de azul, rosa e amarelo, real\u00e7adas com um acabamento brilhante. A serigrafia &#8220;PORTUGAL&#8221; no centro real\u00e7a a ess\u00eancia do pa\u00eds, enquanto a sua forma ovalada e as bordas suaves conferem um toque elegante. Perfeita para levar um pouco de Portugal para a sua casa.<\/p>\n","protected":false},"featured_media":11983,"template":"","meta":{"_acf_changed":false},"product_brand":[],"product_cat":[513],"product_tag":[516],"class_list":{"0":"post-26051","1":"product","2":"type-product","3":"status-publish","4":"has-post-thumbnail","6":"product_cat-bols","7":"product_tag-animais","8":"pa_motivo-sardinhas","9":"pa_pais-portugal","11":"first","12":"instock","13":"shipping-taxable","14":"product-type-simple"},"acf":[],"_links":{"self":[{"href":"https:\/\/olemosaic.com\/pt-pt\/wp-json\/wp\/v2\/product\/26051","targetHints":{"allow":["GET"]}}],"collection":[{"href":"https:\/\/olemosaic.com\/pt-pt\/wp-json\/wp\/v2\/product"}],"about":[{"href":"https:\/\/olemosaic.com\/pt-pt\/wp-json\/wp\/v2\/types\/product"}],"wp:featuredmedia":[{"embeddable":true,"href":"https:\/\/olemosaic.com\/pt-pt\/wp-json\/wp\/v2\/media\/11983"}],"wp:attachment":[{"href":"https:\/\/olemosaic.com\/pt-pt\/wp-json\/wp\/v2\/media?parent=26051"}],"wp:term":[{"taxonomy":"product_brand","embeddable":true,"href":"https:\/\/olemosaic.com\/pt-pt\/wp-json\/wp\/v2\/product_brand?post=26051"},{"taxonomy":"product_cat","embeddable":true,"href":"https:\/\/olemosaic.com\/pt-pt\/wp-json\/wp\/v2\/product_cat?post=26051"},{"taxonomy":"product_tag","embeddable":true,"href":"https:\/\/olemosaic.com\/pt-pt\/wp-json\/wp\/v2\/product_tag?post=26051"}],"curies":[{"name":"wp","href":"https:\/\/api.w.org\/{rel}","templated":true}]}}