{"id":26050,"date":"2025-02-20T23:28:01","date_gmt":"2025-02-20T22:28:01","guid":{"rendered":"http:\/\/olemosaic.com\/producto\/bol-de-coco-con-flores-isla-gran-canaria\/"},"modified":"2025-07-25T19:30:52","modified_gmt":"2025-07-25T17:30:52","slug":"taca-de-coco-com-flores-ilha-gran-canaria","status":"publish","type":"product","link":"https:\/\/olemosaic.com\/pt-pt\/produto\/taca-de-coco-com-flores-ilha-gran-canaria\/","title":{"rendered":"Ta\u00e7a de coco com flores. Ilha. Gran Canaria."},"content":{"rendered":"<p>Ta\u00e7a de coco decorada com um vibrante mosaico de flores que representa a beleza natural de Gran Canaria. Esta atraente ta\u00e7a, com uma base de coco sustent\u00e1vel, \u00e9 moldada e pintada \u00e0 m\u00e3o, exibindo uma bela paleta de cores que inclui tons de laranja, azul e bordeaux. Cada detalhe do mosaico evoca a flora local da ilha, criando um efeito visual cativante e nost\u00e1lgico. No centro, a inscri\u00e7\u00e3o &#8220;Gran Canaria&#8221; destaca-se, acrescentando um toque distintivo e cultural que a torna uma recorda\u00e7\u00e3o ideal para quem procura levar um peda\u00e7o da ilha.<\/p>\n<p>O design n\u00e3o s\u00f3 real\u00e7a a rica biodiversidade de Gran Canaria, como tamb\u00e9m serve como lembran\u00e7a das suas paisagens e tradi\u00e7\u00f5es. Esta ta\u00e7a n\u00e3o \u00e9 apenas uma pe\u00e7a decorativa, mas tamb\u00e9m funcional, adequada para servir aperitivos ou como centro de mesa. Na Ol\u00e9 Mosaic, orgulhamo-nos de oferecer recorda\u00e7\u00f5es aut\u00eanticas e representativas das diferentes regi\u00f5es de Espanha. Esta ta\u00e7a de coco pintada \u00e0 m\u00e3o \u00e9 uma excelente op\u00e7\u00e3o para lojas de presentes tur\u00edsticos que desejem oferecer aos seus clientes uma liga\u00e7\u00e3o real com a cultura can\u00e1ria. Como grossistas de recorda\u00e7\u00f5es, garantimos autenticidade e qualidade em cada pe\u00e7a, ideal para aqueles que valorizam uma lembran\u00e7a significativa.<\/p>\n","protected":false},"excerpt":{"rendered":"<p>Ta\u00e7a de coco decorada com um vibrante mosaico de flores, que representa a beleza natural de Gran Canaria. Esta atraente ta\u00e7a, com base de coco, tem um design artesanal, pintado \u00e0 m\u00e3o, com detalhes coloridos em tons de laranja, azul e bordeaux que evocam a flora local. No centro, a inscri\u00e7\u00e3o &#8220;Gran Canaria&#8221; acrescenta um toque distintivo e cultural, tornando esta ta\u00e7a uma recorda\u00e7\u00e3o ideal que combina funcionalidade e arte can\u00e1ria.<\/p>\n","protected":false},"featured_media":10312,"template":"","meta":{"_acf_changed":false},"product_brand":[],"product_cat":[513],"product_tag":[],"class_list":{"0":"post-26050","1":"product","2":"type-product","3":"status-publish","4":"has-post-thumbnail","6":"product_cat-bols","7":"pa_ciudad-gran-canaria","8":"pa_motivo-ilhas","9":"pa_pais-espana","11":"first","12":"instock","13":"shipping-taxable","14":"product-type-simple"},"acf":[],"_links":{"self":[{"href":"https:\/\/olemosaic.com\/pt-pt\/wp-json\/wp\/v2\/product\/26050","targetHints":{"allow":["GET"]}}],"collection":[{"href":"https:\/\/olemosaic.com\/pt-pt\/wp-json\/wp\/v2\/product"}],"about":[{"href":"https:\/\/olemosaic.com\/pt-pt\/wp-json\/wp\/v2\/types\/product"}],"wp:featuredmedia":[{"embeddable":true,"href":"https:\/\/olemosaic.com\/pt-pt\/wp-json\/wp\/v2\/media\/10312"}],"wp:attachment":[{"href":"https:\/\/olemosaic.com\/pt-pt\/wp-json\/wp\/v2\/media?parent=26050"}],"wp:term":[{"taxonomy":"product_brand","embeddable":true,"href":"https:\/\/olemosaic.com\/pt-pt\/wp-json\/wp\/v2\/product_brand?post=26050"},{"taxonomy":"product_cat","embeddable":true,"href":"https:\/\/olemosaic.com\/pt-pt\/wp-json\/wp\/v2\/product_cat?post=26050"},{"taxonomy":"product_tag","embeddable":true,"href":"https:\/\/olemosaic.com\/pt-pt\/wp-json\/wp\/v2\/product_tag?post=26050"}],"curies":[{"name":"wp","href":"https:\/\/api.w.org\/{rel}","templated":true}]}}