{"id":26049,"date":"2025-02-20T23:28:01","date_gmt":"2025-02-20T22:28:01","guid":{"rendered":"http:\/\/olemosaic.com\/producto\/bol-de-coco-sardina\/"},"modified":"2025-07-25T18:33:39","modified_gmt":"2025-07-25T16:33:39","slug":"taca-de-coco-sardinha","status":"publish","type":"product","link":"https:\/\/olemosaic.com\/pt-pt\/produto\/taca-de-coco-sardinha\/","title":{"rendered":"Ta\u00e7a de coco. Sardinha."},"content":{"rendered":"<p>Ta\u00e7a de coco decorada com um vibrante mosaico de cores, inspirado na tradi\u00e7\u00e3o mar\u00edtima da costa espanhola. Esta ta\u00e7a, elaborada artesanalmente, apresenta um design cativante que incorpora uma sardinha no centro, um s\u00edmbolo representativo da gastronomia e da cultura costeiras. Ao redor do peixe, desdobram-se pequenos fragmentos em tons de rosa, azul e roxo, criando um efeito visual din\u00e2mico que real\u00e7a a beleza natural do material.<\/p>\n<p>A t\u00e9cnica empregada no seu fabrico n\u00e3o s\u00f3 evidencia a destreza dos artes\u00e3os, mas tamb\u00e9m sublinha a autenticidade deste produto como recorda\u00e7\u00e3o t\u00edpica da regi\u00e3o. Esta ta\u00e7a de coco \u00e9 ideal tanto como pe\u00e7a decorativa, conferindo um toque colorido a qualquer mesa, como para servir aperitivos, tornando-se uma op\u00e7\u00e3o vers\u00e1til para todo o tipo de celebra\u00e7\u00f5es e reuni\u00f5es.<\/p>\n<p>Como distribuidor de recorda\u00e7\u00f5es por grosso, a Ol\u00e9 Mosaic oferece esta ta\u00e7a como uma excelente op\u00e7\u00e3o para lojas de presentes tur\u00edsticos que procuram real\u00e7ar a liga\u00e7\u00e3o cultural com a costa espanhola. O seu design \u00fanico n\u00e3o s\u00f3 celebra a tradi\u00e7\u00e3o da regi\u00e3o, como tamb\u00e9m a posiciona como uma recorda\u00e7\u00e3o aut\u00eantica e significativa, perfeita para os turistas que desejam levar consigo um peda\u00e7o da rica heran\u00e7a mar\u00edtima de Espanha.<\/p>\n","protected":false},"excerpt":{"rendered":"<p>Ta\u00e7a de coco decorada com um vibrante mosaico de cores, inspirado na tradi\u00e7\u00e3o mar\u00edtima da costa espanhola. Esta pe\u00e7a \u00fanica apresenta um design com uma sardinha no centro, rodeada de pequenos fragmentos em tons de rosa, azul e roxo, combinados com um brilho natural. Fabricada com uma t\u00e9cnica artesanal que real\u00e7a a beleza do material, esta ta\u00e7a \u00e9 perfeita como elemento decorativo ou para servir aperitivos em qualquer mesa.<\/p>\n","protected":false},"featured_media":11802,"template":"","meta":{"_acf_changed":false},"product_brand":[],"product_cat":[513],"product_tag":[516],"class_list":{"0":"post-26049","1":"product","2":"type-product","3":"status-publish","4":"has-post-thumbnail","6":"product_cat-bols","7":"product_tag-animais","8":"pa_motivo-sardinhas","10":"first","11":"instock","12":"shipping-taxable","13":"product-type-simple"},"acf":[],"_links":{"self":[{"href":"https:\/\/olemosaic.com\/pt-pt\/wp-json\/wp\/v2\/product\/26049","targetHints":{"allow":["GET"]}}],"collection":[{"href":"https:\/\/olemosaic.com\/pt-pt\/wp-json\/wp\/v2\/product"}],"about":[{"href":"https:\/\/olemosaic.com\/pt-pt\/wp-json\/wp\/v2\/types\/product"}],"wp:featuredmedia":[{"embeddable":true,"href":"https:\/\/olemosaic.com\/pt-pt\/wp-json\/wp\/v2\/media\/11802"}],"wp:attachment":[{"href":"https:\/\/olemosaic.com\/pt-pt\/wp-json\/wp\/v2\/media?parent=26049"}],"wp:term":[{"taxonomy":"product_brand","embeddable":true,"href":"https:\/\/olemosaic.com\/pt-pt\/wp-json\/wp\/v2\/product_brand?post=26049"},{"taxonomy":"product_cat","embeddable":true,"href":"https:\/\/olemosaic.com\/pt-pt\/wp-json\/wp\/v2\/product_cat?post=26049"},{"taxonomy":"product_tag","embeddable":true,"href":"https:\/\/olemosaic.com\/pt-pt\/wp-json\/wp\/v2\/product_tag?post=26049"}],"curies":[{"name":"wp","href":"https:\/\/api.w.org\/{rel}","templated":true}]}}