{"id":26030,"date":"2025-02-20T22:28:00","date_gmt":"2025-02-20T22:28:00","guid":{"rendered":"http:\/\/olemosaic.com\/producto\/bol-de-coco-con-flores-tortuga-gran-canaria\/"},"modified":"2025-07-25T19:43:40","modified_gmt":"2025-07-25T17:43:40","slug":"taca-de-coco-com-flores-tartaruga-gran-canaria","status":"publish","type":"product","link":"https:\/\/olemosaic.com\/pt-pt\/produto\/taca-de-coco-com-flores-tartaruga-gran-canaria\/","title":{"rendered":"Ta\u00e7a de coco com flores. Tartaruga. Gran Canaria."},"content":{"rendered":"<p>Ta\u00e7a de coco decorada com flores e tartaruga de Gran Canaria<\/p>\n<p>Esta encantadora ta\u00e7a de coco, decorada \u00e0 m\u00e3o, \u00e9 um souvenir ic\u00f3nico que captura a ess\u00eancia vibrante de Gran Canaria. Apresenta um design colorido que evoca a rica flora da ilha, adornado com flores em tons de laranja, azul e vermelho que d\u00e3o vida ao seu interior. No centro, uma serena tartaruga destaca-se sobre um fundo dourado, simbolizando a rica biodiversidade marinha que caracteriza o arquip\u00e9lago can\u00e1rio. A inscri\u00e7\u00e3o &#8220;Gran Canaria&#8221; situa-se harmoniosamente, estabelecendo um v\u00ednculo nost\u00e1lgico com o lugar.<\/p>\n<p>A ta\u00e7a, elaborada com t\u00e9cnicas artesanais tradicionais, n\u00e3o \u00e9 apenas um objeto decorativo, mas tamb\u00e9m pode ser usada diariamente, o que a torna uma pe\u00e7a vers\u00e1til que embelezar\u00e1 qualquer lar. O seu design \u00fanico torna-a perfeita para turistas que procuram recorda\u00e7\u00f5es aut\u00eanticas que representem o calor e a vivacidade das ilhas. Ao escolher este tipo de souvenirs de Gran Canaria, os viajantes n\u00e3o s\u00f3 adquirem um objeto decorativo, mas uma recorda\u00e7\u00e3o significativa da sua experi\u00eancia na ilha.<\/p>\n<p>Na Ol\u00e9 Mosaic, orgulhamo-nos de oferecer produtos aut\u00eanticos e representativos, como esta ta\u00e7a de coco decorada com tartaruga, ideais para lojas de presentes tur\u00edsticos. Como grossistas de souvenirs artesanais, garantimos que cada pe\u00e7a n\u00e3o s\u00f3 \u00e9 bela, mas tamb\u00e9m tem um profundo valor cultural e art\u00edstico.<\/p>\n","protected":false},"excerpt":{"rendered":"<p>Ta\u00e7a de coco decorada com uma colorida representa\u00e7\u00e3o de flores e uma tartaruga, inspirada na riqueza natural de Gran Canaria. Este artigo, elaborado \u00e0 m\u00e3o, apresenta um design vibrante com tons de laranja, azul e vermelho que evocam a flora local. No centro, uma tartaruga flutua sobre um fundo dourado, enquanto a inscri\u00e7\u00e3o &#8220;Gran Canaria&#8221; real\u00e7a a sua liga\u00e7\u00e3o com a ilha. Perfeita como elemento decorativo ou para o uso di\u00e1rio.<\/p>\n","protected":false},"featured_media":10372,"template":"","meta":{"_acf_changed":false},"product_brand":[],"product_cat":[513],"product_tag":[516],"class_list":{"0":"post-26030","1":"product","2":"type-product","3":"status-publish","4":"has-post-thumbnail","6":"product_cat-bols","7":"product_tag-animais","8":"pa_ciudad-gran-canaria","9":"pa_motivo-tartarugas","10":"pa_pais-espana","12":"first","13":"instock","14":"shipping-taxable","15":"product-type-simple"},"acf":[],"_links":{"self":[{"href":"https:\/\/olemosaic.com\/pt-pt\/wp-json\/wp\/v2\/product\/26030","targetHints":{"allow":["GET"]}}],"collection":[{"href":"https:\/\/olemosaic.com\/pt-pt\/wp-json\/wp\/v2\/product"}],"about":[{"href":"https:\/\/olemosaic.com\/pt-pt\/wp-json\/wp\/v2\/types\/product"}],"wp:featuredmedia":[{"embeddable":true,"href":"https:\/\/olemosaic.com\/pt-pt\/wp-json\/wp\/v2\/media\/10372"}],"wp:attachment":[{"href":"https:\/\/olemosaic.com\/pt-pt\/wp-json\/wp\/v2\/media?parent=26030"}],"wp:term":[{"taxonomy":"product_brand","embeddable":true,"href":"https:\/\/olemosaic.com\/pt-pt\/wp-json\/wp\/v2\/product_brand?post=26030"},{"taxonomy":"product_cat","embeddable":true,"href":"https:\/\/olemosaic.com\/pt-pt\/wp-json\/wp\/v2\/product_cat?post=26030"},{"taxonomy":"product_tag","embeddable":true,"href":"https:\/\/olemosaic.com\/pt-pt\/wp-json\/wp\/v2\/product_tag?post=26030"}],"curies":[{"name":"wp","href":"https:\/\/api.w.org\/{rel}","templated":true}]}}