{"id":26016,"date":"2025-02-20T23:27:59","date_gmt":"2025-02-20T22:27:59","guid":{"rendered":"http:\/\/olemosaic.com\/producto\/bol-de-coco-naranja-delfin-barcelona\/"},"modified":"2025-07-25T19:52:36","modified_gmt":"2025-07-25T17:52:36","slug":"taca-de-coco-laranja-golfinho-barcelona","status":"publish","type":"product","link":"https:\/\/olemosaic.com\/pt-pt\/produto\/taca-de-coco-laranja-golfinho-barcelona\/","title":{"rendered":"Ta\u00e7a de coco laranja. Golfinho mediterr\u00e2nico Barcelona."},"content":{"rendered":"<p>Ta\u00e7a de coco de cor laranja com o emblem\u00e1tico golfinho de Barcelona. Esta ta\u00e7a artesanal \u00e9 uma amostra perfeita da identidade mediterr\u00e2nica e do encanto distintivo da Cidade Condal. O seu design ovalado cativa \u00e0 primeira vista, com um interior brilhante que real\u00e7a uma vibrante cor laranja, evocando o calor do sol e o mar que rodeiam a costa barcelonesa. O rebordo da ta\u00e7a apresenta uma elegante trama de mosaico, um aceno \u00e0 rica tradi\u00e7\u00e3o art\u00edstica da cidade, muito presente na obra do famoso arquiteto Antoni Gaud\u00ed.<\/p>\n<p>No centro, destaca-se a figura de um golfinho, s\u00edmbolo da vida marinha e da alegria que caracteriza as \u00e1guas desta vibrante cidade. A palavra &#8220;Barcelona&#8221; est\u00e1 impressa com clareza na base, convertendo esta ta\u00e7a numa aut\u00eantica recorda\u00e7\u00e3o que capta a ess\u00eancia do lugar. Este produto n\u00e3o s\u00f3 \u00e9 ideal para o seu uso decorativo, como tamb\u00e9m pode ser utilizado de forma funcional na cozinha ou como elemento decorativo em qualquer lar.<\/p>\n<p>Como distribuidores de recorda\u00e7\u00f5es por grosso, na Ol\u00e9 Mosaic asseguramos a qualidade e autenticidade dos nossos produtos. Esta ta\u00e7a de coco com o golfinho \u00e9 uma excelente op\u00e7\u00e3o para lojas de recorda\u00e7\u00f5es tur\u00edsticas que procuram oferecer artigos representativos e \u00fanicos de Barcelona. Sem d\u00favida, \u00e9 uma recorda\u00e7\u00e3o que encantar\u00e1 todos aqueles que desejem levar um peda\u00e7o do Mediterr\u00e2neo para sua casa.<\/p>\n","protected":false},"excerpt":{"rendered":"<p>Ta\u00e7a de coco laranja, decorada com um golfinho emblem\u00e1tico de Barcelona. Este produto artesanal destaca-se pelo seu design ovalado, elaborado com esmero. O interior brilhante real\u00e7a a cor vibrante, enquanto o contorno apresenta uma elegante trama de mosaico. Com a palavra &#8220;Barcelona&#8221; gravada na base, esta ta\u00e7a \u00e9 uma pe\u00e7a \u00fanica que evoca a ess\u00eancia do mar Mediterr\u00e2neo e o encanto da cidade condal. Ideal para uso decorativo ou funcional.<\/p>\n","protected":false},"featured_media":11761,"template":"","meta":{"_acf_changed":false},"product_brand":[],"product_cat":[513],"product_tag":[516],"class_list":{"0":"post-26016","1":"product","2":"type-product","3":"status-publish","4":"has-post-thumbnail","6":"product_cat-bols","7":"product_tag-animais","8":"pa_ciudad-barcelona","9":"pa_motivo-golfinhos","10":"pa_pais-espana","12":"first","13":"instock","14":"shipping-taxable","15":"product-type-simple"},"acf":[],"_links":{"self":[{"href":"https:\/\/olemosaic.com\/pt-pt\/wp-json\/wp\/v2\/product\/26016","targetHints":{"allow":["GET"]}}],"collection":[{"href":"https:\/\/olemosaic.com\/pt-pt\/wp-json\/wp\/v2\/product"}],"about":[{"href":"https:\/\/olemosaic.com\/pt-pt\/wp-json\/wp\/v2\/types\/product"}],"wp:featuredmedia":[{"embeddable":true,"href":"https:\/\/olemosaic.com\/pt-pt\/wp-json\/wp\/v2\/media\/11761"}],"wp:attachment":[{"href":"https:\/\/olemosaic.com\/pt-pt\/wp-json\/wp\/v2\/media?parent=26016"}],"wp:term":[{"taxonomy":"product_brand","embeddable":true,"href":"https:\/\/olemosaic.com\/pt-pt\/wp-json\/wp\/v2\/product_brand?post=26016"},{"taxonomy":"product_cat","embeddable":true,"href":"https:\/\/olemosaic.com\/pt-pt\/wp-json\/wp\/v2\/product_cat?post=26016"},{"taxonomy":"product_tag","embeddable":true,"href":"https:\/\/olemosaic.com\/pt-pt\/wp-json\/wp\/v2\/product_tag?post=26016"}],"curies":[{"name":"wp","href":"https:\/\/api.w.org\/{rel}","templated":true}]}}