{"id":26015,"date":"2025-02-20T23:27:59","date_gmt":"2025-02-20T22:27:59","guid":{"rendered":"http:\/\/olemosaic.com\/producto\/bol-de-coco-beige-tortuga-barcelona\/"},"modified":"2025-07-25T20:02:46","modified_gmt":"2025-07-25T18:02:46","slug":"taca-de-coco-bege-tartaruga-barcelona","status":"publish","type":"product","link":"https:\/\/olemosaic.com\/pt-pt\/produto\/taca-de-coco-bege-tartaruga-barcelona\/","title":{"rendered":"Ta\u00e7a de coco bege. Tartaruga. Barcelona."},"content":{"rendered":"<p>Ta\u00e7a de coco bege decorada com uma tartaruga, inspirada na fauna marinha de Barcelona. Esta requintada ta\u00e7a \u00e9 uma aut\u00eantica obra de arte que funde a natureza e a cultura local, perfeita para quem procura uma recorda\u00e7\u00e3o significativa da sua visita \u00e0 vibrante cidade condal. A tartaruga com efeito pintado \u00e0 m\u00e3o no centro capta a aten\u00e7\u00e3o de imediato, simbolizando a rica biodiversidade das \u00e1guas mediterr\u00e2nicas e o compromisso de Barcelona com a conserva\u00e7\u00e3o do meio ambiente. O seu design, rodeado de formas ovais que imitam conchas marinhas, utiliza uma paleta de tons suaves e naturais que evocam a tranquilidade das praias e a ess\u00eancia do mar.<\/p>\n<p>O material de coco n\u00e3o s\u00f3 confere um aspeto org\u00e2nico e sustent\u00e1vel, como tamb\u00e9m acrescenta durabilidade ao produto, o que o torna ideal tanto para uso decorativo como para servir de pr\u00e1tico recipiente no lar. O texto &#8220;Barcelona&#8221; destaca-se com clareza, sublinhando a liga\u00e7\u00e3o com a cidade e convertendo esta ta\u00e7a numa recorda\u00e7\u00e3o emblem\u00e1tica. Esta ta\u00e7a de coco \u00e9 uma op\u00e7\u00e3o excecional para lojas de recorda\u00e7\u00f5es tur\u00edsticas que procuram lembran\u00e7as aut\u00eanticas e culturalmente significativas. Na Ol\u00e9 Mosaic, o nosso compromisso como distribuidores de recorda\u00e7\u00f5es \u00e9 oferecer produtos que n\u00e3o s\u00f3 sejam bonitos, mas que tamb\u00e9m transmitam a hist\u00f3ria e a magia de Espanha, sendo um presente perfeito e relevante para os visitantes que desejam levar consigo um peda\u00e7o de Barcelona.<\/p>\n","protected":false},"excerpt":{"rendered":"<p>Ta\u00e7a de coco bege decorada com uma tartaruga, inspirada na fauna marinha de Barcelona. Esta atraente ta\u00e7a apresenta um design elegante, onde se destaca a tartaruga de design artesanal, pintada \u00e0 m\u00e3o, no centro, rodeada de formas ovais que simulam conchas, tudo em tons suaves e naturais. O material de coco confere-lhe um toque org\u00e2nico, enquanto a inscri\u00e7\u00e3o &#8220;Barcelona&#8221; real\u00e7a a sua liga\u00e7\u00e3o com a cidade. Ideal como elemento decorativo ou como recipiente pr\u00e1tico.<\/p>\n","protected":false},"featured_media":11875,"template":"","meta":{"_acf_changed":false},"product_brand":[],"product_cat":[513],"product_tag":[516],"class_list":{"0":"post-26015","1":"product","2":"type-product","3":"status-publish","4":"has-post-thumbnail","6":"product_cat-bols","7":"product_tag-animais","8":"pa_ciudad-barcelona","9":"pa_motivo-tartarugas","10":"pa_pais-espana","12":"first","13":"instock","14":"shipping-taxable","15":"product-type-simple"},"acf":[],"_links":{"self":[{"href":"https:\/\/olemosaic.com\/pt-pt\/wp-json\/wp\/v2\/product\/26015","targetHints":{"allow":["GET"]}}],"collection":[{"href":"https:\/\/olemosaic.com\/pt-pt\/wp-json\/wp\/v2\/product"}],"about":[{"href":"https:\/\/olemosaic.com\/pt-pt\/wp-json\/wp\/v2\/types\/product"}],"wp:featuredmedia":[{"embeddable":true,"href":"https:\/\/olemosaic.com\/pt-pt\/wp-json\/wp\/v2\/media\/11875"}],"wp:attachment":[{"href":"https:\/\/olemosaic.com\/pt-pt\/wp-json\/wp\/v2\/media?parent=26015"}],"wp:term":[{"taxonomy":"product_brand","embeddable":true,"href":"https:\/\/olemosaic.com\/pt-pt\/wp-json\/wp\/v2\/product_brand?post=26015"},{"taxonomy":"product_cat","embeddable":true,"href":"https:\/\/olemosaic.com\/pt-pt\/wp-json\/wp\/v2\/product_cat?post=26015"},{"taxonomy":"product_tag","embeddable":true,"href":"https:\/\/olemosaic.com\/pt-pt\/wp-json\/wp\/v2\/product_tag?post=26015"}],"curies":[{"name":"wp","href":"https:\/\/api.w.org\/{rel}","templated":true}]}}