{"id":26014,"date":"2025-02-20T23:27:59","date_gmt":"2025-02-20T22:27:59","guid":{"rendered":"http:\/\/olemosaic.com\/producto\/bol-de-coco-azul-sardina-lisboa\/"},"modified":"2025-07-25T18:58:36","modified_gmt":"2025-07-25T16:58:36","slug":"taca-de-coco-azul-sardinha-lisboa","status":"publish","type":"product","link":"https:\/\/olemosaic.com\/pt-pt\/produto\/taca-de-coco-azul-sardinha-lisboa\/","title":{"rendered":"Ta\u00e7a de coco azul. Sardinha. Texto Lisboa."},"content":{"rendered":"<p>Inspirada no ambiente vibrante de Lisboa, esta encantadora ta\u00e7a artesanal de coco azul apresenta um design pintado \u00e0 m\u00e3o que destaca a ic\u00f3nica sardinha, s\u00edmbolo da cultura portuguesa, num atraente tom azul profundo. No centro da ta\u00e7a, a palavra &#8220;LISBOA&#8221; est\u00e1 inscrita com eleg\u00e2ncia, conferindo um toque aut\u00eantico que evoca a ess\u00eancia desta cidade fascinante. Rodeando a sardinha, pequenos cora\u00e7\u00f5es em cores brilhantes d\u00e3o um ar festivo e alegre ao objeto, evocando o calor e a hospitalidade de Lisboa.<\/p>\n<p>Esta ta\u00e7a, fabricada com coco, n\u00e3o \u00e9 apenas um elemento decorativo, mas tamb\u00e9m funcional, ideal para usar como recipiente para pequenos objetos, frutos secos ou como parte de uma elegante mesa de sobremesas. O seu acabamento brilhante e a combina\u00e7\u00e3o acertada de tons vivos fazem com que cada ta\u00e7a seja \u00fanica, refletindo a rica heran\u00e7a artesanal que caracteriza as recorda\u00e7\u00f5es de Portugal. Perfeita para turistas que procuram uma lembran\u00e7a aut\u00eantica e representativa, esta ta\u00e7a encapsula a vibrante cultura do folclore lisboeta, tornando-se um excelente presente ou acess\u00f3rio para a casa. Na Ol\u00e9 Mosaic, como grossistas de produtos t\u00edpicos, oferecemos esta ta\u00e7a de coco azul como uma op\u00e7\u00e3o que conjuga autenticidade e apelo visual, ideal para lojas de recorda\u00e7\u00f5es tur\u00edsticas que desejem captar a ess\u00eancia de Lisboa.<\/p>\n","protected":false},"excerpt":{"rendered":"<p>Ta\u00e7a de coco azul com a emblem\u00e1tica sardinha, inspirada no ambiente vibrante de Lisboa. Esta original ta\u00e7a apresenta um design artesanal, pintado \u00e0 m\u00e3o, que destaca uma sardinha num tom azul profundo, combinada com cora\u00e7\u00f5es de cores vivas. A palavra &#8220;LISBOA&#8221; preside ao centro, acrescentando um toque aut\u00eantico. Perfeita como elemento decorativo ou funcional, esta ta\u00e7a artesanal capta a ess\u00eancia do folclore lisboeta.<\/p>\n","protected":false},"featured_media":10211,"template":"","meta":{"_acf_changed":false},"product_brand":[],"product_cat":[513],"product_tag":[516],"class_list":{"0":"post-26014","1":"product","2":"type-product","3":"status-publish","4":"has-post-thumbnail","6":"product_cat-bols","7":"product_tag-animais","8":"pa_ciudad-lisboa","9":"pa_motivo-sardinhas","10":"pa_pais-portugal","12":"first","13":"instock","14":"shipping-taxable","15":"product-type-simple"},"acf":[],"_links":{"self":[{"href":"https:\/\/olemosaic.com\/pt-pt\/wp-json\/wp\/v2\/product\/26014","targetHints":{"allow":["GET"]}}],"collection":[{"href":"https:\/\/olemosaic.com\/pt-pt\/wp-json\/wp\/v2\/product"}],"about":[{"href":"https:\/\/olemosaic.com\/pt-pt\/wp-json\/wp\/v2\/types\/product"}],"wp:featuredmedia":[{"embeddable":true,"href":"https:\/\/olemosaic.com\/pt-pt\/wp-json\/wp\/v2\/media\/10211"}],"wp:attachment":[{"href":"https:\/\/olemosaic.com\/pt-pt\/wp-json\/wp\/v2\/media?parent=26014"}],"wp:term":[{"taxonomy":"product_brand","embeddable":true,"href":"https:\/\/olemosaic.com\/pt-pt\/wp-json\/wp\/v2\/product_brand?post=26014"},{"taxonomy":"product_cat","embeddable":true,"href":"https:\/\/olemosaic.com\/pt-pt\/wp-json\/wp\/v2\/product_cat?post=26014"},{"taxonomy":"product_tag","embeddable":true,"href":"https:\/\/olemosaic.com\/pt-pt\/wp-json\/wp\/v2\/product_tag?post=26014"}],"curies":[{"name":"wp","href":"https:\/\/api.w.org\/{rel}","templated":true}]}}