{"id":25984,"date":"2025-02-20T23:27:58","date_gmt":"2025-02-20T22:27:58","guid":{"rendered":"http:\/\/olemosaic.com\/producto\/bol-de-coco-azul-gran-canaria\/"},"modified":"2025-07-25T18:43:17","modified_gmt":"2025-07-25T16:43:17","slug":"taca-de-coco-azul-gran-canaria","status":"publish","type":"product","link":"https:\/\/olemosaic.com\/pt-pt\/produto\/taca-de-coco-azul-gran-canaria\/","title":{"rendered":"Ta\u00e7a de coco azul. Gran Can\u00e1ria."},"content":{"rendered":"<p>Ta\u00e7a de coco azul decorada \u00e0 m\u00e3o, inspirada na beleza natural da Gran Can\u00e1ria. Este elegante recipiente apresenta uma base em cor terracota, que contrasta maravilhosamente com o intrincado design interior, uma combina\u00e7\u00e3o de tons azuis e dourados que evocam o brilho do oceano Atl\u00e2ntico que banha a ilha. A t\u00e9cnica artesanal empregada para pintar esta ta\u00e7a \u00e9 um testemunho da rica tradi\u00e7\u00e3o cer\u00e2mica can\u00e1ria, onde cada pe\u00e7a \u00e9 elaborada meticulosamente \u00e0 m\u00e3o, garantindo que cada ta\u00e7a seja \u00fanica e especial. No centro da ta\u00e7a, destaca-se a inscri\u00e7\u00e3o &#8220;Gran Canaria&#8221;, delicadamente gravada em dourado sobre o fundo azul, acrescentando um toque extra de autenticidade e liga\u00e7\u00e3o com a regi\u00e3o.<\/p>\n<p>Esta ta\u00e7a n\u00e3o s\u00f3 \u00e9 ideal como pe\u00e7a decorativa, mas tamb\u00e9m pode ser utilizada para servir aperitivos, tornando-se um elemento vers\u00e1til para qualquer ocasi\u00e3o. Como s\u00edmbolo do artesanato can\u00e1rio, representa uma profunda liga\u00e7\u00e3o cultural com a ilha, o que a torna uma recorda\u00e7\u00e3o perfeita para quem procura levar um peda\u00e7o da Gran Can\u00e1ria. Na Ol\u00e9 Mosaic, oferecemos esta ta\u00e7a de coco azul como parte da nossa exclusiva cole\u00e7\u00e3o de lembran\u00e7as, perfeitas para lojas de presentes tur\u00edsticos que valorizam a autenticidade e a beleza em cada produto. Esta ta\u00e7a \u00e9, sem d\u00favida, uma excelente op\u00e7\u00e3o para os turistas que desejam uma recorda\u00e7\u00e3o representativa da sua visita \u00e0s ilhas.<\/p>\n","protected":false},"excerpt":{"rendered":"<p>Ta\u00e7a de coco azul decorada com estilo artesanal, inspirada na beleza natural da Gran Can\u00e1ria. Este elegante recipiente apresenta uma base cor terracota com um intrincado design que combina tons azuis e dourados, evocando o brilho do oceano. No seu interior, destaca-se a inscri\u00e7\u00e3o &#8220;Gran Canaria&#8221;, gravada com delicadeza. Ideal como pe\u00e7a decorativa ou para servir aperitivos, \u00e9 um aut\u00eantico s\u00edmbolo do artesanato can\u00e1rio.<\/p>\n","protected":false},"featured_media":10100,"template":"","meta":{"_acf_changed":false},"product_brand":[],"product_cat":[513],"product_tag":[],"class_list":{"0":"post-25984","1":"product","2":"type-product","3":"status-publish","4":"has-post-thumbnail","6":"product_cat-bols","7":"pa_ciudad-gran-canaria","8":"pa_pais-espana","10":"first","11":"instock","12":"shipping-taxable","13":"product-type-simple"},"acf":[],"_links":{"self":[{"href":"https:\/\/olemosaic.com\/pt-pt\/wp-json\/wp\/v2\/product\/25984","targetHints":{"allow":["GET"]}}],"collection":[{"href":"https:\/\/olemosaic.com\/pt-pt\/wp-json\/wp\/v2\/product"}],"about":[{"href":"https:\/\/olemosaic.com\/pt-pt\/wp-json\/wp\/v2\/types\/product"}],"wp:featuredmedia":[{"embeddable":true,"href":"https:\/\/olemosaic.com\/pt-pt\/wp-json\/wp\/v2\/media\/10100"}],"wp:attachment":[{"href":"https:\/\/olemosaic.com\/pt-pt\/wp-json\/wp\/v2\/media?parent=25984"}],"wp:term":[{"taxonomy":"product_brand","embeddable":true,"href":"https:\/\/olemosaic.com\/pt-pt\/wp-json\/wp\/v2\/product_brand?post=25984"},{"taxonomy":"product_cat","embeddable":true,"href":"https:\/\/olemosaic.com\/pt-pt\/wp-json\/wp\/v2\/product_cat?post=25984"},{"taxonomy":"product_tag","embeddable":true,"href":"https:\/\/olemosaic.com\/pt-pt\/wp-json\/wp\/v2\/product_tag?post=25984"}],"curies":[{"name":"wp","href":"https:\/\/api.w.org\/{rel}","templated":true}]}}