{"id":25961,"date":"2025-02-20T23:27:58","date_gmt":"2025-02-20T22:27:58","guid":{"rendered":"http:\/\/olemosaic.com\/producto\/bol-de-ceramica-de-9-cm-panoramica-sevilla-beige\/"},"modified":"2025-07-25T20:12:08","modified_gmt":"2025-07-25T18:12:08","slug":"taca-de-ceramica-de-9-cm-panoramica-sevilha-bege","status":"publish","type":"product","link":"https:\/\/olemosaic.com\/pt-pt\/produto\/taca-de-ceramica-de-9-cm-panoramica-sevilha-bege\/","title":{"rendered":"Ta\u00e7a de cer\u00e2mica de 9 cm. Panor\u00e2mica. Sevilha. Bege"},"content":{"rendered":"<p>Ta\u00e7a de cer\u00e2mica panor\u00e2mica de Sevilha<\/p>\n<p>Esta exclusiva ta\u00e7a de cer\u00e2mica, de 9 cm, \u00e9 uma bela representa\u00e7\u00e3o da ess\u00eancia cultural de Sevilha, ideal tanto para servir aperitivos como para decorar. O seu design cativante, em tons de bege e vermelho, destaca-se por uma encantadora panor\u00e2mica da cidade, onde se podem admirar ilustra\u00e7\u00f5es de monumentos emblem\u00e1ticos como a ic\u00f3nica Giralda, que se ergue majestosa no horizonte. Cada detalhe colorido embeleza a ta\u00e7a, incluindo o texto \u201cSEVILLA\u201d, que adiciona um toque vibrante e aut\u00eantico ao produto.<\/p>\n<p>O acabamento esmaltado da ta\u00e7a real\u00e7a as cores vivas das ilustra\u00e7\u00f5es, garantindo durabilidade e um apelo visual que encarna a rica heran\u00e7a sevilhana. Esta ta\u00e7a n\u00e3o \u00e9 apenas um souvenir art\u00edstico, mas tamb\u00e9m uma recorda\u00e7\u00e3o palp\u00e1vel da hist\u00f3ria e da cultura de Sevilha, tornando-a uma op\u00e7\u00e3o perfeita para turistas que procuram levar um pedacinho desta maravilhosa cidade.<\/p>\n<p>Na Ol\u00e9 Mosaic, especializamo-nos na distribui\u00e7\u00e3o de souvenirs por grosso, oferecendo pe\u00e7as aut\u00eanticas como esta ta\u00e7a de cer\u00e2mica, que real\u00e7a a beleza e singularidade de Sevilha. Um produto perfeito para lojas de presentes tur\u00edsticos que desejem oferecer artigos representativos e de qualidade.<\/p>\n","protected":false},"excerpt":{"rendered":"<p>Ta\u00e7a de cer\u00e2mica de 9 cm com uma encantadora panor\u00e2mica de Sevilha. Este produto destaca-se pelo seu design em tons de bege e vermelho, decorado com ilustra\u00e7\u00f5es de monumentos emblem\u00e1ticos da cidade, como a Giralda. Os detalhes coloridos e a palavra &#8220;SEVILLA&#8221; adicionam um toque vibrante e cultural. Ideal para servir aperitivos ou como objeto decorativo, esta ta\u00e7a \u00e9 uma representa\u00e7\u00e3o art\u00edstica da rica heran\u00e7a sevilhana.<\/p>\n","protected":false},"featured_media":7510,"template":"","meta":{"_acf_changed":false},"product_brand":[],"product_cat":[513],"product_tag":[515],"class_list":{"0":"post-25961","1":"product","2":"type-product","3":"status-publish","4":"has-post-thumbnail","6":"product_cat-bols","7":"product_tag-ceramica","8":"pa_ciudad-sevilla","9":"pa_motivo-panoramas","10":"pa_pais-espana","12":"first","13":"instock","14":"shipping-taxable","15":"product-type-simple"},"acf":[],"_links":{"self":[{"href":"https:\/\/olemosaic.com\/pt-pt\/wp-json\/wp\/v2\/product\/25961","targetHints":{"allow":["GET"]}}],"collection":[{"href":"https:\/\/olemosaic.com\/pt-pt\/wp-json\/wp\/v2\/product"}],"about":[{"href":"https:\/\/olemosaic.com\/pt-pt\/wp-json\/wp\/v2\/types\/product"}],"wp:featuredmedia":[{"embeddable":true,"href":"https:\/\/olemosaic.com\/pt-pt\/wp-json\/wp\/v2\/media\/7510"}],"wp:attachment":[{"href":"https:\/\/olemosaic.com\/pt-pt\/wp-json\/wp\/v2\/media?parent=25961"}],"wp:term":[{"taxonomy":"product_brand","embeddable":true,"href":"https:\/\/olemosaic.com\/pt-pt\/wp-json\/wp\/v2\/product_brand?post=25961"},{"taxonomy":"product_cat","embeddable":true,"href":"https:\/\/olemosaic.com\/pt-pt\/wp-json\/wp\/v2\/product_cat?post=25961"},{"taxonomy":"product_tag","embeddable":true,"href":"https:\/\/olemosaic.com\/pt-pt\/wp-json\/wp\/v2\/product_tag?post=25961"}],"curies":[{"name":"wp","href":"https:\/\/api.w.org\/{rel}","templated":true}]}}