{"id":25960,"date":"2025-02-20T23:27:58","date_gmt":"2025-02-20T22:27:58","guid":{"rendered":"http:\/\/olemosaic.com\/producto\/bol-de-ceramica-de-14-cm-panoramica-sevilla-beige\/"},"modified":"2025-07-25T19:19:28","modified_gmt":"2025-07-25T17:19:28","slug":"taca-de-ceramica-de-14-cm-panoramica-sevilha-bege","status":"publish","type":"product","link":"https:\/\/olemosaic.com\/pt-pt\/produto\/taca-de-ceramica-de-14-cm-panoramica-sevilha-bege\/","title":{"rendered":"Ta\u00e7a de cer\u00e2mica de 14 cm. Panor\u00e2mica. Sevilha. Bege"},"content":{"rendered":"<p>Ta\u00e7a de cer\u00e2mica de Sevilha. Esta encantadora ta\u00e7a de cer\u00e2mica de 14 cm \u00e9 uma aut\u00eantica joia que capta a ess\u00eancia da vibrante cidade de Sevilha atrav\u00e9s do seu design pintado \u00e0 m\u00e3o. Num elegante tom bege, a ta\u00e7a apresenta uma ilustra\u00e7\u00e3o panor\u00e2mica que destaca alguns dos monumentos mais emblem\u00e1ticos de Sevilha, como a majestosa Giralda. Rodeado de exuberantes palmeiras e adornos coloridos, o design irradia o esp\u00edrito alegre e cultural da regi\u00e3o, tornando-a uma excelente recorda\u00e7\u00e3o de Sevilha.<\/p>\n<p>A inscri\u00e7\u00e3o \u00abSevilla\u00bb \u00e9 apresentada num estilo tipogr\u00e1fico din\u00e2mico que se destaca sobre o fundo e \u00e9 complementada por uma borda vermelha que confere um toque de calor e cor \u00e0 pe\u00e7a. Esta ta\u00e7a n\u00e3o \u00e9 apenas funcional, mas tamb\u00e9m serve como um atraente elemento decorativo ideal para qualquer casa, proporcionando um peda\u00e7o da cultura sevilhana em cada utiliza\u00e7\u00e3o. Os turistas encontrar\u00e3o nesta ta\u00e7a de cer\u00e2mica uma recorda\u00e7\u00e3o perfeita que representa a riqueza do patrim\u00f3nio local e, sendo um produto da Ol\u00e9 Mosaic, garante autenticidade e qualidade. Como grossistas de souvenirs de cer\u00e2mica, oferecemos artigos ideais para lojas de presentes tur\u00edsticos que procuram representar o melhor da tradi\u00e7\u00e3o andaluza.<\/p>\n","protected":false},"excerpt":{"rendered":"<p>Ta\u00e7a de cer\u00e2mica de 14 cm com uma vibrante ilustra\u00e7\u00e3o panor\u00e2mica de Sevilha. Esta atraente ta\u00e7a bege apresenta um design artesanal, pintado \u00e0 m\u00e3o, que destaca os monumentos emblem\u00e1ticos da cidade, como a Giralda, rodeados de palmeiras e detalhes coloridos. A inscri\u00e7\u00e3o &#8220;Sevilla&#8221;, num estilo tipogr\u00e1fico alegre, combina com a sua borda vermelha, o que torna esta ta\u00e7a um artigo decorativo e funcional que capta a ess\u00eancia da cultura sevilhana.<\/p>\n","protected":false},"featured_media":7508,"template":"","meta":{"_acf_changed":false},"product_brand":[],"product_cat":[513],"product_tag":[515],"class_list":{"0":"post-25960","1":"product","2":"type-product","3":"status-publish","4":"has-post-thumbnail","6":"product_cat-bols","7":"product_tag-ceramica","8":"pa_ciudad-sevilla","9":"pa_motivo-panoramas","10":"pa_pais-espana","12":"first","13":"instock","14":"shipping-taxable","15":"product-type-simple"},"acf":[],"_links":{"self":[{"href":"https:\/\/olemosaic.com\/pt-pt\/wp-json\/wp\/v2\/product\/25960","targetHints":{"allow":["GET"]}}],"collection":[{"href":"https:\/\/olemosaic.com\/pt-pt\/wp-json\/wp\/v2\/product"}],"about":[{"href":"https:\/\/olemosaic.com\/pt-pt\/wp-json\/wp\/v2\/types\/product"}],"wp:featuredmedia":[{"embeddable":true,"href":"https:\/\/olemosaic.com\/pt-pt\/wp-json\/wp\/v2\/media\/7508"}],"wp:attachment":[{"href":"https:\/\/olemosaic.com\/pt-pt\/wp-json\/wp\/v2\/media?parent=25960"}],"wp:term":[{"taxonomy":"product_brand","embeddable":true,"href":"https:\/\/olemosaic.com\/pt-pt\/wp-json\/wp\/v2\/product_brand?post=25960"},{"taxonomy":"product_cat","embeddable":true,"href":"https:\/\/olemosaic.com\/pt-pt\/wp-json\/wp\/v2\/product_cat?post=25960"},{"taxonomy":"product_tag","embeddable":true,"href":"https:\/\/olemosaic.com\/pt-pt\/wp-json\/wp\/v2\/product_tag?post=25960"}],"curies":[{"name":"wp","href":"https:\/\/api.w.org\/{rel}","templated":true}]}}