{"id":25959,"date":"2025-02-20T22:27:58","date_gmt":"2025-02-20T22:27:58","guid":{"rendered":"http:\/\/olemosaic.com\/producto\/bola-de-navidad-con-caja-buhos-barcelona\/"},"modified":"2025-07-25T18:56:19","modified_gmt":"2025-07-25T16:56:19","slug":"bola-de-natal-com-caixa-corujas-barcelona","status":"publish","type":"product","link":"https:\/\/olemosaic.com\/pt-pt\/produto\/bola-de-natal-com-caixa-corujas-barcelona\/","title":{"rendered":"Bola de Natal com caixa. Corujas. Barcelona."},"content":{"rendered":"<p>Adorne a sua \u00e1rvore de Natal com esta requintada bola decorativa, inspirada nos encantadores mosaicos de Barcelona. Apresentada numa elegante caixa, este adorno \u00e9 uma homenagem \u00e0 vibrante cultura da cidade, destacando uma atraente coruja que capta a aten\u00e7\u00e3o com o seu design colorido. A bola de cer\u00e2mica apresenta uma paleta de cores que inclui amarelos intensos, azuis frescos e verdes, evocando a rica diversidade cultural e art\u00edstica da capital catal\u00e3. A coruja, s\u00edmbolo de sabedoria e mist\u00e9rio, est\u00e1 meticulosamente decorada com padr\u00f5es que recordam as famosas obras de Antoni Gaud\u00ed, enquanto o texto impresso &#8220;Barcelona&#8221; completa o design de forma encantadora. Um la\u00e7o rosa adiciona um toque festivo, convertendo esta bola num souvenir perfeito para celebrar o Natal.<\/p>\n<p>Este artigo n\u00e3o \u00e9 apenas um adorno natal\u00edcio, mas uma recorda\u00e7\u00e3o aut\u00eantica e significativa de Barcelona, ideal para turistas que procuram levar um peda\u00e7o da cidade. Na Ol\u00e9 Mosaic, orgulhamo-nos de oferecer souvenirs de alta qualidade que refletem a identidade cultural das regi\u00f5es. Esta bola de Natal \u00e9 uma excelente op\u00e7\u00e3o para lojas de presentes tur\u00edsticos, garantindo que cada cliente encontre algo \u00fanico que capture la ess\u00eancia da sua viagem.<\/p>\n","protected":false},"excerpt":{"rendered":"<p>Bola de Natal apresentada numa elegante caixa, decorada com uma simp\u00e1tica coruja inspirada no famoso mosaico de Barcelona. Esta pe\u00e7a de cer\u00e2mica, com um design vibrante, exibe uma paleta de cores que inclui amarelos, azuis e verdes, evocando a riqueza cultural da cidade. O texto &#8220;Barcelona&#8221; impresso complementa o design, enquanto um la\u00e7o rosa adiciona um toque festivo, tornando-a uma recorda\u00e7\u00e3o \u00fanica e atraente para adornar a sua \u00e1rvore de Natal.<\/p>\n","protected":false},"featured_media":9766,"template":"","meta":{"_acf_changed":false},"product_brand":[],"product_cat":[652],"product_tag":[516,642],"class_list":{"0":"post-25959","1":"product","2":"type-product","3":"status-publish","4":"has-post-thumbnail","6":"product_cat-bolas-de-natal","7":"product_tag-animais","8":"product_tag-natal","9":"pa_ciudad-barcelona","10":"pa_motivo-corujas","11":"pa_pais-espana","13":"first","14":"instock","15":"shipping-taxable","16":"product-type-simple"},"acf":[],"_links":{"self":[{"href":"https:\/\/olemosaic.com\/pt-pt\/wp-json\/wp\/v2\/product\/25959","targetHints":{"allow":["GET"]}}],"collection":[{"href":"https:\/\/olemosaic.com\/pt-pt\/wp-json\/wp\/v2\/product"}],"about":[{"href":"https:\/\/olemosaic.com\/pt-pt\/wp-json\/wp\/v2\/types\/product"}],"wp:featuredmedia":[{"embeddable":true,"href":"https:\/\/olemosaic.com\/pt-pt\/wp-json\/wp\/v2\/media\/9766"}],"wp:attachment":[{"href":"https:\/\/olemosaic.com\/pt-pt\/wp-json\/wp\/v2\/media?parent=25959"}],"wp:term":[{"taxonomy":"product_brand","embeddable":true,"href":"https:\/\/olemosaic.com\/pt-pt\/wp-json\/wp\/v2\/product_brand?post=25959"},{"taxonomy":"product_cat","embeddable":true,"href":"https:\/\/olemosaic.com\/pt-pt\/wp-json\/wp\/v2\/product_cat?post=25959"},{"taxonomy":"product_tag","embeddable":true,"href":"https:\/\/olemosaic.com\/pt-pt\/wp-json\/wp\/v2\/product_tag?post=25959"}],"curies":[{"name":"wp","href":"https:\/\/api.w.org\/{rel}","templated":true}]}}