{"id":25958,"date":"2025-02-20T23:27:58","date_gmt":"2025-02-20T22:27:58","guid":{"rendered":"http:\/\/olemosaic.com\/producto\/funda-de-telefono-para-iphone-14-pro-tpu-abstracto-negro\/"},"modified":"2025-07-25T19:09:56","modified_gmt":"2025-07-25T17:09:56","slug":"capa-de-telemovel-para-iphone-14-pro-tpu-abstrato-preto","status":"publish","type":"product","link":"https:\/\/olemosaic.com\/pt-pt\/produto\/capa-de-telemovel-para-iphone-14-pro-tpu-abstrato-preto\/","title":{"rendered":"Capa de telem\u00f3vel para iPhone 14 Pro (TPU). Abstrato. Preto. Linhas."},"content":{"rendered":"<p>Capa para iPhone 14 Pro com design abstrato<\/p>\n<p>Converta o seu dispositivo numa obra de arte com esta capa para iPhone 14 Pro, fabricada em TPU resistente. O seu design abstrato e vibrante apresenta um cativante fundo preto atravessado por din\u00e2micas linhas multicoloridas, que evocam um efeito luminoso e moderno. Cada curva e tra\u00e7o de cor integra-se na perfei\u00e7\u00e3o, criando um impacto visual que atrair\u00e1 todos os olhares; ideal para quem procura n\u00e3o apenas prote\u00e7\u00e3o, mas tamb\u00e9m um estilo distintivo.<\/p>\n<p>Esta capa combina funcionalidade e est\u00e9tica: o seu material TPU proporciona uma prote\u00e7\u00e3o eficaz contra choques e quedas, assegurando a integridade do seu iPhone, enquanto exala um ar contempor\u00e2neo. O design abstrato n\u00e3o \u00e9 apenas um adorno visual, mas tamb\u00e9m reflete uma liga\u00e7\u00e3o com a vanguarda da arte moderna, perfeito para quem aprecia a diversidade no design.<\/p>\n<p>Este produto n\u00e3o \u00e9 apenas um acess\u00f3rio, mas uma aut\u00eantica lembran\u00e7a que captura a ess\u00eancia da criatividade. Na Ol\u00e9 Mosaic, como distribuidores de produtos de moda e lembran\u00e7as contempor\u00e2neas, oferecemos esta capa como uma op\u00e7\u00e3o ideal para lojas de presentes tur\u00edsticos. Um presente excecional para quem procura uma recorda\u00e7\u00e3o funcional e estilosa da sua experi\u00eancia, real\u00e7ando assim a liga\u00e7\u00e3o entre a arte e a vida di\u00e1ria.<\/p>\n","protected":false},"excerpt":{"rendered":"<p>Capa para iPhone 14 Pro de TPU com um design abstrato impactante. Este acess\u00f3rio destaca-se pelo seu fundo preto sobre o qual fluem vibrantes linhas multicoloridas que criam um efeito luminoso e din\u00e2mico. Perfeita para quem procura estilo e prote\u00e7\u00e3o, esta capa combina resist\u00eancia e um toque art\u00edstico, convertendo o seu dispositivo numa pe\u00e7a \u00fanica e moderna. Ideal para quem aprecia o design contempor\u00e2neo e colorido.<\/p>\n","protected":false},"featured_media":12389,"template":"","meta":{"_acf_changed":false},"product_brand":[],"product_cat":[685],"product_tag":[],"class_list":{"0":"post-25958","1":"product","2":"type-product","3":"status-publish","4":"has-post-thumbnail","6":"product_cat-capas-para-telemoveis","7":"pa_motivo-resumo","9":"first","10":"instock","11":"shipping-taxable","12":"product-type-simple"},"acf":[],"_links":{"self":[{"href":"https:\/\/olemosaic.com\/pt-pt\/wp-json\/wp\/v2\/product\/25958","targetHints":{"allow":["GET"]}}],"collection":[{"href":"https:\/\/olemosaic.com\/pt-pt\/wp-json\/wp\/v2\/product"}],"about":[{"href":"https:\/\/olemosaic.com\/pt-pt\/wp-json\/wp\/v2\/types\/product"}],"wp:featuredmedia":[{"embeddable":true,"href":"https:\/\/olemosaic.com\/pt-pt\/wp-json\/wp\/v2\/media\/12389"}],"wp:attachment":[{"href":"https:\/\/olemosaic.com\/pt-pt\/wp-json\/wp\/v2\/media?parent=25958"}],"wp:term":[{"taxonomy":"product_brand","embeddable":true,"href":"https:\/\/olemosaic.com\/pt-pt\/wp-json\/wp\/v2\/product_brand?post=25958"},{"taxonomy":"product_cat","embeddable":true,"href":"https:\/\/olemosaic.com\/pt-pt\/wp-json\/wp\/v2\/product_cat?post=25958"},{"taxonomy":"product_tag","embeddable":true,"href":"https:\/\/olemosaic.com\/pt-pt\/wp-json\/wp\/v2\/product_tag?post=25958"}],"curies":[{"name":"wp","href":"https:\/\/api.w.org\/{rel}","templated":true}]}}