{"id":25956,"date":"2025-02-20T22:27:57","date_gmt":"2025-02-20T22:27:57","guid":{"rendered":"http:\/\/olemosaic.com\/producto\/taza-de-ceramica-valencia-blanco\/"},"modified":"2025-07-25T19:02:46","modified_gmt":"2025-07-25T17:02:46","slug":"caneca-de-ceramica-valencia-branco","status":"publish","type":"product","link":"https:\/\/olemosaic.com\/pt-pt\/produto\/caneca-de-ceramica-valencia-branco\/","title":{"rendered":"Caneca de cer\u00e2mica. Val\u00eancia. Branco."},"content":{"rendered":"<p>Caneca de cer\u00e2mica da Cidade das Artes e das Ci\u00eancias de Val\u00eancia<\/p>\n<p>Esta caneca de cer\u00e2mica, de elegante cor branca, \u00e9 a recorda\u00e7\u00e3o perfeita da emblem\u00e1tica Cidade das Artes e das Ci\u00eancias de Val\u00eancia. O seu design vibrante e detalhado captura a impressionante arquitetura do complexo, onde se conjugam modernidade e criatividade, tornando-o um s\u00edmbolo da cidade. Com o interior num atraente tom azul, a caneca apresenta um acabamento repleto de mosaicos coloridos que real\u00e7am os contrastes visuais, conferindo um toque art\u00edstico a cada gole.<\/p>\n<p>As ilustra\u00e7\u00f5es estilizadas representam as emblem\u00e1ticas estruturas do complexo, como o Hemisf\u00e8ric e o Oceanogr\u00e0fic, oferecendo uma vis\u00e3o din\u00e2mica e contempor\u00e2nea da riqueza cultural valenciana. O nome &#8220;Val\u00eancia&#8221; aparece em letras multicoloridas, acrescentando um ar festivo e acolhedor. Esta lembran\u00e7a n\u00e3o \u00e9 apenas um objeto funcional para desfrutar das suas bebidas favoritas, mas tamb\u00e9m evoca a ess\u00eancia cultural de uma das cidades mais vibrantes de Espanha.<\/p>\n<p>Na Ol\u00e9 Mosaic, especializamo-nos na distribui\u00e7\u00e3o de lembran\u00e7as por grosso e esta caneca \u00e9 uma op\u00e7\u00e3o ideal para lojas de presentes tur\u00edsticos que procuram produtos aut\u00eanticos que representem a riqueza cultural espanhola. Com a sua fiel representa\u00e7\u00e3o de Val\u00eancia, esta caneca torna-se um excelente presente que permitir\u00e1 aos turistas levar um peda\u00e7o desta incr\u00edvel cidade para casa.<\/p>\n","protected":false},"excerpt":{"rendered":"<p>Caneca de cer\u00e2mica branca, decorada com um vibrante design que real\u00e7a a arquitetura do emblem\u00e1tico complexo da Cidade das Artes e das Ci\u00eancias de Val\u00eancia. A caneca apresenta um interior azul e um acabamento com mosaicos coloridos, criando um contraste atraente. Os detalhes gr\u00e1ficos estilizados representam as modernas estruturas do complexo, acompanhados pelo nome &#8220;Val\u00eancia&#8221; em letras multicoloridas. Ideal para desfrutar das suas bebidas e evocar a ess\u00eancia cultural da cidade.<\/p>\n","protected":false},"featured_media":9877,"template":"","meta":{"_acf_changed":false},"product_brand":[],"product_cat":[833],"product_tag":[515],"class_list":{"0":"post-25956","1":"product","2":"type-product","3":"status-publish","4":"has-post-thumbnail","6":"product_cat-canecas","7":"product_tag-ceramica","8":"pa_ciudad-valencia","9":"pa_pais-espana","11":"first","12":"instock","13":"shipping-taxable","14":"product-type-simple"},"acf":[],"_links":{"self":[{"href":"https:\/\/olemosaic.com\/pt-pt\/wp-json\/wp\/v2\/product\/25956","targetHints":{"allow":["GET"]}}],"collection":[{"href":"https:\/\/olemosaic.com\/pt-pt\/wp-json\/wp\/v2\/product"}],"about":[{"href":"https:\/\/olemosaic.com\/pt-pt\/wp-json\/wp\/v2\/types\/product"}],"wp:featuredmedia":[{"embeddable":true,"href":"https:\/\/olemosaic.com\/pt-pt\/wp-json\/wp\/v2\/media\/9877"}],"wp:attachment":[{"href":"https:\/\/olemosaic.com\/pt-pt\/wp-json\/wp\/v2\/media?parent=25956"}],"wp:term":[{"taxonomy":"product_brand","embeddable":true,"href":"https:\/\/olemosaic.com\/pt-pt\/wp-json\/wp\/v2\/product_brand?post=25956"},{"taxonomy":"product_cat","embeddable":true,"href":"https:\/\/olemosaic.com\/pt-pt\/wp-json\/wp\/v2\/product_cat?post=25956"},{"taxonomy":"product_tag","embeddable":true,"href":"https:\/\/olemosaic.com\/pt-pt\/wp-json\/wp\/v2\/product_tag?post=25956"}],"curies":[{"name":"wp","href":"https:\/\/api.w.org\/{rel}","templated":true}]}}