{"id":25955,"date":"2025-02-20T23:27:57","date_gmt":"2025-02-20T22:27:57","guid":{"rendered":"http:\/\/olemosaic.com\/producto\/mug-de-ceramica-flores-barcelona-blanco-95-cm\/"},"modified":"2025-07-25T19:11:00","modified_gmt":"2025-07-25T17:11:00","slug":"caneca-de-ceramica-flores-barcelona-branco-9-5-cm","status":"publish","type":"product","link":"https:\/\/olemosaic.com\/pt-pt\/produto\/caneca-de-ceramica-flores-barcelona-branco-9-5-cm\/","title":{"rendered":"Caneca de cer\u00e2mica. Flores. Barcelona. Branco. 9,5 cm."},"content":{"rendered":"<p>Caneca de cer\u00e2mica com design floral inspirada nos mosaicos de Barcelona<\/p>\n<p>Esta vibrante caneca de cer\u00e2mica \u00e9 uma lembran\u00e7a excelente que captura a ess\u00eancia colorida e art\u00edstica de Barcelona, evocando a famosa obra de Antoni Gaud\u00ed e os seus deslumbrantes mosaicos. Com uma altura de 9,5 cm, o seu acabamento branco real\u00e7a o belo padr\u00e3o floral que adorna a sua superf\u00edcie, onde se entrela\u00e7am tons vermelhos, amarelos, azuis e verdes, formando um atraente trencad\u00eds que personifica a criatividade e o esp\u00edrito inovador da cidade. O design inclui grandes flores em diversas tonalidades, cujas p\u00e9talas parecem ganhar vida, criando uma sinfonia visual que encantar\u00e1 os amantes da arte e da cultura catal\u00e3.<\/p>\n<p>A asa da caneca, estilizada e \u00fanica, n\u00e3o s\u00f3 proporciona um toque distintivo, como tamb\u00e9m assegura um manuseamento confort\u00e1vel para desfrutar das suas bebidas favoritas. Esta caneca \u00e9 mais do que um simples recipiente: \u00e9 uma homenagem \u00e0 rica heran\u00e7a cultural de Barcelona e uma recorda\u00e7\u00e3o perfeita de uma visita inesquec\u00edvel. Ideal para turistas que procuram lembran\u00e7as aut\u00eanticas, esta pe\u00e7a destaca a liga\u00e7\u00e3o entre a arte e a vida quotidiana na cidade. Na Ol\u00e9 Mosaic, como grossistas de lembran\u00e7as de qualidade, oferecemos esta caneca de cer\u00e2mica decorativa, perfeita para lojas de presentes tur\u00edsticos que desejem oferecer aos seus clientes uma recorda\u00e7\u00e3o representativa da m\u00e1gica Barcelona.<\/p>\n","protected":false},"excerpt":{"rendered":"<p>Caneca de cer\u00e2mica decorada com um vibrante design floral inspirado nos mosaicos de Barcelona. Com um acabamento branco, destaca-se pelo seu colorido motivo que inclui tons vermelhos, amarelos, azuis e verdes, formando um belo padr\u00e3o trencad\u00eds. A sua asa estilizada acrescenta um toque distintivo a esta caneca de 9,5 cm de altura, ideal para desfrutar das suas bebidas favoritas e evocar a ess\u00eancia da cidade.<\/p>\n","protected":false},"featured_media":9065,"template":"","meta":{"_acf_changed":false},"product_brand":[],"product_cat":[726],"product_tag":[515],"class_list":{"0":"post-25955","1":"product","2":"type-product","3":"status-publish","4":"has-post-thumbnail","6":"product_cat-mugs","7":"product_tag-ceramica","8":"pa_ciudad-barcelona","9":"pa_motivo-flores","10":"pa_pais-espana","12":"first","13":"instock","14":"shipping-taxable","15":"product-type-simple"},"acf":[],"_links":{"self":[{"href":"https:\/\/olemosaic.com\/pt-pt\/wp-json\/wp\/v2\/product\/25955","targetHints":{"allow":["GET"]}}],"collection":[{"href":"https:\/\/olemosaic.com\/pt-pt\/wp-json\/wp\/v2\/product"}],"about":[{"href":"https:\/\/olemosaic.com\/pt-pt\/wp-json\/wp\/v2\/types\/product"}],"wp:featuredmedia":[{"embeddable":true,"href":"https:\/\/olemosaic.com\/pt-pt\/wp-json\/wp\/v2\/media\/9065"}],"wp:attachment":[{"href":"https:\/\/olemosaic.com\/pt-pt\/wp-json\/wp\/v2\/media?parent=25955"}],"wp:term":[{"taxonomy":"product_brand","embeddable":true,"href":"https:\/\/olemosaic.com\/pt-pt\/wp-json\/wp\/v2\/product_brand?post=25955"},{"taxonomy":"product_cat","embeddable":true,"href":"https:\/\/olemosaic.com\/pt-pt\/wp-json\/wp\/v2\/product_cat?post=25955"},{"taxonomy":"product_tag","embeddable":true,"href":"https:\/\/olemosaic.com\/pt-pt\/wp-json\/wp\/v2\/product_tag?post=25955"}],"curies":[{"name":"wp","href":"https:\/\/api.w.org\/{rel}","templated":true}]}}