{"id":25954,"date":"2025-02-20T22:27:57","date_gmt":"2025-02-20T22:27:57","guid":{"rendered":"http:\/\/olemosaic.com\/producto\/tapon-de-ceramica-punt-de-trobada-barcelona-blanco\/"},"modified":"2025-07-25T18:55:48","modified_gmt":"2025-07-25T16:55:48","slug":"rolha-de-ceramica-punt-de-trobada-barcelona-branco","status":"publish","type":"product","link":"https:\/\/olemosaic.com\/pt-pt\/produto\/rolha-de-ceramica-punt-de-trobada-barcelona-branco\/","title":{"rendered":"Rolha de cer\u00e2mica. Punt de trobada. Barcelona. Branco."},"content":{"rendered":"<p>Rolha de cer\u00e2mica com design inspirado no mosaico de Barcelona<\/p>\n<p>Esta rolha de cer\u00e2mica \u00e9 uma elegante representa\u00e7\u00e3o do emblem\u00e1tico mosaico de Barcelona, pensada para os amantes da cultura e da arte da cidade. Apresenta um colorido motivo abstrato que evoca as obras-primas de Antoni Gaud\u00ed, fundindo tons vibrantes em vermelho, azul e amarelo sobre um fundo branco. A palavra &#8220;Barcelona&#8221;, estilizada em letras pretas, acrescenta um toque distintivo a este pr\u00e1tico acess\u00f3rio, tornando-o uma lembran\u00e7a ideal que captura a ess\u00eancia da cidade.<\/p>\n<p>Fabricada com cer\u00e2mica de alta qualidade, esta rolha n\u00e3o \u00e9 apenas um elemento decorativo, mas tamb\u00e9m uma solu\u00e7\u00e3o funcional para selar garrafas e conservar o seu conte\u00fado fresco. O seu design \u00fanico torna-a um aut\u00eantico objeto de cole\u00e7\u00e3o que encapsula a heran\u00e7a art\u00edstica de Barcelona.<\/p>\n<p>Esta rolha \u00e9 mais do que um utens\u00edlio; \u00e9 uma recorda\u00e7\u00e3o da rica heran\u00e7a cultural da cidade, perfeita para aqueles que procuram levar um peda\u00e7o da vibrante vida barcelonesa. Na Ol\u00e9 Mosaic, especializamo-nos na distribui\u00e7\u00e3o de lembran\u00e7as por grosso, oferecendo artigos como esta rolha de cer\u00e2mica que representam a tradi\u00e7\u00e3o e a arte local. Ideal para lojas de presentes tur\u00edsticos, \u00e9 uma excelente lembran\u00e7a de Barcelona que real\u00e7a a autenticidade e o valor cultural da regi\u00e3o.<\/p>\n","protected":false},"excerpt":{"rendered":"<p>Rolha de cer\u00e2mica com um design inspirado no famoso mosaico de Barcelona. Esta elegante rolha, de cor branca, apresenta um motivo abstrato e colorido que evoca a obra de Gaud\u00ed, com vibrantes tons vermelhos, azuis e amarelos. A palavra &#8220;Barcelona&#8221; aparece estilizada em letras pretas, acrescentando um toque distintivo. Ideal para selar garrafas e manter o seu conte\u00fado fresco, combina a funcionalidade com a rica heran\u00e7a art\u00edstica da cidade.<\/p>\n","protected":false},"featured_media":9151,"template":"","meta":{"_acf_changed":false},"product_brand":[],"product_cat":[831],"product_tag":[515],"class_list":{"0":"post-25954","1":"product","2":"type-product","3":"status-publish","4":"has-post-thumbnail","6":"product_cat-rolhas","7":"product_tag-ceramica","8":"pa_ciudad-barcelona","9":"pa_motivo-punt-de-trobada","10":"pa_pais-espana","12":"first","13":"instock","14":"shipping-taxable","15":"product-type-simple"},"acf":[],"_links":{"self":[{"href":"https:\/\/olemosaic.com\/pt-pt\/wp-json\/wp\/v2\/product\/25954","targetHints":{"allow":["GET"]}}],"collection":[{"href":"https:\/\/olemosaic.com\/pt-pt\/wp-json\/wp\/v2\/product"}],"about":[{"href":"https:\/\/olemosaic.com\/pt-pt\/wp-json\/wp\/v2\/types\/product"}],"wp:featuredmedia":[{"embeddable":true,"href":"https:\/\/olemosaic.com\/pt-pt\/wp-json\/wp\/v2\/media\/9151"}],"wp:attachment":[{"href":"https:\/\/olemosaic.com\/pt-pt\/wp-json\/wp\/v2\/media?parent=25954"}],"wp:term":[{"taxonomy":"product_brand","embeddable":true,"href":"https:\/\/olemosaic.com\/pt-pt\/wp-json\/wp\/v2\/product_brand?post=25954"},{"taxonomy":"product_cat","embeddable":true,"href":"https:\/\/olemosaic.com\/pt-pt\/wp-json\/wp\/v2\/product_cat?post=25954"},{"taxonomy":"product_tag","embeddable":true,"href":"https:\/\/olemosaic.com\/pt-pt\/wp-json\/wp\/v2\/product_tag?post=25954"}],"curies":[{"name":"wp","href":"https:\/\/api.w.org\/{rel}","templated":true}]}}