{"id":25902,"date":"2025-02-20T23:27:56","date_gmt":"2025-02-20T22:27:56","guid":{"rendered":"http:\/\/olemosaic.com\/producto\/llavero-de-madera-guitarra\/"},"modified":"2025-07-25T19:41:01","modified_gmt":"2025-07-25T17:41:01","slug":"porta-chaves-de-madeira-guitarra","status":"publish","type":"product","link":"https:\/\/olemosaic.com\/pt-pt\/produto\/porta-chaves-de-madeira-guitarra\/","title":{"rendered":"Porta-chaves de madeira. Guitarra e bailarina"},"content":{"rendered":"<p>Porta-chaves de madeira com forma de guitarra flamenca<\/p>\n<p>Descubra o porta-chaves de madeira com forma de guitarra, um aut\u00eantico s\u00edmbolo do flamenco espanhol, ideal para quem deseja levar um peda\u00e7o de Espanha no seu dia a dia. Este encantador porta-chaves \u00e9 meticulosamente adornado \u00e0 m\u00e3o, com um design colorido que evoca a atmosfera festiva da Andaluzia. As ilustra\u00e7\u00f5es vibrantes incluem uma bailarina vestida com um ic\u00f3nico vestido vermelho de bolas brancas, rodeada de flores, o que reflete a paix\u00e3o e alegria da cultura flamenca.<\/p>\n<p>O porta-chaves \u00e9 uma representa\u00e7\u00e3o \u00fanica da guitarra, um instrumento essencial na m\u00fasica flamenca, e \u00e9 elaborado em madeira de alta qualidade, o que garante tanto durabilidade como um toque artesanal. As flores e a bailarina est\u00e3o finamente detalhadas, proporcionando um apelo visual que combina arte e tradi\u00e7\u00e3o.<\/p>\n<p>Este porta-chaves n\u00e3o \u00e9 apenas um acess\u00f3rio funcional para manter as suas chaves organizadas, mas tamb\u00e9m atua como uma recorda\u00e7\u00e3o chamativa que captura a ess\u00eancia do folclore espanhol. Com a sua autenticidade e relev\u00e2ncia cultural, este porta-chaves de guitarra flamenca da &#8220;Ol\u00e9 Mosaic&#8221; \u00e9 uma excelente op\u00e7\u00e3o para lojas de presentes tur\u00edsticos que procuram oferecer uma recorda\u00e7\u00e3o representativa de Espanha. Adicione este original porta-chaves \u00e0 sua cole\u00e7\u00e3o de recorda\u00e7\u00f5es flamencas e deixe que o esp\u00edrito da Andaluzia o acompanhe sempre.<\/p>\n","protected":false},"excerpt":{"rendered":"<p>Porta-chaves de madeira com forma de guitarra, adornado com um design colorido que reflete a ess\u00eancia do flamenco espanhol. Decorado com estilo artesanal, apresenta ilustra\u00e7\u00f5es vibrantes de flores e uma bailarina com um vestido vermelho de bolas, evocando a atmosfera festiva da Andaluzia. Este porta-chaves \u00e9 ideal como recorda\u00e7\u00e3o, adicionando um toque cultural e art\u00edstico \u00e0s suas chaves e mostrando o esp\u00edrito de Espanha.<\/p>\n","protected":false},"featured_media":10793,"template":"","meta":{"_acf_changed":false},"product_brand":[],"product_cat":[611],"product_tag":[],"class_list":{"0":"post-25902","1":"product","2":"type-product","3":"status-publish","4":"has-post-thumbnail","6":"product_cat-porta-chaves","7":"pa_motivo-guitarras","9":"first","10":"instock","11":"shipping-taxable","12":"product-type-simple"},"acf":[],"_links":{"self":[{"href":"https:\/\/olemosaic.com\/pt-pt\/wp-json\/wp\/v2\/product\/25902","targetHints":{"allow":["GET"]}}],"collection":[{"href":"https:\/\/olemosaic.com\/pt-pt\/wp-json\/wp\/v2\/product"}],"about":[{"href":"https:\/\/olemosaic.com\/pt-pt\/wp-json\/wp\/v2\/types\/product"}],"wp:featuredmedia":[{"embeddable":true,"href":"https:\/\/olemosaic.com\/pt-pt\/wp-json\/wp\/v2\/media\/10793"}],"wp:attachment":[{"href":"https:\/\/olemosaic.com\/pt-pt\/wp-json\/wp\/v2\/media?parent=25902"}],"wp:term":[{"taxonomy":"product_brand","embeddable":true,"href":"https:\/\/olemosaic.com\/pt-pt\/wp-json\/wp\/v2\/product_brand?post=25902"},{"taxonomy":"product_cat","embeddable":true,"href":"https:\/\/olemosaic.com\/pt-pt\/wp-json\/wp\/v2\/product_cat?post=25902"},{"taxonomy":"product_tag","embeddable":true,"href":"https:\/\/olemosaic.com\/pt-pt\/wp-json\/wp\/v2\/product_tag?post=25902"}],"curies":[{"name":"wp","href":"https:\/\/api.w.org\/{rel}","templated":true}]}}