{"id":25901,"date":"2025-02-20T23:27:56","date_gmt":"2025-02-20T22:27:56","guid":{"rendered":"http:\/\/olemosaic.com\/producto\/libreta-de-80-hojas-panoramica-madrid\/"},"modified":"2025-07-25T19:22:36","modified_gmt":"2025-07-25T17:22:36","slug":"caderno-de-80-folhas-panoramico-madrid","status":"publish","type":"product","link":"https:\/\/olemosaic.com\/pt-pt\/produto\/caderno-de-80-folhas-panoramico-madrid\/","title":{"rendered":"Caderno de 80 folhas. Panor\u00e2mico. Madrid. Puerta del Sol."},"content":{"rendered":"<p>Caderno panor\u00e2mico de Madrid<\/p>\n<p>Descubra este encantador caderno panor\u00e2mico de Madrid, um souvenir ideal que captura a ess\u00eancia da capital espanhola. Com 80 folhas em branco, este caderno destaca-se pelo seu design colorido que representa a emblem\u00e1tica Puerta del Sol, um ponto ic\u00f3nico e vibrante da cidade. A arte dos mosaicos inspira a decora\u00e7\u00e3o da capa, onde se apreciam duas figuras vestidas com trajes tradicionais, evocando a rica cultura e tradi\u00e7\u00e3o madrilena. Al\u00e9m disso, elementos caracter\u00edsticos de Madrid, como a famosa relojoaria da Puerta del Sol, entrela\u00e7am-se num padr\u00e3o atraente mas simples que acrescenta um toque \u00fanico.<\/p>\n<p>A capa do caderno, fabricada em material resistente, \u00e9 ideal para viajantes e conta com um pr\u00e1tico el\u00e1stico vermelho que lhe confere um aspeto moderno e funcional. Este caderno n\u00e3o s\u00f3 \u00e9 perfeito para anotar as suas recorda\u00e7\u00f5es de viagens, pensamentos ou ideias, como tamb\u00e9m se torna um aut\u00eantico souvenir de Madrid, simbolizando a alegria e a diversidade da cidade.<\/p>\n<p>Na Ol\u00e9 Mosaic, especializamo-nos na distribui\u00e7\u00e3o de souvenirs por grosso, e este caderno panor\u00e2mico de Madrid \u00e9 uma excelente op\u00e7\u00e3o para lojas de presentes tur\u00edsticos que procuram oferecer produtos aut\u00eanticos e significativos. Uma recorda\u00e7\u00e3o que permite levar um pedacinho da rica hist\u00f3ria e cultura de Madrid para casa.<\/p>\n","protected":false},"excerpt":{"rendered":"<p>Caderno de 80 folhas com uma colorida panor\u00e2mica de Madrid, onde se destaca a emblem\u00e1tica Puerta del Sol. O seu design, inspirado na arte do mosaico, apresenta duas figuras com trajes tradicionais, rodeadas de elementos ic\u00f3nicos da cidade. A capa, fabricada com material resistente e um el\u00e1stico vermelho, confere um toque moderno e funcional. Ideal para anotar recorda\u00e7\u00f5es de viagens ou pensamentos, este caderno \u00e9 um aut\u00eantico souvenir da capital espanhola.<\/p>\n","protected":false},"featured_media":11640,"template":"","meta":{"_acf_changed":false},"product_brand":[],"product_cat":[808],"product_tag":[],"class_list":{"0":"post-25901","1":"product","2":"type-product","3":"status-publish","4":"has-post-thumbnail","6":"product_cat-cadernos","7":"pa_ciudad-madrid","8":"pa_motivo-panoramas","9":"pa_pais-espana","11":"first","12":"instock","13":"shipping-taxable","14":"product-type-simple"},"acf":[],"_links":{"self":[{"href":"https:\/\/olemosaic.com\/pt-pt\/wp-json\/wp\/v2\/product\/25901","targetHints":{"allow":["GET"]}}],"collection":[{"href":"https:\/\/olemosaic.com\/pt-pt\/wp-json\/wp\/v2\/product"}],"about":[{"href":"https:\/\/olemosaic.com\/pt-pt\/wp-json\/wp\/v2\/types\/product"}],"wp:featuredmedia":[{"embeddable":true,"href":"https:\/\/olemosaic.com\/pt-pt\/wp-json\/wp\/v2\/media\/11640"}],"wp:attachment":[{"href":"https:\/\/olemosaic.com\/pt-pt\/wp-json\/wp\/v2\/media?parent=25901"}],"wp:term":[{"taxonomy":"product_brand","embeddable":true,"href":"https:\/\/olemosaic.com\/pt-pt\/wp-json\/wp\/v2\/product_brand?post=25901"},{"taxonomy":"product_cat","embeddable":true,"href":"https:\/\/olemosaic.com\/pt-pt\/wp-json\/wp\/v2\/product_cat?post=25901"},{"taxonomy":"product_tag","embeddable":true,"href":"https:\/\/olemosaic.com\/pt-pt\/wp-json\/wp\/v2\/product_tag?post=25901"}],"curies":[{"name":"wp","href":"https:\/\/api.w.org\/{rel}","templated":true}]}}