{"id":25900,"date":"2025-02-20T22:27:56","date_gmt":"2025-02-20T22:27:56","guid":{"rendered":"http:\/\/olemosaic.com\/producto\/libreta-de-80-hojas-punt-de-trobada\/"},"modified":"2025-07-25T18:37:13","modified_gmt":"2025-07-25T16:37:13","slug":"caderno-de-80-folhas-ponto-de-encontro","status":"publish","type":"product","link":"https:\/\/olemosaic.com\/pt-pt\/produto\/caderno-de-80-folhas-ponto-de-encontro\/","title":{"rendered":"Caderno de 80 folhas. Punt de trobada."},"content":{"rendered":"<p>Este colorido caderno de 80 folhas \u00e9 uma homenagem \u00e0 obra do c\u00e9lebre arquiteto Antoni Gaud\u00ed, capturando a ess\u00eancia art\u00edstica de Barcelona em cada detalhe. A sua capa apresenta um vibrante mosaico decorativo que inclui formas e padr\u00f5es em tons de vermelho, amarelo, azul e preto, evocando a est\u00e9tica singular da Sagrada Fam\u00edlia e outras obras-primas de Gaud\u00ed. Este design inovador e cheio de vida n\u00e3o s\u00f3 proporciona uma liga\u00e7\u00e3o visual \u00fanica com a arquitetura catal\u00e3, como tamb\u00e9m representa um conceito refrescante no mundo dos souvenirs.<\/p>\n<p>O pr\u00e1tico fecho el\u00e1stico vermelho garante que as suas notas e pensamentos se mantenham seguros, tornando este caderno uma escolha ideal para turistas e amantes da escrita. Com 80 folhas em branco, \u00e9 perfeito para anota\u00e7\u00f5es, esbo\u00e7os ou pensamentos criativos. \u00c9 um souvenir que celebra a rica cultura e a inconfund\u00edvel arte de Barcelona, tornando-o um presente ideal para quem procura recordar a sua visita a esta cidade vibrante.<\/p>\n<p>Na Ol\u00e9 Mosaic, especializamo-nos na distribui\u00e7\u00e3o de souvenirs aut\u00eanticos por grosso, e este caderno n\u00e3o \u00e9 apenas um objeto pr\u00e1tico, mas um verdadeiro tributo a Gaud\u00ed e ao seu legado art\u00edstico. \u00c9 uma excelente op\u00e7\u00e3o para lojas de presentes tur\u00edsticos que desejem oferecer produtos \u00fanicos que realcem a criatividade e a hist\u00f3ria cultural de Espanha.<\/p>\n","protected":false},"excerpt":{"rendered":"<p>Caderno de 80 folhas decorado com um design vibrante inspirado na obra do famoso arquiteto Antoni Gaud\u00ed. A capa apresenta um mosaico colorido, composto por formas e padr\u00f5es em tons de vermelho, amarelo, azul e preto, que evoca a est\u00e9tica singular da Sagrada Fam\u00edlia de Barcelona. Com um pr\u00e1tico fecho el\u00e1stico vermelho, este caderno \u00e9 perfeito para tomar notas e uma bela recorda\u00e7\u00e3o da rica cultura e arte da cidade.<\/p>\n","protected":false},"featured_media":9370,"template":"","meta":{"_acf_changed":false},"product_brand":[],"product_cat":[808],"product_tag":[],"class_list":{"0":"post-25900","1":"product","2":"type-product","3":"status-publish","4":"has-post-thumbnail","6":"product_cat-cadernos","7":"pa_motivo-punt-de-trobada","9":"first","10":"instock","11":"shipping-taxable","12":"product-type-simple"},"acf":[],"_links":{"self":[{"href":"https:\/\/olemosaic.com\/pt-pt\/wp-json\/wp\/v2\/product\/25900","targetHints":{"allow":["GET"]}}],"collection":[{"href":"https:\/\/olemosaic.com\/pt-pt\/wp-json\/wp\/v2\/product"}],"about":[{"href":"https:\/\/olemosaic.com\/pt-pt\/wp-json\/wp\/v2\/types\/product"}],"wp:featuredmedia":[{"embeddable":true,"href":"https:\/\/olemosaic.com\/pt-pt\/wp-json\/wp\/v2\/media\/9370"}],"wp:attachment":[{"href":"https:\/\/olemosaic.com\/pt-pt\/wp-json\/wp\/v2\/media?parent=25900"}],"wp:term":[{"taxonomy":"product_brand","embeddable":true,"href":"https:\/\/olemosaic.com\/pt-pt\/wp-json\/wp\/v2\/product_brand?post=25900"},{"taxonomy":"product_cat","embeddable":true,"href":"https:\/\/olemosaic.com\/pt-pt\/wp-json\/wp\/v2\/product_cat?post=25900"},{"taxonomy":"product_tag","embeddable":true,"href":"https:\/\/olemosaic.com\/pt-pt\/wp-json\/wp\/v2\/product_tag?post=25900"}],"curies":[{"name":"wp","href":"https:\/\/api.w.org\/{rel}","templated":true}]}}