{"id":25899,"date":"2025-02-20T23:27:55","date_gmt":"2025-02-20T22:27:55","guid":{"rendered":"http:\/\/olemosaic.com\/producto\/libreta-de-80-hojas-salamandra-gran-canaria\/"},"modified":"2025-07-25T18:37:13","modified_gmt":"2025-07-25T16:37:13","slug":"caderno-de-80-folhas-salamandra-gran-canaria","status":"publish","type":"product","link":"https:\/\/olemosaic.com\/pt-pt\/produto\/caderno-de-80-folhas-salamandra-gran-canaria\/","title":{"rendered":"Caderno de 80 folhas. Salamandra. Gran Canaria. Mosaico de flores."},"content":{"rendered":"<p>Caderno Salamandra Gran Canaria<\/p>\n<p>Descubra este vibrante caderno de 80 folhas, adornado com um cativante padr\u00e3o de mosaico que reflete a rica fauna de Gran Canaria. A capa apresenta uma deslumbrante salamandra em tons verdes e azuis, real\u00e7ada por intrincados detalhes em vermelho que lhe conferem um toque din\u00e2mico e original. Este design visual \u00e9 complementado por um fundo decorado com flores em tons chamativos de vermelho, azul e amarelo, evocando a beleza e biodiversidade das Ilhas Can\u00e1rias, onde cada elemento presta homenagem ao seu ambiente natural.<\/p>\n<p>O fecho el\u00e1stico vermelho, al\u00e9m de ser funcional e assegurar a prote\u00e7\u00e3o das suas notas e recorda\u00e7\u00f5es, integra-se perfeitamente na est\u00e9tica vibrante do caderno. Este souvenir n\u00e3o \u00e9 apenas um acess\u00f3rio pr\u00e1tico para os seus apontamentos ou pensamentos, mas tamb\u00e9m uma recorda\u00e7\u00e3o art\u00edstica da cultura can\u00e1ria e da sua diversidade biol\u00f3gica.<\/p>\n<p>Na Ol\u00e9 Mosaic, como especialistas na distribui\u00e7\u00e3o de souvenirs por grosso, oferecemos produtos que capturam a ess\u00eancia dos seus locais de origem. Este caderno de salamandra \u00e9 o presente ideal para turistas que procuram uma recorda\u00e7\u00e3o aut\u00eantica e significativa de Gran Canaria. Perfeito para lojas de presentes tur\u00edsticos, o seu design atraente e rica liga\u00e7\u00e3o cultural tornam-no uma op\u00e7\u00e3o \u00fanica que encantar\u00e1 quem valoriza a beleza e singularidade da sua viagem.<\/p>\n","protected":false},"excerpt":{"rendered":"<p>Caderno de 80 folhas com um design vibrante de salamandra, inspirado na fauna de Gran Canaria. A capa apresenta um colorido padr\u00e3o de mosaico com flores em tons de vermelho, azul e amarelo, complementado pela salamandra, em tons verdes e azuis com detalhes vermelhos. O seu fecho el\u00e1stico vermelho garante a seguran\u00e7a das suas notas, enquanto o seu estilo art\u00edstico e distintivo o torna um souvenir perfeito para recordar a beleza can\u00e1ria.<\/p>\n","protected":false},"featured_media":12011,"template":"","meta":{"_acf_changed":false},"product_brand":[],"product_cat":[808],"product_tag":[516],"class_list":{"0":"post-25899","1":"product","2":"type-product","3":"status-publish","4":"has-post-thumbnail","6":"product_cat-cadernos","7":"product_tag-animais","8":"pa_ciudad-gran-canaria","9":"pa_motivo-salamandras","10":"pa_pais-espana","12":"first","13":"instock","14":"shipping-taxable","15":"product-type-simple"},"acf":[],"_links":{"self":[{"href":"https:\/\/olemosaic.com\/pt-pt\/wp-json\/wp\/v2\/product\/25899","targetHints":{"allow":["GET"]}}],"collection":[{"href":"https:\/\/olemosaic.com\/pt-pt\/wp-json\/wp\/v2\/product"}],"about":[{"href":"https:\/\/olemosaic.com\/pt-pt\/wp-json\/wp\/v2\/types\/product"}],"wp:featuredmedia":[{"embeddable":true,"href":"https:\/\/olemosaic.com\/pt-pt\/wp-json\/wp\/v2\/media\/12011"}],"wp:attachment":[{"href":"https:\/\/olemosaic.com\/pt-pt\/wp-json\/wp\/v2\/media?parent=25899"}],"wp:term":[{"taxonomy":"product_brand","embeddable":true,"href":"https:\/\/olemosaic.com\/pt-pt\/wp-json\/wp\/v2\/product_brand?post=25899"},{"taxonomy":"product_cat","embeddable":true,"href":"https:\/\/olemosaic.com\/pt-pt\/wp-json\/wp\/v2\/product_cat?post=25899"},{"taxonomy":"product_tag","embeddable":true,"href":"https:\/\/olemosaic.com\/pt-pt\/wp-json\/wp\/v2\/product_tag?post=25899"}],"curies":[{"name":"wp","href":"https:\/\/api.w.org\/{rel}","templated":true}]}}