{"id":25897,"date":"2025-02-20T23:27:55","date_gmt":"2025-02-20T22:27:55","guid":{"rendered":"http:\/\/olemosaic.com\/producto\/iman-de-metal-panoramica-barcelona-8-cm\/"},"modified":"2025-07-25T18:48:17","modified_gmt":"2025-07-25T16:48:17","slug":"iman-de-metal-panoramica-barcelona-dragao-parque-guell-8-cm","status":"publish","type":"product","link":"https:\/\/olemosaic.com\/pt-pt\/produto\/iman-de-metal-panoramica-barcelona-dragao-parque-guell-8-cm\/","title":{"rendered":"\u00cdman de metal. Panor\u00e2mica. Barcelona. Drag\u00e3o Parque G\u00fcell. 8 cm."},"content":{"rendered":"<p>\u00cdman decorativo de Barcelona<\/p>\n<p>Este \u00edman met\u00e1lico, com um design panor\u00e2mico de 8 cm, \u00e9 uma pe\u00e7a imprescind\u00edvel para os amantes de Barcelona, pois captura a ess\u00eancia vibrante da cidade. Numa ilustra\u00e7\u00e3o chamativa de estilo mosaico, destacam-se dois dos \u00edcones mais representativos da capital catal\u00e3: a majestosa Sagrada Fam\u00edlia e o famoso drag\u00e3o do Parque G\u00fcell, ambos reconhec\u00edveis pelas suas formas \u00fanicas e cores brilhantes. O fundo azul real\u00e7a os desn\u00edveis art\u00edsticos que evocam o modernismo e o engenho de Gaud\u00ed, enquanto a palavra &#8220;Barcelona&#8221; aparece em letras brancas estilizadas, oferecendo um contraste atraente e impactante.<\/p>\n<p>O uso de tonalidades brilhantes e os detalhes intrincados tornam este \u00edman n\u00e3o apenas um acess\u00f3rio decorativo, mas tamb\u00e9m uma recorda\u00e7\u00e3o que reflete a riqueza cultural e art\u00edstica da cidade. Este souvenir \u00e9 ideal para turistas que procuram uma forma aut\u00eantica de levar um peda\u00e7o de Barcelona, recordando os momentos vividos no seu esplendor arquitet\u00f3nico e paisag\u00edstico. Na Ol\u00e9 Mosaic, somos especialistas na distribui\u00e7\u00e3o de souvenirs de qualidade por grosso, e este \u00edman de Barcelona \u00e9 uma op\u00e7\u00e3o excelente para lojas de presentes tur\u00edsticos que desejem oferecer produtos que celebrem a heran\u00e7a cultural da regi\u00e3o. Com este \u00edman, a magia de Barcelona pode estar sempre presente no lar.<\/p>\n","protected":false},"excerpt":{"rendered":"<p>\u00cdman met\u00e1lico de 8 cm com um design panor\u00e2mico que captura a ess\u00eancia de Barcelona. Este \u00edman colorido apresenta uma vibrante ilustra\u00e7\u00e3o da Sagrada Fam\u00edlia e do famoso drag\u00e3o do Parque G\u00fcell, com um estilo mosaico que se destaca pelas suas tonalidades brilhantes e detalhes art\u00edsticos. Com a palavra &#8220;Barcelona&#8221; em letras brancas sobre um fundo azul, \u00e9 um souvenir ideal para recordar a arquitetura modernista da cidade.<\/p>\n","protected":false},"featured_media":11427,"template":"","meta":{"_acf_changed":false},"product_brand":[],"product_cat":[699],"product_tag":[],"class_list":{"0":"post-25897","1":"product","2":"type-product","3":"status-publish","4":"has-post-thumbnail","6":"product_cat-imanes","7":"pa_ciudad-barcelona","8":"pa_motivo-panoramas","9":"pa_pais-espana","11":"first","12":"instock","13":"shipping-taxable","14":"product-type-simple"},"acf":[],"_links":{"self":[{"href":"https:\/\/olemosaic.com\/pt-pt\/wp-json\/wp\/v2\/product\/25897","targetHints":{"allow":["GET"]}}],"collection":[{"href":"https:\/\/olemosaic.com\/pt-pt\/wp-json\/wp\/v2\/product"}],"about":[{"href":"https:\/\/olemosaic.com\/pt-pt\/wp-json\/wp\/v2\/types\/product"}],"wp:featuredmedia":[{"embeddable":true,"href":"https:\/\/olemosaic.com\/pt-pt\/wp-json\/wp\/v2\/media\/11427"}],"wp:attachment":[{"href":"https:\/\/olemosaic.com\/pt-pt\/wp-json\/wp\/v2\/media?parent=25897"}],"wp:term":[{"taxonomy":"product_brand","embeddable":true,"href":"https:\/\/olemosaic.com\/pt-pt\/wp-json\/wp\/v2\/product_brand?post=25897"},{"taxonomy":"product_cat","embeddable":true,"href":"https:\/\/olemosaic.com\/pt-pt\/wp-json\/wp\/v2\/product_cat?post=25897"},{"taxonomy":"product_tag","embeddable":true,"href":"https:\/\/olemosaic.com\/pt-pt\/wp-json\/wp\/v2\/product_tag?post=25897"}],"curies":[{"name":"wp","href":"https:\/\/api.w.org\/{rel}","templated":true}]}}