{"id":25896,"date":"2025-02-20T23:27:55","date_gmt":"2025-02-20T22:27:55","guid":{"rendered":"http:\/\/olemosaic.com\/producto\/iman-de-metal-salamandra-tenerife-plata-8-cm\/"},"modified":"2025-07-25T18:55:04","modified_gmt":"2025-07-25T16:55:04","slug":"iman-de-metal-salamandra-ilha-de-tenerife-prata-8-cm","status":"publish","type":"product","link":"https:\/\/olemosaic.com\/pt-pt\/produto\/iman-de-metal-salamandra-ilha-de-tenerife-prata-8-cm\/","title":{"rendered":"\u00cdman de metal. Salamandra. Ilha de Tenerife. Prata. 8 cm."},"content":{"rendered":"<p>\u00cdman met\u00e1lico de salamandra de Tenerife<\/p>\n<p>Este \u00edman met\u00e1lico destaca-se pelo seu design vibrante e colorido, que evoca a rica biodiversidade de Tenerife. Com dimens\u00f5es de 8 cm, apresenta uma ilustra\u00e7\u00e3o em mosaico de uma salamandra, cuidadosamente desenhada com uma paleta de azuis, verdes, vermelhos e amarelos que representam a beleza natural da ilha. O fundo branco apresenta uma textura elegante que real\u00e7a a ilustra\u00e7\u00e3o central, dando-lhe um toque moderno e fresco. Na parte superior, o texto &#8220;TENERIFE&#8221; aparece em letras chamativas, captando a aten\u00e7\u00e3o instantaneamente.<\/p>\n<p>A salamandra \u00e9 um s\u00edmbolo emblem\u00e1tico das Ilhas Can\u00e1rias, que reflete a liga\u00e7\u00e3o cultural e o folclore da regi\u00e3o, o que torna este \u00edman uma recorda\u00e7\u00e3o aut\u00eantica e representativa da ilha. Ideal como souvenir, este produto n\u00e3o serve apenas para adornar qualquer superf\u00edcie met\u00e1lica, mas tamb\u00e9m para recordar aos visitantes o calor e a beleza de Tenerife.<\/p>\n<p>Na Ol\u00e9 Mosaic, especializamo-nos na distribui\u00e7\u00e3o de souvenirs por grosso, e este \u00edman de salamandra \u00e9 uma excelente op\u00e7\u00e3o para lojas de presentes tur\u00edsticos que procuram oferecer produtos \u00fanicos e culturalmente significativos. Perfeito para quem deseja levar um peda\u00e7o de Tenerife para casa, este \u00edman \u00e9 uma amostra de qualidade e autenticidade em cada detalhe.<\/p>\n","protected":false},"excerpt":{"rendered":"<p>\u00cdman met\u00e1lico com um design vibrante de salamandra, inspirado no colorido folclore de Tenerife. Com dimens\u00f5es de 8 cm, apresenta uma ilustra\u00e7\u00e3o em mosaico com tons azuis, verdes, vermelhos e amarelos, que evocam a rica biodiversidade da ilha. Na parte superior, o texto &#8220;TENERIFE&#8221; destaca-se com letras chamativas. A base branca com textura acrescenta um toque moderno, tornando-o um atraente souvenir que captura a ess\u00eancia can\u00e1ria.<\/p>\n","protected":false},"featured_media":12873,"template":"","meta":{"_acf_changed":false},"product_brand":[],"product_cat":[699],"product_tag":[516],"class_list":{"0":"post-25896","1":"product","2":"type-product","3":"status-publish","4":"has-post-thumbnail","6":"product_cat-imanes","7":"product_tag-animais","8":"pa_ciudad-tenerife","9":"pa_motivo-salamandras","10":"pa_pais-espana","12":"first","13":"instock","14":"shipping-taxable","15":"product-type-simple"},"acf":[],"_links":{"self":[{"href":"https:\/\/olemosaic.com\/pt-pt\/wp-json\/wp\/v2\/product\/25896","targetHints":{"allow":["GET"]}}],"collection":[{"href":"https:\/\/olemosaic.com\/pt-pt\/wp-json\/wp\/v2\/product"}],"about":[{"href":"https:\/\/olemosaic.com\/pt-pt\/wp-json\/wp\/v2\/types\/product"}],"wp:featuredmedia":[{"embeddable":true,"href":"https:\/\/olemosaic.com\/pt-pt\/wp-json\/wp\/v2\/media\/12873"}],"wp:attachment":[{"href":"https:\/\/olemosaic.com\/pt-pt\/wp-json\/wp\/v2\/media?parent=25896"}],"wp:term":[{"taxonomy":"product_brand","embeddable":true,"href":"https:\/\/olemosaic.com\/pt-pt\/wp-json\/wp\/v2\/product_brand?post=25896"},{"taxonomy":"product_cat","embeddable":true,"href":"https:\/\/olemosaic.com\/pt-pt\/wp-json\/wp\/v2\/product_cat?post=25896"},{"taxonomy":"product_tag","embeddable":true,"href":"https:\/\/olemosaic.com\/pt-pt\/wp-json\/wp\/v2\/product_tag?post=25896"}],"curies":[{"name":"wp","href":"https:\/\/api.w.org\/{rel}","templated":true}]}}