{"id":25895,"date":"2025-02-20T23:27:55","date_gmt":"2025-02-20T22:27:55","guid":{"rendered":"http:\/\/olemosaic.com\/producto\/iman-de-metal-mariposa-plata-8-cm\/"},"modified":"2025-07-25T18:38:53","modified_gmt":"2025-07-25T16:38:53","slug":"iman-de-metal-borboleta-prata-8-cm","status":"publish","type":"product","link":"https:\/\/olemosaic.com\/pt-pt\/produto\/iman-de-metal-borboleta-prata-8-cm\/","title":{"rendered":"\u00cdman de metal. Borboleta. Prata. 8 cm."},"content":{"rendered":"<p>\u00cdman met\u00e1lico com borboletas coloridas<\/p>\n<p>Este \u00edman met\u00e1lico de 8 cm \u00e9 uma recorda\u00e7\u00e3o encantadora que reflete a rica cultura visual de Espanha. Adornado com borboletas coloridas sobre um fundo de estilo mosaico, este produto atraente destaca-se pelo seu design vibrante e pintado \u00e0 m\u00e3o. As borboletas, em diversos tons de azul, amarelo e rosa, d\u00e3o vida \u00e0 pe\u00e7a, acompanhadas por flores que trazem um toque extra de alegria e beleza. O contraste das cores vivas sobre a base branca n\u00e3o s\u00f3 real\u00e7a a destreza artesanal, como tamb\u00e9m evoca a luminosidade das paisagens e da arte espanholas.<\/p>\n<p>Este \u00edman n\u00e3o \u00e9 apenas uma recorda\u00e7\u00e3o funcional, mas tamb\u00e9m uma pequena obra de arte que encapsula a ess\u00eancia da criatividade e da paix\u00e3o pela natureza, t\u00e3o presentes na cultura ib\u00e9rica. As borboletas, s\u00edmbolos de transforma\u00e7\u00e3o e beleza, s\u00e3o uma representa\u00e7\u00e3o perfeita da flora e fauna que adornam as terras espanholas. Como um excelente souvenir para turistas e uma atraente adi\u00e7\u00e3o para lojas de presentes, este \u00edman \u00e9 uma forma fant\u00e1stica de levar um pedacinho de Espanha para casa.<\/p>\n<p>Na Ol\u00e9 Mosaic, somos distribuidores de recorda\u00e7\u00f5es por grosso e este \u00edman met\u00e1lico \u00e9 uma op\u00e7\u00e3o ideal para quem procura produtos aut\u00eanticos e de qualidade. Perfeito para quem deseja oferecer recorda\u00e7\u00f5es \u00fanicas que realcem o melhor da tradi\u00e7\u00e3o art\u00edstica espanhola, este \u00edman \u00e9 uma escolha de destaque para qualquer neg\u00f3cio relacionado com o turismo.<\/p>\n","protected":false},"excerpt":{"rendered":"<p>\u00cdman met\u00e1lico de 8 cm adornado com borboletas coloridas sobre um fundo de estilo mosaico. Este atraente souvenir destaca-se pelo seu design vibrante e artesanal, pintado \u00e0 m\u00e3o, que apresenta borboletas em diferentes tons de azul, amarelo e rosa, acompanhadas de flores. O contraste das cores vivas sobre a base branca d\u00e1-lhe um toque alegre e art\u00edstico, tornando-o uma recorda\u00e7\u00e3o ideal para levar um pedacinho da beleza de Espanha.<\/p>\n","protected":false},"featured_media":11445,"template":"","meta":{"_acf_changed":false},"product_brand":[],"product_cat":[699],"product_tag":[516],"class_list":{"0":"post-25895","1":"product","2":"type-product","3":"status-publish","4":"has-post-thumbnail","6":"product_cat-imanes","7":"product_tag-animais","8":"pa_motivo-borboletas","10":"first","11":"instock","12":"shipping-taxable","13":"product-type-simple"},"acf":[],"_links":{"self":[{"href":"https:\/\/olemosaic.com\/pt-pt\/wp-json\/wp\/v2\/product\/25895","targetHints":{"allow":["GET"]}}],"collection":[{"href":"https:\/\/olemosaic.com\/pt-pt\/wp-json\/wp\/v2\/product"}],"about":[{"href":"https:\/\/olemosaic.com\/pt-pt\/wp-json\/wp\/v2\/types\/product"}],"wp:featuredmedia":[{"embeddable":true,"href":"https:\/\/olemosaic.com\/pt-pt\/wp-json\/wp\/v2\/media\/11445"}],"wp:attachment":[{"href":"https:\/\/olemosaic.com\/pt-pt\/wp-json\/wp\/v2\/media?parent=25895"}],"wp:term":[{"taxonomy":"product_brand","embeddable":true,"href":"https:\/\/olemosaic.com\/pt-pt\/wp-json\/wp\/v2\/product_brand?post=25895"},{"taxonomy":"product_cat","embeddable":true,"href":"https:\/\/olemosaic.com\/pt-pt\/wp-json\/wp\/v2\/product_cat?post=25895"},{"taxonomy":"product_tag","embeddable":true,"href":"https:\/\/olemosaic.com\/pt-pt\/wp-json\/wp\/v2\/product_tag?post=25895"}],"curies":[{"name":"wp","href":"https:\/\/api.w.org\/{rel}","templated":true}]}}