{"id":25894,"date":"2025-02-20T23:27:55","date_gmt":"2025-02-20T22:27:55","guid":{"rendered":"http:\/\/olemosaic.com\/producto\/huevera-de-ceramica-salamandra-y-flores-blanco\/"},"modified":"2025-07-25T18:36:49","modified_gmt":"2025-07-25T16:36:49","slug":"porta-ovos-de-ceramica-salamandra-e-flores-branco","status":"publish","type":"product","link":"https:\/\/olemosaic.com\/pt-pt\/produto\/porta-ovos-de-ceramica-salamandra-e-flores-branco\/","title":{"rendered":"Porta-ovos de cer\u00e2mica. Salamandra e flores. Branco"},"content":{"rendered":"<p>Porta-ovos de cer\u00e2mica decorado com salamandras e flores<\/p>\n<p>Este porta-ovos de cer\u00e2mica \u00e9 uma aut\u00eantica joia artesanal que trar\u00e1 um toque distintivo e colorido a qualquer mesa. Fabricado em cer\u00e2mica de alta qualidade, apresenta um elegante fundo branco decorado com vibrantes detalhes em azul, verde, vermelho e amarelo, onde se destacam duas salamandras estilizadas em movimento, rodeadas de belos motivos florais pintados \u00e0 m\u00e3o. O seu design, al\u00e9m de ser funcional para servir ovos, torna-se uma encantadora pe\u00e7a decorativa, ideal para quem aprecia a cer\u00e2mica art\u00edstica t\u00edpica de Espanha.<\/p>\n<p>O uso de salamandras, elementos simb\u00f3licos na cultura espanhola que representam a transforma\u00e7\u00e3o e a renova\u00e7\u00e3o, acrescenta uma nuance cultural significativa ao porta-ovos. Esta pe\u00e7a captura a ess\u00eancia do folclore espanhol, tornando-a uma recorda\u00e7\u00e3o perfeita para turistas que procuram souvenirs aut\u00eanticos e representativos da sua viagem. Elaborada por artes\u00e3os especialistas, cada porta-ovos \u00e9 \u00fanico, real\u00e7ando a tradi\u00e7\u00e3o cer\u00e2mica que tem sido transmitida de gera\u00e7\u00e3o em gera\u00e7\u00e3o.<\/p>\n<p>Na Ol\u00e9 Mosaic, como distribuidores de souvenirs por grosso, oferecemos este porta-ovos de cer\u00e2mica como uma op\u00e7\u00e3o ideal para lojas de presentes tur\u00edsticos que desejem oferecer produtos com autenticidade e valor cultural. N\u00e3o \u00e9 apenas um presente funcional, mas uma pe\u00e7a de arte que, sem d\u00favida, encantar\u00e1 quem tiver a sorte de a adquirir.<\/p>\n","protected":false},"excerpt":{"rendered":"<p>Porta-ovos de cer\u00e2mica decorado com salamandras e flores, ideal para dar um toque distintivo \u00e0 mesa. O seu design, sobre um fundo branco, apresenta coloridos detalhes em azul, verde, vermelho e amarelo, destacando duas salamandras estilizadas e motivos florais pintados \u00e0 m\u00e3o. Este elegante acess\u00f3rio, t\u00edpico do folclore espanhol, n\u00e3o \u00e9 apenas funcional, mas tamb\u00e9m serve como uma pe\u00e7a decorativa vibrante e atraente. Perfeito para os amantes da cer\u00e2mica art\u00edstica.<\/p>\n","protected":false},"featured_media":8365,"template":"","meta":{"_acf_changed":false},"product_brand":[],"product_cat":[666],"product_tag":[516,515],"class_list":{"0":"post-25894","1":"product","2":"type-product","3":"status-publish","4":"has-post-thumbnail","6":"product_cat-copos-para-ovos","7":"product_tag-animais","8":"product_tag-ceramica","9":"pa_motivo-salamandras","11":"first","12":"instock","13":"shipping-taxable","14":"product-type-simple"},"acf":[],"_links":{"self":[{"href":"https:\/\/olemosaic.com\/pt-pt\/wp-json\/wp\/v2\/product\/25894","targetHints":{"allow":["GET"]}}],"collection":[{"href":"https:\/\/olemosaic.com\/pt-pt\/wp-json\/wp\/v2\/product"}],"about":[{"href":"https:\/\/olemosaic.com\/pt-pt\/wp-json\/wp\/v2\/types\/product"}],"wp:featuredmedia":[{"embeddable":true,"href":"https:\/\/olemosaic.com\/pt-pt\/wp-json\/wp\/v2\/media\/8365"}],"wp:attachment":[{"href":"https:\/\/olemosaic.com\/pt-pt\/wp-json\/wp\/v2\/media?parent=25894"}],"wp:term":[{"taxonomy":"product_brand","embeddable":true,"href":"https:\/\/olemosaic.com\/pt-pt\/wp-json\/wp\/v2\/product_brand?post=25894"},{"taxonomy":"product_cat","embeddable":true,"href":"https:\/\/olemosaic.com\/pt-pt\/wp-json\/wp\/v2\/product_cat?post=25894"},{"taxonomy":"product_tag","embeddable":true,"href":"https:\/\/olemosaic.com\/pt-pt\/wp-json\/wp\/v2\/product_tag?post=25894"}],"curies":[{"name":"wp","href":"https:\/\/api.w.org\/{rel}","templated":true}]}}