{"id":25887,"date":"2025-02-20T23:27:54","date_gmt":"2025-02-20T22:27:54","guid":{"rendered":"http:\/\/olemosaic.com\/producto\/funda-de-telefono-para-samsung-a12-tpu-panoramica-barcelona-azul\/"},"modified":"2025-07-25T18:47:59","modified_gmt":"2025-07-25T16:47:59","slug":"capa-de-telemovel-para-samsung-a12-tpu-panoramica-barcelona-azul","status":"publish","type":"product","link":"https:\/\/olemosaic.com\/pt-pt\/produto\/capa-de-telemovel-para-samsung-a12-tpu-panoramica-barcelona-azul\/","title":{"rendered":"Capa de telem\u00f3vel para Samsung A12 (TPU). Panor\u00e2mica de Barcelona com palmeiras. Azul"},"content":{"rendered":"<p>Capa para Samsung A12 com panor\u00e2mica de Barcelona<\/p>\n<p>Esta capa para Samsung A12 \u00e9 a recorda\u00e7\u00e3o perfeita para capturar a vibrante ess\u00eancia de Barcelona. Fabricada em TPU, este acess\u00f3rio combina prote\u00e7\u00e3o duradoura com um design atraente que real\u00e7a a emblem\u00e1tica Sagrada Fam\u00edlia, um dos monumentos mais ic\u00f3nicos da cidade. A colorida ilustra\u00e7\u00e3o estende-se numa panor\u00e2mica que inclui palmeiras e um c\u00e9u azul limpo com um sol radiante, evocando os dias ensolarados que caracterizam a Costa Mediterr\u00e2nica.<\/p>\n<p>Os detalhes art\u00edsticos apresentam n\u00e3o s\u00f3 a majestosa arquitetura modernista de Gaud\u00ed, mas tamb\u00e9m elementos mar\u00edtimos e outros edif\u00edcios emblem\u00e1ticos, tudo em tonalidades brilhantes que atraem o olhar e d\u00e3o vida \u00e0 capa. Este produto n\u00e3o s\u00f3 oferece seguran\u00e7a para o seu dispositivo, como tamb\u00e9m atua como uma recorda\u00e7\u00e3o cultural que sintetiza a vibrante vida e o patrim\u00f3nio de Barcelona, fazendo de cada utiliza\u00e7\u00e3o uma viagem visual a esta cidade maravilhosa. Ideal para turistas que procuram recorda\u00e7\u00f5es \u00fanicas, esta capa \u00e9 uma excelente op\u00e7\u00e3o para as lojas de presentes tur\u00edsticos. Na Ol\u00e9 Mosaic, especializamo-nos na distribui\u00e7\u00e3o de recorda\u00e7\u00f5es por grosso, oferecendo produtos aut\u00eanticos e de qualidade que destacam a rica cultura espanhola.<\/p>\n","protected":false},"excerpt":{"rendered":"<p>Capa para telem\u00f3vel Samsung A12 fabricada em TPU com uma vibrante panor\u00e2mica de Barcelona. Este design colorido apresenta a ic\u00f3nica Sagrada Fam\u00edlia, rodeada de palmeiras e um c\u00e9u azul limpo com um sol radiante. A ilustra\u00e7\u00e3o destaca elementos emblem\u00e1ticos da cidade, como edif\u00edcios modernistas e detalhes mar\u00edtimos, tudo em tons brilhantes. Com um acabamento duradouro e flex\u00edvel, esta capa n\u00e3o s\u00f3 embeleza o seu dispositivo, como tamb\u00e9m oferece uma prote\u00e7\u00e3o eficaz.<\/p>\n","protected":false},"featured_media":12494,"template":"","meta":{"_acf_changed":false},"product_brand":[],"product_cat":[685],"product_tag":[],"class_list":{"0":"post-25887","1":"product","2":"type-product","3":"status-publish","4":"has-post-thumbnail","6":"product_cat-capas-para-telemoveis","7":"pa_ciudad-barcelona","8":"pa_motivo-panoramas","9":"pa_pais-espana","11":"first","12":"instock","13":"shipping-taxable","14":"product-type-simple"},"acf":[],"_links":{"self":[{"href":"https:\/\/olemosaic.com\/pt-pt\/wp-json\/wp\/v2\/product\/25887","targetHints":{"allow":["GET"]}}],"collection":[{"href":"https:\/\/olemosaic.com\/pt-pt\/wp-json\/wp\/v2\/product"}],"about":[{"href":"https:\/\/olemosaic.com\/pt-pt\/wp-json\/wp\/v2\/types\/product"}],"wp:featuredmedia":[{"embeddable":true,"href":"https:\/\/olemosaic.com\/pt-pt\/wp-json\/wp\/v2\/media\/12494"}],"wp:attachment":[{"href":"https:\/\/olemosaic.com\/pt-pt\/wp-json\/wp\/v2\/media?parent=25887"}],"wp:term":[{"taxonomy":"product_brand","embeddable":true,"href":"https:\/\/olemosaic.com\/pt-pt\/wp-json\/wp\/v2\/product_brand?post=25887"},{"taxonomy":"product_cat","embeddable":true,"href":"https:\/\/olemosaic.com\/pt-pt\/wp-json\/wp\/v2\/product_cat?post=25887"},{"taxonomy":"product_tag","embeddable":true,"href":"https:\/\/olemosaic.com\/pt-pt\/wp-json\/wp\/v2\/product_tag?post=25887"}],"curies":[{"name":"wp","href":"https:\/\/api.w.org\/{rel}","templated":true}]}}