{"id":25886,"date":"2025-02-20T22:27:54","date_gmt":"2025-02-20T22:27:54","guid":{"rendered":"http:\/\/olemosaic.com\/producto\/funda-de-telefono-para-iphone-14-tpu-panoramica-barcelona-blanco\/"},"modified":"2025-07-25T18:42:44","modified_gmt":"2025-07-25T16:42:44","slug":"capa-de-telemovel-para-iphone-14-tpu-panoramica-barcelona-branco","status":"publish","type":"product","link":"https:\/\/olemosaic.com\/pt-pt\/produto\/capa-de-telemovel-para-iphone-14-tpu-panoramica-barcelona-branco\/","title":{"rendered":"Capa de telem\u00f3vel para iPhone 14 (TPU). Panor\u00e2mica. Barcelona. Branco"},"content":{"rendered":"<p>Capa para iPhone 14 &#8211; Barcelona<\/p>\n<p>Esta capa para iPhone 14 \u00e9 a combina\u00e7\u00e3o perfeita de funcionalidade e arte, desenhada para quem deseja levar consigo um peda\u00e7o da vibrante cidade de Barcelona. Fabricada em TPU, este acess\u00f3rio destaca-se pela sua leveza e durabilidade, garantindo uma prote\u00e7\u00e3o ideal contra choques e riscos. O seu design colorido mostra uma panor\u00e2mica evocativa, inspirada nos ic\u00f3nicos mosaicos da Sagrada Fam\u00edlia, a famosa obra de Gaud\u00ed, complementada com outros elementos representativos da cidade. O fundo branco real\u00e7a os tons brilhantes de azul, vermelho, amarelo e verde, criando uma imagem que irradia energia e criatividade.<\/p>\n<p>O texto estilizado &#8220;Barcelona&#8221; acrescenta um toque distintivo que liga emocionalmente o visitante, recordando-lhe a riqueza cultural e hist\u00f3rica desta metr\u00f3pole catal\u00e3. Este souvenir n\u00e3o s\u00f3 \u00e9 um acess\u00f3rio pr\u00e1tico, como tamb\u00e9m uma espl\u00eandida recorda\u00e7\u00e3o visual que celebra a arquitetura e a arte de Barcelona. Perfeita para turistas que procuram souvenirs aut\u00eanticos, esta capa encapsula a ess\u00eancia de la cidade, tornando-a um excelente artigo para lojas de presentes tur\u00edsticos. Na Ol\u00e9 Mosaic, como grossistas de complementos e souvenirs aut\u00eanticos, oferecemos esta capa de telem\u00f3vel como uma op\u00e7\u00e3o ideal para quem deseja oferecer aos seus clientes uma recorda\u00e7\u00e3o significativa e representativa de Barcelona.<\/p>\n","protected":false},"excerpt":{"rendered":"<p>Capa para iPhone 14 fabricada em TPU, decorada com uma vibrante panor\u00e2mica de Barcelona. A capa apresenta um design colorido inspirado nos mosaicos da Sagrada Fam\u00edlia, a famosa obra de Gaud\u00ed, e outros elementos ic\u00f3nicos da cidade. O seu fundo branco real\u00e7a os tons brilhantes de azul, vermelho, amarelo e verde, juntamente com o texto &#8220;Barcelona&#8221; estilizado, oferecendo uma prote\u00e7\u00e3o moderna e art\u00edstica para o seu dispositivo.<\/p>\n","protected":false},"featured_media":12354,"template":"","meta":{"_acf_changed":false},"product_brand":[],"product_cat":[685],"product_tag":[],"class_list":{"0":"post-25886","1":"product","2":"type-product","3":"status-publish","4":"has-post-thumbnail","6":"product_cat-capas-para-telemoveis","7":"pa_ciudad-barcelona","8":"pa_motivo-panoramas","9":"pa_pais-espana","11":"first","12":"instock","13":"shipping-taxable","14":"product-type-simple"},"acf":[],"_links":{"self":[{"href":"https:\/\/olemosaic.com\/pt-pt\/wp-json\/wp\/v2\/product\/25886","targetHints":{"allow":["GET"]}}],"collection":[{"href":"https:\/\/olemosaic.com\/pt-pt\/wp-json\/wp\/v2\/product"}],"about":[{"href":"https:\/\/olemosaic.com\/pt-pt\/wp-json\/wp\/v2\/types\/product"}],"wp:featuredmedia":[{"embeddable":true,"href":"https:\/\/olemosaic.com\/pt-pt\/wp-json\/wp\/v2\/media\/12354"}],"wp:attachment":[{"href":"https:\/\/olemosaic.com\/pt-pt\/wp-json\/wp\/v2\/media?parent=25886"}],"wp:term":[{"taxonomy":"product_brand","embeddable":true,"href":"https:\/\/olemosaic.com\/pt-pt\/wp-json\/wp\/v2\/product_brand?post=25886"},{"taxonomy":"product_cat","embeddable":true,"href":"https:\/\/olemosaic.com\/pt-pt\/wp-json\/wp\/v2\/product_cat?post=25886"},{"taxonomy":"product_tag","embeddable":true,"href":"https:\/\/olemosaic.com\/pt-pt\/wp-json\/wp\/v2\/product_tag?post=25886"}],"curies":[{"name":"wp","href":"https:\/\/api.w.org\/{rel}","templated":true}]}}