{"id":25884,"date":"2025-02-20T22:27:54","date_gmt":"2025-02-20T22:27:54","guid":{"rendered":"http:\/\/olemosaic.com\/producto\/funda-de-telefono-para-iphone-12-tpu-gato-mallorca-negro\/"},"modified":"2025-07-25T18:59:41","modified_gmt":"2025-07-25T16:59:41","slug":"capa-de-telemovel-para-iphone-12-tpu-gato-maiorca-preto","status":"publish","type":"product","link":"https:\/\/olemosaic.com\/pt-pt\/produto\/capa-de-telemovel-para-iphone-12-tpu-gato-maiorca-preto\/","title":{"rendered":"Capa de telem\u00f3vel para iPhone 12 (TPU). Gato. Maiorca. Preto"},"content":{"rendered":"<p>Capa para iPhone 12 com design de gato de mosaico &#8211; Maiorca<\/p>\n<p>Descubra a capa para iPhone 12 que funde funcionalidade e arte num \u00fanico produto. Fabricada em TPU, um material de alta resist\u00eancia que protege eficazmente contra choques e riscos, esta capa destaca-se pelo seu design vibrante. A ilustra\u00e7\u00e3o apresenta um encantador gato de estilo mosaico, em tonalidades multicoloridas, que simboliza a beleza e diversidade de Maiorca. Com a sua express\u00e3o curiosa e o seu corpo formado por pe\u00e7as de cer\u00e2mica de diferentes cores, o gato evoca a rica tradi\u00e7\u00e3o artesanal do mosaico, t\u00e3o emblem\u00e1tica das Ilhas Baleares.<\/p>\n<p>O fundo preto da capa real\u00e7a as cores brilhantes do design, criando um contraste que atrai todos os olhares. Al\u00e9m disso, a decora\u00e7\u00e3o de borboletas que rodeiam o gato acrescenta um toque de alegria e dinamismo, evocando a vibrante natureza do ambiente maiorquino. Esta capa n\u00e3o s\u00f3 protege o seu dispositivo, como tamb\u00e9m serve como uma recorda\u00e7\u00e3o da bela paisagem mediterr\u00e2nica e da cultura local.<\/p>\n<p>Um souvenir ideal para turistas que procuram recordar a sua passagem por Maiorca, esta capa \u00e9 uma excelente op\u00e7\u00e3o para lojas de presentes tur\u00edsticos. Na Ol\u00e9 Mosaic, especializamo-nos na distribui\u00e7\u00e3o de souvenirs por grosso, oferecendo produtos aut\u00eanticos e art\u00edsticos que real\u00e7am a ess\u00eancia da heran\u00e7a cultural espanhola. Certifique-se de incluir esta capa de gato na sua oferta de souvenirs, perfeita para quem valoriza tanto a est\u00e9tica como a funcionalidade.<\/p>\n","protected":false},"excerpt":{"rendered":"<p>Capa para iPhone 12 fabricada em TPU, com um design vibrante que mostra um gato de estilo mosaico em tons multicoloridos. Inspirada na beleza de Maiorca, a ilustra\u00e7\u00e3o inclui borboletas que conferem um toque de alegria e dinamismo ao design. Com um fundo preto que contrasta com as cores brilhantes, esta capa n\u00e3o s\u00f3 protege o seu dispositivo, como tamb\u00e9m captura a ess\u00eancia mediterr\u00e2nica com um acabamento art\u00edstico que evoca a cultura local.<\/p>\n","protected":false},"featured_media":12913,"template":"","meta":{"_acf_changed":false},"product_brand":[],"product_cat":[685],"product_tag":[516],"class_list":{"0":"post-25884","1":"product","2":"type-product","3":"status-publish","4":"has-post-thumbnail","6":"product_cat-capas-para-telemoveis","7":"product_tag-animais","8":"pa_ciudad-mallorca","9":"pa_motivo-gatos","10":"pa_pais-espana","12":"first","13":"instock","14":"shipping-taxable","15":"product-type-simple"},"acf":[],"_links":{"self":[{"href":"https:\/\/olemosaic.com\/pt-pt\/wp-json\/wp\/v2\/product\/25884","targetHints":{"allow":["GET"]}}],"collection":[{"href":"https:\/\/olemosaic.com\/pt-pt\/wp-json\/wp\/v2\/product"}],"about":[{"href":"https:\/\/olemosaic.com\/pt-pt\/wp-json\/wp\/v2\/types\/product"}],"wp:featuredmedia":[{"embeddable":true,"href":"https:\/\/olemosaic.com\/pt-pt\/wp-json\/wp\/v2\/media\/12913"}],"wp:attachment":[{"href":"https:\/\/olemosaic.com\/pt-pt\/wp-json\/wp\/v2\/media?parent=25884"}],"wp:term":[{"taxonomy":"product_brand","embeddable":true,"href":"https:\/\/olemosaic.com\/pt-pt\/wp-json\/wp\/v2\/product_brand?post=25884"},{"taxonomy":"product_cat","embeddable":true,"href":"https:\/\/olemosaic.com\/pt-pt\/wp-json\/wp\/v2\/product_cat?post=25884"},{"taxonomy":"product_tag","embeddable":true,"href":"https:\/\/olemosaic.com\/pt-pt\/wp-json\/wp\/v2\/product_tag?post=25884"}],"curies":[{"name":"wp","href":"https:\/\/api.w.org\/{rel}","templated":true}]}}