{"id":25843,"date":"2025-02-20T23:27:54","date_gmt":"2025-02-20T22:27:54","guid":{"rendered":"http:\/\/olemosaic.com\/producto\/funda-de-telefono-para-iphone-12-tpu-abstracto-verde\/"},"modified":"2025-07-25T19:10:24","modified_gmt":"2025-07-25T17:10:24","slug":"capa-de-telemovel-para-iphone-12-tpu-abstrato-verde","status":"publish","type":"product","link":"https:\/\/olemosaic.com\/pt-pt\/produto\/capa-de-telemovel-para-iphone-12-tpu-abstrato-verde\/","title":{"rendered":"Capa de telem\u00f3vel para iPhone 12 (TPU). Abstrato com movimento. Verde"},"content":{"rendered":"<p>Capa de telem\u00f3vel para iPhone 12 &#8211; Design Abstrato em Tons Verdes e Multicores<\/p>\n<p>Descubra a nossa capa para iPhone 12, fabricada em TPU, que funde funcionalidade e arte num s\u00f3 produto. Este design abstrato, com uma vibrante mistura de tons verdes e outras cores, cria uma imagem visual de formas fluidas que evoca movimento e criatividade. A superf\u00edcie da capa, com padr\u00f5es que lembram as ondas de uma paisagem aqu\u00e1tica, est\u00e1 pensada para captar olhares, transformando o seu telem\u00f3vel numa aut\u00eantica obra de arte.<\/p>\n<p>Esta capa n\u00e3o s\u00f3 se destaca pelo seu aspeto moderno e chamativo, como tamb\u00e9m oferece uma prote\u00e7\u00e3o flex\u00edvel e duradoura para o seu dispositivo, assegurando que o seu iPhone 12 esteja a salvo de choques e riscos. O material TPU garante uma cobertura leve e manej\u00e1vel, ideal para quem n\u00e3o quer renunciar ao estilo pela seguran\u00e7a.<\/p>\n<p>Este produto representa a uni\u00e3o do design contempor\u00e2neo com a necessidade de prote\u00e7\u00e3o, tornando-se uma recorda\u00e7\u00e3o atrativa para quem procura expressar a sua personalidade atrav\u00e9s dos seus acess\u00f3rios tecnol\u00f3gicos. Na Ol\u00e9 Mosaic, distribu\u00edmos produtos \u00fanicos e representativos, fazendo desta capa uma excelente op\u00e7\u00e3o para lojas de presentes tur\u00edsticos que apreciam a autenticidade e a arte nas suas recorda\u00e7\u00f5es.<\/p>\n","protected":false},"excerpt":{"rendered":"<p>Capa para iPhone 12 fabricada em TPU com um design abstrato em tons verdes e multicores. A superf\u00edcie apresenta uma atrativa mistura de formas fluidas e vibrantes que evocam movimento e criatividade. Esta capa oferece uma prote\u00e7\u00e3o flex\u00edvel e duradoura para o seu dispositivo, ao mesmo tempo que se destaca pelo seu estilo chamativo e moderno. Ideal para quem procura uma combina\u00e7\u00e3o de funcionalidade e design art\u00edstico nos seus acess\u00f3rios tecnol\u00f3gicos.<\/p>\n","protected":false},"featured_media":12222,"template":"","meta":{"_acf_changed":false},"product_brand":[],"product_cat":[685],"product_tag":[],"class_list":{"0":"post-25843","1":"product","2":"type-product","3":"status-publish","4":"has-post-thumbnail","6":"product_cat-capas-para-telemoveis","7":"pa_motivo-resumo","9":"first","10":"instock","11":"shipping-taxable","12":"product-type-simple"},"acf":[],"_links":{"self":[{"href":"https:\/\/olemosaic.com\/pt-pt\/wp-json\/wp\/v2\/product\/25843","targetHints":{"allow":["GET"]}}],"collection":[{"href":"https:\/\/olemosaic.com\/pt-pt\/wp-json\/wp\/v2\/product"}],"about":[{"href":"https:\/\/olemosaic.com\/pt-pt\/wp-json\/wp\/v2\/types\/product"}],"wp:featuredmedia":[{"embeddable":true,"href":"https:\/\/olemosaic.com\/pt-pt\/wp-json\/wp\/v2\/media\/12222"}],"wp:attachment":[{"href":"https:\/\/olemosaic.com\/pt-pt\/wp-json\/wp\/v2\/media?parent=25843"}],"wp:term":[{"taxonomy":"product_brand","embeddable":true,"href":"https:\/\/olemosaic.com\/pt-pt\/wp-json\/wp\/v2\/product_brand?post=25843"},{"taxonomy":"product_cat","embeddable":true,"href":"https:\/\/olemosaic.com\/pt-pt\/wp-json\/wp\/v2\/product_cat?post=25843"},{"taxonomy":"product_tag","embeddable":true,"href":"https:\/\/olemosaic.com\/pt-pt\/wp-json\/wp\/v2\/product_tag?post=25843"}],"curies":[{"name":"wp","href":"https:\/\/api.w.org\/{rel}","templated":true}]}}