{"id":25842,"date":"2025-02-20T22:27:54","date_gmt":"2025-02-20T22:27:54","guid":{"rendered":"http:\/\/olemosaic.com\/producto\/funda-de-telefono-para-iphone-11-pro-tpu-gato-mallorca-blanco\/"},"modified":"2025-07-25T18:52:57","modified_gmt":"2025-07-25T16:52:57","slug":"capa-de-telemovel-para-iphone-11-pro-tpu-gato-maiorca-branco","status":"publish","type":"product","link":"https:\/\/olemosaic.com\/pt-pt\/produto\/capa-de-telemovel-para-iphone-11-pro-tpu-gato-maiorca-branco\/","title":{"rendered":"Capa de telem\u00f3vel para iPhone 11 Pro (TPU). Gato. Maiorca. Branco"},"content":{"rendered":"<p>Capa de telem\u00f3vel para iPhone 11 Pro \u2013 Gato de Maiorca<\/p>\n<p>Descubra a encantadora capa para iPhone 11 Pro, elaborada em TPU, que se destaca pelo seu design vibrante e culturalmente significativo. Decorada com um colorido gato ao estilo mosaico, esta capa capta a ess\u00eancia de Maiorca, real\u00e7ando a beleza natural e art\u00edstica da ilha. O gato, com o seu corpo formado por um mosaico de cores brilhantes \u2014 vermelhos, azuis, verdes e amarelos \u2014, emana alegria e vivacidade, criando uma liga\u00e7\u00e3o visual imediata. Este impressionante design situa-se sobre um fundo branco sujo que evoca as tradi\u00e7\u00f5es artesanais da regi\u00e3o, real\u00e7ando a arte do mosaico, parte integrante do patrim\u00f3nio maiorquino.<\/p>\n<p>Al\u00e9m do seu atrativo visual, esta capa oferece uma prote\u00e7\u00e3o duradoura para o seu dispositivo, combinando estilo e funcionalidade de maneira excecional. As borboletas que adornam a parte superior adicionam um toque de leveza e felicidade, simbolizando a biodiversidade da ilha. Esta recorda\u00e7\u00e3o n\u00e3o s\u00f3 \u00e9 perfeita para quem procura um acess\u00f3rio \u00fanico, como tamb\u00e9m representa uma pe\u00e7a da rica cultura maiorquina.<\/p>\n<p>Como grossistas de recorda\u00e7\u00f5es, na Ol\u00e9 Mosaic orgulhamo-nos de oferecer produtos aut\u00eanticos que ligam os turistas \u00e0 heran\u00e7a dos seus destinos. A capa para iPhone 11 Pro com design de gato \u00e9 uma ideia brilhante para lojas de presentes tur\u00edsticos que procuram oferecer pe\u00e7as significativas e de alta qualidade que reflitam a identidade cultural de Maiorca.<\/p>\n","protected":false},"excerpt":{"rendered":"<p>Capa para iPhone 11 Pro fabricada em TPU, decorada com um gato colorido de estilo mosaico, inspirado na beleza de Maiorca. O design apresenta uma mistura de cores vibrantes que se destacam sobre um fundo branco sujo, acompanhado de borboletas que adicionam um toque alegre. Este acess\u00f3rio n\u00e3o s\u00f3 protege o seu telem\u00f3vel, como tamb\u00e9m reflete o encanto cultural da ilha, tornando-se um complemento ideal para os amantes dos animais e da arte.<\/p>\n","protected":false},"featured_media":13382,"template":"","meta":{"_acf_changed":false},"product_brand":[],"product_cat":[685],"product_tag":[516],"class_list":{"0":"post-25842","1":"product","2":"type-product","3":"status-publish","4":"has-post-thumbnail","6":"product_cat-capas-para-telemoveis","7":"product_tag-animais","8":"pa_ciudad-mallorca","9":"pa_motivo-gatos","10":"pa_pais-espana","12":"first","13":"instock","14":"shipping-taxable","15":"product-type-simple"},"acf":[],"_links":{"self":[{"href":"https:\/\/olemosaic.com\/pt-pt\/wp-json\/wp\/v2\/product\/25842","targetHints":{"allow":["GET"]}}],"collection":[{"href":"https:\/\/olemosaic.com\/pt-pt\/wp-json\/wp\/v2\/product"}],"about":[{"href":"https:\/\/olemosaic.com\/pt-pt\/wp-json\/wp\/v2\/types\/product"}],"wp:featuredmedia":[{"embeddable":true,"href":"https:\/\/olemosaic.com\/pt-pt\/wp-json\/wp\/v2\/media\/13382"}],"wp:attachment":[{"href":"https:\/\/olemosaic.com\/pt-pt\/wp-json\/wp\/v2\/media?parent=25842"}],"wp:term":[{"taxonomy":"product_brand","embeddable":true,"href":"https:\/\/olemosaic.com\/pt-pt\/wp-json\/wp\/v2\/product_brand?post=25842"},{"taxonomy":"product_cat","embeddable":true,"href":"https:\/\/olemosaic.com\/pt-pt\/wp-json\/wp\/v2\/product_cat?post=25842"},{"taxonomy":"product_tag","embeddable":true,"href":"https:\/\/olemosaic.com\/pt-pt\/wp-json\/wp\/v2\/product_tag?post=25842"}],"curies":[{"name":"wp","href":"https:\/\/api.w.org\/{rel}","templated":true}]}}