{"id":25839,"date":"2025-02-20T22:27:53","date_gmt":"2025-02-20T22:27:53","guid":{"rendered":"http:\/\/olemosaic.com\/producto\/funda-de-telefono-para-iphone-14-promax-tpu-mosaico-blanco\/"},"modified":"2025-07-25T18:51:04","modified_gmt":"2025-07-25T16:51:04","slug":"capa-de-telemovel-para-iphone-14-promax-tpu-mosaico-branco","status":"publish","type":"product","link":"https:\/\/olemosaic.com\/pt-pt\/produto\/capa-de-telemovel-para-iphone-14-promax-tpu-mosaico-branco\/","title":{"rendered":"Capa de telem\u00f3vel para iPhone 14 Pro Max (TPU). Mosaico. Branco"},"content":{"rendered":"<p>Capa para iPhone 14 Pro Max com design de mosaico<\/p>\n<p>Esta capa para iPhone 14 Pro Max, elegante e funcional, funde prote\u00e7\u00e3o e estilo, e est\u00e1 desenhada para quem procura um acess\u00f3rio que reflita a rica tradi\u00e7\u00e3o cultural espanhola. Fabricada em TPU de alta qualidade, a capa destaca-se pelo seu design vibrante que reproduz a famosa arte do mosaico, um elemento ic\u00f3nico da arquitetura espanhola, especialmente em zonas como a Andaluzia. O seu estampado colorido inclui padr\u00f5es florais e geom\u00e9tricos em cativantes tons de vermelho, azul e amarelo, criando uma composi\u00e7\u00e3o visual impactante que, al\u00e9m de proteger o dispositivo, o converte numa aut\u00eantica obra de arte.<\/p>\n<p>O fundo branco da capa proporciona um contraste atrativo, real\u00e7ando os detalhes dos mosaicos e conferindo um ar de frescura e modernidade. A liga\u00e7\u00e3o cultural deste design evoca a diversidade art\u00edstica de Espanha, onde os azulejos e mosaicos s\u00e3o protagonistas em monumentos e pra\u00e7as emblem\u00e1ticas. A Ol\u00e9 Mosaic orgulha-se de oferecer esta capa como uma recorda\u00e7\u00e3o aut\u00eantica e representativa, ideal para turistas e amantes da cultura espanhola que desejem levar consigo um peda\u00e7o do seu esplendor. Como distribuidores de recorda\u00e7\u00f5es por grosso, garantimos um produto de qualidade perfeito para lojas de presentes tur\u00edsticos focadas numa clientela que aprecia a cultura e o artesanato aut\u00eanticos. Esta capa de mosaico n\u00e3o \u00e9 apenas um acess\u00f3rio, mas uma recorda\u00e7\u00e3o fascinante da heran\u00e7a art\u00edstica espanhola.<\/p>\n","protected":false},"excerpt":{"rendered":"<p>Capa para iPhone 14 Pro Max fabricada em TPU, adornada com um vibrante design de mosaico. Esta elegante capa protetora destaca-se pelo seu estampado colorido, que inclui diversos motivos florais e geom\u00e9tricos em tons de vermelho, azul e amarelo, evocando a rica tradi\u00e7\u00e3o dos azulejos espanh\u00f3is. O seu acabamento branco proporciona um contraste atrativo, o que torna esta capa uma op\u00e7\u00e3o ideal para quem procura combinar estilo e prote\u00e7\u00e3o para o seu dispositivo.<\/p>\n","protected":false},"featured_media":13025,"template":"","meta":{"_acf_changed":false},"product_brand":[],"product_cat":[685],"product_tag":[],"class_list":{"0":"post-25839","1":"product","2":"type-product","3":"status-publish","4":"has-post-thumbnail","6":"product_cat-capas-para-telemoveis","7":"pa_motivo-mosaico","9":"first","10":"instock","11":"shipping-taxable","12":"product-type-simple"},"acf":[],"_links":{"self":[{"href":"https:\/\/olemosaic.com\/pt-pt\/wp-json\/wp\/v2\/product\/25839","targetHints":{"allow":["GET"]}}],"collection":[{"href":"https:\/\/olemosaic.com\/pt-pt\/wp-json\/wp\/v2\/product"}],"about":[{"href":"https:\/\/olemosaic.com\/pt-pt\/wp-json\/wp\/v2\/types\/product"}],"wp:featuredmedia":[{"embeddable":true,"href":"https:\/\/olemosaic.com\/pt-pt\/wp-json\/wp\/v2\/media\/13025"}],"wp:attachment":[{"href":"https:\/\/olemosaic.com\/pt-pt\/wp-json\/wp\/v2\/media?parent=25839"}],"wp:term":[{"taxonomy":"product_brand","embeddable":true,"href":"https:\/\/olemosaic.com\/pt-pt\/wp-json\/wp\/v2\/product_brand?post=25839"},{"taxonomy":"product_cat","embeddable":true,"href":"https:\/\/olemosaic.com\/pt-pt\/wp-json\/wp\/v2\/product_cat?post=25839"},{"taxonomy":"product_tag","embeddable":true,"href":"https:\/\/olemosaic.com\/pt-pt\/wp-json\/wp\/v2\/product_tag?post=25839"}],"curies":[{"name":"wp","href":"https:\/\/api.w.org\/{rel}","templated":true}]}}