{"id":24354,"date":"2025-02-20T23:32:03","date_gmt":"2025-02-20T22:32:03","guid":{"rendered":"https:\/\/olemosaic.com\/producto\/iman-de-ceramica-mosaico-barcelona-branco\/"},"modified":"2025-02-20T23:32:03","modified_gmt":"2025-02-20T22:32:03","slug":"iman-de-ceramica-mosaico-barcelona-branco","status":"publish","type":"product","link":"https:\/\/olemosaic.com\/pt-pt\/produto\/iman-de-ceramica-mosaico-barcelona-branco\/","title":{"rendered":"\u00cdman de cer\u00e2mica. Mosaico. Barcelona. Branco."},"content":{"rendered":"<p>Este \u00edman de cer\u00e2mica vibrante e colorido, inspirado na arte decorativa portuguesa, \u00e9 uma lembran\u00e7a aut\u00eantica que resume a ess\u00eancia da cultura portuguesa. O seu design apresenta uma rica variedade de padr\u00f5es geom\u00e9tricos e florais, com uma paleta que inclui tons vivos de azul, laranja e vermelho, evocando a alegria e a diversidade da cer\u00e2mica tradicional do pa\u00eds. A forma estilizada do \u00edman, com uma base branca que real\u00e7a as cores, torna-o uma pe\u00e7a \u00fanica para adornar qualquer superf\u00edcie met\u00e1lica, desde frigor\u00edficos a quadros magn\u00e9ticos.  <\/p>\n<p>Cada \u00edman \u00e9 meticulosamente pintado \u00e0 m\u00e3o, garantindo a autenticidade e o car\u00e1cter distintivo de cada pe\u00e7a. Este \u00edman n\u00e3o s\u00f3 \u00e9 funcional, como tamb\u00e9m funciona como uma lembran\u00e7a constante do esplendor do patrim\u00f3nio cultural portugu\u00eas, evocando nos viajantes a sua passagem por um pa\u00eds conhecido pela sua rica hist\u00f3ria na cer\u00e2mica e na arte decorativa. Na Ol\u00e9 Mosaic, sabemos que este \u00edman de cer\u00e2mica \u00e9 uma excelente escolha para as lojas de recorda\u00e7\u00f5es tur\u00edsticas que procuram lembran\u00e7as representativas de Portugal. Como distribuidores grossistas de cer\u00e2mica, oferecemos produtos aut\u00eanticos que celebram a cultura e a tradi\u00e7\u00e3o, tornando esta pe\u00e7a um presente perfeito para turistas e amantes do artesanato.   <\/p>\n","protected":false},"excerpt":{"rendered":"<p>\u00cdman de cer\u00e2mica com um design de mosaico vibrante e colorido, inspirado na arte decorativa portuguesa. Este atraente \u00edman apresenta uma variedade de padr\u00f5es geom\u00e9tricos e florais em tons de azul, laranja e vermelho, evocando o car\u00e1cter alegre da cer\u00e2mica tradicional. A sua forma estilizada e o acabamento em cer\u00e2mica pintada \u00e0 m\u00e3o d\u00e3o-lhe um toque distinto, ideal para decorar qualquer superf\u00edcie met\u00e1lica, recordando a beleza do patrim\u00f3nio cultural portugu\u00eas.  <\/p>\n","protected":false},"featured_media":9037,"template":"","meta":{"_acf_changed":false},"product_brand":[],"product_cat":[699],"product_tag":[515],"class_list":{"0":"post-24354","1":"product","2":"type-product","3":"status-publish","4":"has-post-thumbnail","6":"product_cat-imanes","7":"product_tag-ceramica","8":"pa_motivo-mosaico","10":"first","11":"instock","12":"shipping-taxable","13":"product-type-simple"},"acf":[],"_links":{"self":[{"href":"https:\/\/olemosaic.com\/pt-pt\/wp-json\/wp\/v2\/product\/24354","targetHints":{"allow":["GET"]}}],"collection":[{"href":"https:\/\/olemosaic.com\/pt-pt\/wp-json\/wp\/v2\/product"}],"about":[{"href":"https:\/\/olemosaic.com\/pt-pt\/wp-json\/wp\/v2\/types\/product"}],"wp:featuredmedia":[{"embeddable":true,"href":"https:\/\/olemosaic.com\/pt-pt\/wp-json\/wp\/v2\/media\/9037"}],"wp:attachment":[{"href":"https:\/\/olemosaic.com\/pt-pt\/wp-json\/wp\/v2\/media?parent=24354"}],"wp:term":[{"taxonomy":"product_brand","embeddable":true,"href":"https:\/\/olemosaic.com\/pt-pt\/wp-json\/wp\/v2\/product_brand?post=24354"},{"taxonomy":"product_cat","embeddable":true,"href":"https:\/\/olemosaic.com\/pt-pt\/wp-json\/wp\/v2\/product_cat?post=24354"},{"taxonomy":"product_tag","embeddable":true,"href":"https:\/\/olemosaic.com\/pt-pt\/wp-json\/wp\/v2\/product_tag?post=24354"}],"curies":[{"name":"wp","href":"https:\/\/api.w.org\/{rel}","templated":true}]}}