{"id":24344,"date":"2025-02-20T23:32:02","date_gmt":"2025-02-20T22:32:02","guid":{"rendered":"https:\/\/olemosaic.com\/producto\/iman-de-ceramica-patio-de-adaluz-sevilha-branco\/"},"modified":"2025-02-20T23:32:02","modified_gmt":"2025-02-20T22:32:02","slug":"iman-de-ceramica-patio-de-adaluz-sevilha-branco","status":"publish","type":"product","link":"https:\/\/olemosaic.com\/pt-pt\/produto\/iman-de-ceramica-patio-de-adaluz-sevilha-branco\/","title":{"rendered":"\u00cdman de cer\u00e2mica. P\u00e1tio de Adaluz. Sevilha. Branco."},"content":{"rendered":"<p>Este \u00edman de cer\u00e2mica pintado \u00e0 m\u00e3o \u00e9 um reflexo aut\u00eantico da atmosfera vibrante do p\u00e1tio sevilhano e uma lembran\u00e7a perfeita para aqueles que desejam levar para casa um peda\u00e7o da rica cultura andaluza. A pe\u00e7a apresenta uma ilustra\u00e7\u00e3o encantadora de um casal a dan\u00e7ar flamenco, onde a bailaora, vestida com um deslumbrante vestido vermelho, e o bailaor, vestido com um traje tradicional, captam a energia e a paix\u00e3o da forma de arte. O fundo \u00e9 decorado com vasos de flores coloridas e um candeeiro de rua cl\u00e1ssico, elementos que evocam as alegres festas de Sevilha, tornando-o num objeto cheio de vida e cor.  <\/p>\n<p>O desenho do \u00edman, com a sua base branca e detalhes vibrantes, destaca a habilidade art\u00edstica com que foi elaborado, real\u00e7ando os tons de vermelho, verde e preto que d\u00e3o profundidade \u00e0 cena. Na parte superior, o nome &#8220;Sevilha&#8221; \u00e9 apresentado numa tipografia que complementa o estilo festivo da ilustra\u00e7\u00e3o. <\/p>\n<p>Este \u00edman n\u00e3o \u00e9 apenas uma lembran\u00e7a funcional, mas tamb\u00e9m uma pe\u00e7a cultural que celebra a tradi\u00e7\u00e3o do flamenco, a ess\u00eancia da identidade sevilhana. Na Ol\u00e9 MOSAIC oferecemos-te uma requintada sele\u00e7\u00e3o de lembran\u00e7as que representam o melhor da cultura espanhola. Este \u00edman de cer\u00e2mica \u00e9 uma excelente escolha para as lojas de lembran\u00e7as tur\u00edsticas que procuram produtos aut\u00eanticos e com significado. Como grossistas de souvenirs, garantimos a qualidade e a originalidade de cada produto, ideal para satisfazer as exig\u00eancias dos turistas que desejam levar para casa uma recorda\u00e7\u00e3o genu\u00edna da sua visita a Sevilha.   <\/p>\n","protected":false},"excerpt":{"rendered":"<p>\u00cdman de cer\u00e2mica pintado \u00e0 m\u00e3o, inspirado na atmosfera vibrante de um p\u00e1tio sevilhano. Este \u00edman atraente apresenta uma ilustra\u00e7\u00e3o colorida de um casal a dan\u00e7ar flamenco: a bailarina usa um elegante vestido vermelho, enquanto o bailarino est\u00e1 vestido com um traje tradicional. Em segundo plano, v\u00ea flores em vasos e um candeeiro de rua, evocando a alegria das festas de Sevilha. A pe\u00e7a inclui a palavra &#8220;Sevilha&#8221; no topo, acrescentando um toque local.   <\/p>\n","protected":false},"featured_media":8335,"template":"","meta":{"_acf_changed":false},"product_brand":[],"product_cat":[699],"product_tag":[515],"class_list":{"0":"post-24344","1":"product","2":"type-product","3":"status-publish","4":"has-post-thumbnail","6":"product_cat-imanes","7":"product_tag-ceramica","8":"pa_ciudad-sevilla","9":"pa_motivo-patios","10":"pa_pais-espana","12":"first","13":"instock","14":"shipping-taxable","15":"product-type-simple"},"acf":[],"_links":{"self":[{"href":"https:\/\/olemosaic.com\/pt-pt\/wp-json\/wp\/v2\/product\/24344","targetHints":{"allow":["GET"]}}],"collection":[{"href":"https:\/\/olemosaic.com\/pt-pt\/wp-json\/wp\/v2\/product"}],"about":[{"href":"https:\/\/olemosaic.com\/pt-pt\/wp-json\/wp\/v2\/types\/product"}],"wp:featuredmedia":[{"embeddable":true,"href":"https:\/\/olemosaic.com\/pt-pt\/wp-json\/wp\/v2\/media\/8335"}],"wp:attachment":[{"href":"https:\/\/olemosaic.com\/pt-pt\/wp-json\/wp\/v2\/media?parent=24344"}],"wp:term":[{"taxonomy":"product_brand","embeddable":true,"href":"https:\/\/olemosaic.com\/pt-pt\/wp-json\/wp\/v2\/product_brand?post=24344"},{"taxonomy":"product_cat","embeddable":true,"href":"https:\/\/olemosaic.com\/pt-pt\/wp-json\/wp\/v2\/product_cat?post=24344"},{"taxonomy":"product_tag","embeddable":true,"href":"https:\/\/olemosaic.com\/pt-pt\/wp-json\/wp\/v2\/product_tag?post=24344"}],"curies":[{"name":"wp","href":"https:\/\/api.w.org\/{rel}","templated":true}]}}