{"id":24331,"date":"2025-02-20T23:31:59","date_gmt":"2025-02-20T22:31:59","guid":{"rendered":"https:\/\/olemosaic.com\/producto\/iman-de-ceramica-touro-madrid-espanha-branco\/"},"modified":"2025-02-20T23:31:59","modified_gmt":"2025-02-20T22:31:59","slug":"iman-de-ceramica-touro-madrid-espanha-branco","status":"publish","type":"product","link":"https:\/\/olemosaic.com\/pt-pt\/produto\/iman-de-ceramica-touro-madrid-espanha-branco\/","title":{"rendered":"\u00cdman de cer\u00e2mica. Touro. Madrid. Espanha. Branco."},"content":{"rendered":"<p>Este \u00edman de cer\u00e2mica, decorado com um touro vibrante, \u00e9 uma lembran\u00e7a ic\u00f3nica de Madrid que capta a ess\u00eancia da cultura espanhola. Com um touro de cores vivas num mosaico de tons verdes, vermelhos e azuis, o desenho destaca-se num fundo branco que real\u00e7a todos os detalhes art\u00edsticos. Este atraente \u00edman inclui uma representa\u00e7\u00e3o do sol e de flores em cores vivas, acrescentando um toque de alegria e calor \u00e0 pe\u00e7a, enquanto o texto &#8220;MADRID&#8221; est\u00e1 elegantemente inscrito, recordando aos visitantes a rica tradi\u00e7\u00e3o cultural da capital.  <\/p>\n<p>O touro \u00e9 um s\u00edmbolo ic\u00f3nico de Espanha, representando a for\u00e7a e a paix\u00e3o da sua cultura. Este \u00edman n\u00e3o s\u00f3 \u00e9 perfeito para decorar o frigor\u00edfico, como tamb\u00e9m funciona como uma recorda\u00e7\u00e3o tang\u00edvel das aventuras em Madrid, evocando tardes de sol e festas vibrantes. O seu acabamento em cer\u00e2mica garante a sua durabilidade, tornando-o numa recorda\u00e7\u00e3o ideal que durar\u00e1 muito tempo.  <\/p>\n<p>Na Ol\u00e9 Mosaic, dedicamo-nos a oferecer aut\u00eanticas lembran\u00e7as da cultura espanhola por atacado, e este \u00edman \u00e9 uma excelente op\u00e7\u00e3o para as lojas de presentes tur\u00edsticos que procuram produtos \u00fanicos e representativos. Com a sua mistura de arte e simbolismo cultural, este \u00edman de touro \u00e9, sem d\u00favida, um presente perfeito para aqueles que querem levar um pedacinho de Madrid para casa. <\/p>\n","protected":false},"excerpt":{"rendered":"<p>\u00cdman de cer\u00e2mica decorado com um touro vibrante, um s\u00edmbolo emblem\u00e1tico de Madrid. Este atraente \u00edman apresenta um desenho colorido com mosaicos em tons de verde, vermelho e azul, sobre um fundo branco que real\u00e7a os seus pormenores art\u00edsticos. De um lado, uma representa\u00e7\u00e3o do sol e de flores em cores vivas complementa a cena, juntamente com o texto &#8220;MADRID&#8221;, captando a ess\u00eancia cultural de Espanha. Ideal para recordar as tuas aventuras na capital.   <\/p>\n","protected":false},"featured_media":8615,"template":"","meta":{"_acf_changed":false},"product_brand":[],"product_cat":[699],"product_tag":[516,515],"class_list":{"0":"post-24331","1":"product","2":"type-product","3":"status-publish","4":"has-post-thumbnail","6":"product_cat-imanes","7":"product_tag-animais","8":"product_tag-ceramica","9":"pa_ciudad-madrid","10":"pa_motivo-touros","11":"pa_pais-espana","13":"first","14":"instock","15":"shipping-taxable","16":"product-type-simple"},"acf":[],"_links":{"self":[{"href":"https:\/\/olemosaic.com\/pt-pt\/wp-json\/wp\/v2\/product\/24331","targetHints":{"allow":["GET"]}}],"collection":[{"href":"https:\/\/olemosaic.com\/pt-pt\/wp-json\/wp\/v2\/product"}],"about":[{"href":"https:\/\/olemosaic.com\/pt-pt\/wp-json\/wp\/v2\/types\/product"}],"wp:featuredmedia":[{"embeddable":true,"href":"https:\/\/olemosaic.com\/pt-pt\/wp-json\/wp\/v2\/media\/8615"}],"wp:attachment":[{"href":"https:\/\/olemosaic.com\/pt-pt\/wp-json\/wp\/v2\/media?parent=24331"}],"wp:term":[{"taxonomy":"product_brand","embeddable":true,"href":"https:\/\/olemosaic.com\/pt-pt\/wp-json\/wp\/v2\/product_brand?post=24331"},{"taxonomy":"product_cat","embeddable":true,"href":"https:\/\/olemosaic.com\/pt-pt\/wp-json\/wp\/v2\/product_cat?post=24331"},{"taxonomy":"product_tag","embeddable":true,"href":"https:\/\/olemosaic.com\/pt-pt\/wp-json\/wp\/v2\/product_tag?post=24331"}],"curies":[{"name":"wp","href":"https:\/\/api.w.org\/{rel}","templated":true}]}}