{"id":24328,"date":"2025-02-20T23:31:59","date_gmt":"2025-02-20T22:31:59","guid":{"rendered":"https:\/\/olemosaic.com\/producto\/iman-de-ceramica-touro-motivos-florais-fundo-branco\/"},"modified":"2025-02-20T23:31:59","modified_gmt":"2025-02-20T22:31:59","slug":"iman-de-ceramica-touro-motivos-florais-fundo-branco","status":"publish","type":"product","link":"https:\/\/olemosaic.com\/pt-pt\/produto\/iman-de-ceramica-touro-motivos-florais-fundo-branco\/","title":{"rendered":"\u00cdman de cer\u00e2mica. Touro. Motivos florais. Fundo branco."},"content":{"rendered":"<p>Este \u00edman de cer\u00e2mica decorado com um touro vibrante \u00e9 uma verdadeira homenagem \u00e0 rica cultura espanhola e uma pe\u00e7a de cole\u00e7\u00e3o obrigat\u00f3ria. Com o seu design colorido que combina tons de vermelho, azul, verde e amarelo, este \u00edman n\u00e3o s\u00f3 chama a aten\u00e7\u00e3o, como tamb\u00e9m evoca o folclore e a tradi\u00e7\u00e3o do pa\u00eds. O touro, um s\u00edmbolo emblem\u00e1tico da identidade espanhola, \u00e9 apresentado num estilo de mosaico que real\u00e7a a sua majestade e for\u00e7a, rodeado por uma paisagem encantadora de flores e um sol estilizado que d\u00e1 vida e energia \u00e0 composi\u00e7\u00e3o.  <\/p>\n<p>O fundo branco real\u00e7a ainda mais as cores vivas da ilustra\u00e7\u00e3o, criando um efeito visual atraente que o torna uma pe\u00e7a decorativa ideal para qualquer casa. A cer\u00e2mica de alta qualidade garante a durabilidade deste \u00edman, assegurando que cada vez que o vires, recordar\u00e1s esses momentos especiais da tua viagem a Espanha. Este \u00edman n\u00e3o s\u00f3 funciona como uma simples recorda\u00e7\u00e3o, como tamb\u00e9m se torna um elo de liga\u00e7\u00e3o com a ess\u00eancia vibrante da cultura espanhola.  <\/p>\n<p>Na Ol\u00e9 Mosaic, somos especialistas na distribui\u00e7\u00e3o de lembran\u00e7as por grosso, e este \u00edman de cer\u00e2mica \u00e9 uma escolha excecional para as lojas de lembran\u00e7as tur\u00edsticas que procuram produtos que reflictam a autenticidade e a riqueza cultural de Espanha. Com o seu design atrativo e a sua liga\u00e7\u00e3o ao folclore espanhol, este \u00edman posiciona-se como a lembran\u00e7a perfeita para qualquer turista que deseje levar um pedacinho de Espanha para casa. <\/p>\n","protected":false},"excerpt":{"rendered":"<p>\u00cdman em cer\u00e2mica decorado com um touro vibrante, um s\u00edmbolo emblem\u00e1tico da cultura espanhola. O desenho, com um mosaico colorido em tons de vermelho, azul, verde e amarelo, est\u00e1 rodeado por uma paisagem com flores e um sol estilizado. A pe\u00e7a, com o seu acabamento brilhante e fundo branco, capta a ess\u00eancia do folclore espanhol e \u00e9 perfeita para recordar as paisagens de Espanha em qualquer casa. Ideal para coleccionadores ou como lembran\u00e7a de viagem.   <\/p>\n","protected":false},"featured_media":8547,"template":"","meta":{"_acf_changed":false},"product_brand":[],"product_cat":[699],"product_tag":[516,515],"class_list":{"0":"post-24328","1":"product","2":"type-product","3":"status-publish","4":"has-post-thumbnail","6":"product_cat-imanes","7":"product_tag-animais","8":"product_tag-ceramica","9":"pa_motivo-touros","11":"first","12":"instock","13":"shipping-taxable","14":"product-type-simple"},"acf":[],"_links":{"self":[{"href":"https:\/\/olemosaic.com\/pt-pt\/wp-json\/wp\/v2\/product\/24328","targetHints":{"allow":["GET"]}}],"collection":[{"href":"https:\/\/olemosaic.com\/pt-pt\/wp-json\/wp\/v2\/product"}],"about":[{"href":"https:\/\/olemosaic.com\/pt-pt\/wp-json\/wp\/v2\/types\/product"}],"wp:featuredmedia":[{"embeddable":true,"href":"https:\/\/olemosaic.com\/pt-pt\/wp-json\/wp\/v2\/media\/8547"}],"wp:attachment":[{"href":"https:\/\/olemosaic.com\/pt-pt\/wp-json\/wp\/v2\/media?parent=24328"}],"wp:term":[{"taxonomy":"product_brand","embeddable":true,"href":"https:\/\/olemosaic.com\/pt-pt\/wp-json\/wp\/v2\/product_brand?post=24328"},{"taxonomy":"product_cat","embeddable":true,"href":"https:\/\/olemosaic.com\/pt-pt\/wp-json\/wp\/v2\/product_cat?post=24328"},{"taxonomy":"product_tag","embeddable":true,"href":"https:\/\/olemosaic.com\/pt-pt\/wp-json\/wp\/v2\/product_tag?post=24328"}],"curies":[{"name":"wp","href":"https:\/\/api.w.org\/{rel}","templated":true}]}}