{"id":24323,"date":"2025-02-20T23:31:58","date_gmt":"2025-02-20T22:31:58","guid":{"rendered":"https:\/\/olemosaic.com\/producto\/imanes-de-ceramica-galos-branco\/"},"modified":"2025-02-20T23:31:58","modified_gmt":"2025-02-20T22:31:58","slug":"imanes-de-ceramica-galos-branco","status":"publish","type":"product","link":"https:\/\/olemosaic.com\/pt-pt\/produto\/imanes-de-ceramica-galos-branco\/","title":{"rendered":"\u00cdmanes de cer\u00e2mica. Galos. Branco."},"content":{"rendered":"<p>Este \u00edman de galo em cer\u00e2mica \u00e9 uma lembran\u00e7a aut\u00eantica que capta a ess\u00eancia do folclore portugu\u00eas. No centro deste \u00edman apelativo est\u00e1 um galo preto, um s\u00edmbolo emblem\u00e1tico de Portugal, adornado com pormenores e cora\u00e7\u00f5es vermelhos marcantes, tudo sobre um fundo branco salpicado de azul. Este design vibrante n\u00e3o s\u00f3 enriquece a est\u00e9tica do objeto, como tamb\u00e9m evoca a alegria e a vitalidade da cultura portuguesa. O efeito de cer\u00e2mica pintada \u00e0 m\u00e3o d\u00e1-lhe um toque \u00fanico e artesanal que eleva este \u00edman acima da produ\u00e7\u00e3o em massa, fazendo de cada pe\u00e7a um investimento em originalidade e tradi\u00e7\u00e3o.   <\/p>\n<p>O galo, amplamente reconhecido como um emblema da gastronomia e da cultura portuguesas, evoca a hist\u00f3ria dos mercados de rua e das festas t\u00edpicas. Este \u00edman torna-se um s\u00edmbolo da vitalidade das tradi\u00e7\u00f5es locais, oferecendo uma liga\u00e7\u00e3o direta \u00e0 autenticidade do pa\u00eds. Na Ol\u00e9 Mosaic orgulhamo-nos de oferecer lembran\u00e7as que representam a riqueza cultural e art\u00edstica de Portugal. Este \u00edman de cer\u00e2mica n\u00e3o \u00e9 apenas um presente perfeito, mas tamb\u00e9m uma op\u00e7\u00e3o fant\u00e1stica para as lojas de lembran\u00e7as tur\u00edsticas que procuram oferecer lembran\u00e7as aut\u00eanticas e de qualidade aos seus clientes. Com este \u00edman, cada visitante poder\u00e1 levar um pedacinho de Portugal para casa, recordando a sua viagem atrav\u00e9s do s\u00edmbolo do galo.    <\/p>\n","protected":false},"excerpt":{"rendered":"<p>\u00cdman em cer\u00e2mica decorado com um galo, um s\u00edmbolo emblem\u00e1tico de Portugal. Este \u00edman atraente apresenta um design vibrante, com um galo preto adornado com pormenores e cora\u00e7\u00f5es vermelhos, sobre um fundo branco salpicado de azul. A cer\u00e2mica parece ter sido pintada \u00e0 m\u00e3o, o que lhe confere um toque \u00fanico e artesanal. Esta lembran\u00e7a capta a ess\u00eancia do folclore portugu\u00eas, tornando-a um presente perfeito ou uma recorda\u00e7\u00e3o das tradi\u00e7\u00f5es do pa\u00eds vizinho.   <\/p>\n","protected":false},"featured_media":8906,"template":"","meta":{"_acf_changed":false},"product_brand":[],"product_cat":[699],"product_tag":[516,515],"class_list":{"0":"post-24323","1":"product","2":"type-product","3":"status-publish","4":"has-post-thumbnail","6":"product_cat-imanes","7":"product_tag-animais","8":"product_tag-ceramica","9":"pa_motivo-galos","11":"first","12":"instock","13":"shipping-taxable","14":"product-type-simple"},"acf":[],"_links":{"self":[{"href":"https:\/\/olemosaic.com\/pt-pt\/wp-json\/wp\/v2\/product\/24323","targetHints":{"allow":["GET"]}}],"collection":[{"href":"https:\/\/olemosaic.com\/pt-pt\/wp-json\/wp\/v2\/product"}],"about":[{"href":"https:\/\/olemosaic.com\/pt-pt\/wp-json\/wp\/v2\/types\/product"}],"wp:featuredmedia":[{"embeddable":true,"href":"https:\/\/olemosaic.com\/pt-pt\/wp-json\/wp\/v2\/media\/8906"}],"wp:attachment":[{"href":"https:\/\/olemosaic.com\/pt-pt\/wp-json\/wp\/v2\/media?parent=24323"}],"wp:term":[{"taxonomy":"product_brand","embeddable":true,"href":"https:\/\/olemosaic.com\/pt-pt\/wp-json\/wp\/v2\/product_brand?post=24323"},{"taxonomy":"product_cat","embeddable":true,"href":"https:\/\/olemosaic.com\/pt-pt\/wp-json\/wp\/v2\/product_cat?post=24323"},{"taxonomy":"product_tag","embeddable":true,"href":"https:\/\/olemosaic.com\/pt-pt\/wp-json\/wp\/v2\/product_tag?post=24323"}],"curies":[{"name":"wp","href":"https:\/\/api.w.org\/{rel}","templated":true}]}}