{"id":24316,"date":"2025-02-20T22:31:58","date_gmt":"2025-02-20T22:31:58","guid":{"rendered":"https:\/\/olemosaic.com\/producto\/iman-em-ceramica-flores-branco\/"},"modified":"2025-11-21T13:23:04","modified_gmt":"2025-11-21T12:23:04","slug":"iman-em-ceramica-flores-branco","status":"publish","type":"product","link":"https:\/\/olemosaic.com\/pt-pt\/produto\/iman-em-ceramica-flores-branco\/","title":{"rendered":"\u00cdman em cer\u00e2mica. Flores. Branco."},"content":{"rendered":"<p>Este \u00edman de cer\u00e2mica, decorado com um desenho floral vibrante, \u00e9 uma recorda\u00e7\u00e3o maravilhosa que capta a ess\u00eancia da arte do mosaico espanhol. A sua base branca brilhante destaca as cores intensas das p\u00e9talas, com vermelhos, amarelos, azuis e pretos, criando um belo contraste visual que atrai todos os olhares. Cada flor \u00e9 desenhada meticulosamente, com contornos escuros que definem as formas e d\u00e3o profundidade \u00e0 composi\u00e7\u00e3o, evocando a rica tradi\u00e7\u00e3o art\u00edstica que caracteriza v\u00e1rias regi\u00f5es de Espanha. Este \u00edman n\u00e3o \u00e9 apenas um acess\u00f3rio decorativo, mas uma recorda\u00e7\u00e3o encantadora que evoca o calor e a vitalidade da cultura espanhola, inspirando-se particularmente no famoso mosaico de Gaudi em Barcelona, conhecido pelos seus padr\u00f5es florais coloridos e complexos.   <\/p>\n<p>Perfeito para dar um toque de cor a qualquer espa\u00e7o, este \u00edman de cer\u00e2mica \u00e9 ideal para quem procura lembran\u00e7as aut\u00eanticas representativas da sua viagem. Na Ol\u00e9 MOSAIC, orgulhamo-nos de oferecer uma sele\u00e7\u00e3o cuidada de lembran\u00e7as de cer\u00e2mica que combinam artesanato e est\u00e9tica. Este \u00edman de flores \u00e9 uma excelente escolha para as lojas de lembran\u00e7as tur\u00edsticas que desejam oferecer algo genu\u00edno e vibrante. Como grossistas de lembran\u00e7as de cer\u00e2mica, garantimos a autenticidade e a qualidade de cada pe\u00e7a, tornando este \u00edman decorativo um complemento perfeito para trazeres um pedacinho de Espanha para casa.   <\/p>\n","protected":false},"excerpt":{"rendered":"<p>\u00cdman de cer\u00e2mica decorado com um desenho floral vibrante em vermelho, amarelo, azul e preto. Inspirado na arte do mosaico, este \u00edman apresenta uma base branca brilhante que real\u00e7a as p\u00e9talas e os seus contornos escuros, criando um belo contraste. Perfeito para dar um toque de cor a qualquer espa\u00e7o, este produto \u00e9 uma recorda\u00e7\u00e3o encantadora da riqueza cultural e art\u00edstica da tradi\u00e7\u00e3o espanhola.  <\/p>\n","protected":false},"featured_media":9023,"template":"","meta":{"_acf_changed":false},"product_brand":[],"product_cat":[699],"product_tag":[515],"class_list":{"0":"post-24316","1":"product","2":"type-product","3":"status-publish","4":"has-post-thumbnail","6":"product_cat-imanes","7":"product_tag-ceramica","8":"pa_motivo-flores","10":"first","11":"instock","12":"shipping-taxable","13":"product-type-simple"},"acf":[],"_links":{"self":[{"href":"https:\/\/olemosaic.com\/pt-pt\/wp-json\/wp\/v2\/product\/24316","targetHints":{"allow":["GET"]}}],"collection":[{"href":"https:\/\/olemosaic.com\/pt-pt\/wp-json\/wp\/v2\/product"}],"about":[{"href":"https:\/\/olemosaic.com\/pt-pt\/wp-json\/wp\/v2\/types\/product"}],"wp:featuredmedia":[{"embeddable":true,"href":"https:\/\/olemosaic.com\/pt-pt\/wp-json\/wp\/v2\/media\/9023"}],"wp:attachment":[{"href":"https:\/\/olemosaic.com\/pt-pt\/wp-json\/wp\/v2\/media?parent=24316"}],"wp:term":[{"taxonomy":"product_brand","embeddable":true,"href":"https:\/\/olemosaic.com\/pt-pt\/wp-json\/wp\/v2\/product_brand?post=24316"},{"taxonomy":"product_cat","embeddable":true,"href":"https:\/\/olemosaic.com\/pt-pt\/wp-json\/wp\/v2\/product_cat?post=24316"},{"taxonomy":"product_tag","embeddable":true,"href":"https:\/\/olemosaic.com\/pt-pt\/wp-json\/wp\/v2\/product_tag?post=24316"}],"curies":[{"name":"wp","href":"https:\/\/api.w.org\/{rel}","templated":true}]}}