{"id":24310,"date":"2025-02-20T23:31:52","date_gmt":"2025-02-20T22:31:52","guid":{"rendered":"https:\/\/olemosaic.com\/producto\/jarro-de-ceramica-vista-panoramica-parque-guell-barcelona-bege\/"},"modified":"2025-11-21T13:22:51","modified_gmt":"2025-11-21T12:22:51","slug":"jarro-de-ceramica-vista-panoramica-parque-guell-barcelona-bege","status":"publish","type":"product","link":"https:\/\/olemosaic.com\/pt-pt\/produto\/jarro-de-ceramica-vista-panoramica-parque-guell-barcelona-bege\/","title":{"rendered":"Jarro de cer\u00e2mica. Vista panor\u00e2mica. Parque G\u00fcell. Barcelona. Bege."},"content":{"rendered":"<p>Esta recorda\u00e7\u00e3o encantadora \u00e9 uma caneca de cer\u00e2mica que capta a ess\u00eancia de Barcelona atrav\u00e9s de um belo efeito panor\u00e2mico pintado \u00e0 m\u00e3o. Apresentada num tom bege subtil, a caneca apresenta um design vibrante que ilustra marcos ic\u00f3nicos da cidade, como a ic\u00f3nica Sagrada Fam\u00edlia e o colorido Parc Guell. Com a pega vermelha a dar um toque apelativo, esta caneca n\u00e3o s\u00f3 \u00e9 funcional, como tamb\u00e9m se torna um objeto decorativo que acrescenta um toque art\u00edstico a qualquer espa\u00e7o.  <\/p>\n<p>Os detalhes pintados reflectem a inconfund\u00edvel arquitetura modernista de Antoni Gaud\u00ed, real\u00e7ando o rico patrim\u00f3nio cultural de Barcelona. A palavra &#8220;Barcelona&#8221; est\u00e1 delicadamente escrita no jarro, tornando-o numa lembran\u00e7a ideal para aqueles que querem levar um peda\u00e7o da capital catal\u00e3 para casa. Esta lembran\u00e7a \u00e9 perfeita tanto para a decora\u00e7\u00e3o da tua casa como para presentear os teus entes queridos, oferecendo uma forma \u00fanica de partilhar a experi\u00eancia de visitar a cidade.  <\/p>\n<p>Na Ol\u00e9 MOSAIC, orgulhamo-nos de ser distribuidores de aut\u00eanticas lembran\u00e7as de Barcelona e de outros produtos representativos da cultura espanhola. Esta caneca de cer\u00e2mica \u00e9 uma excelente op\u00e7\u00e3o para as lojas de lembran\u00e7as tur\u00edsticas que procuram oferecer artigos de qualidade, cheios de significado e com um design art\u00edstico \u00fanico que d\u00ea vida \u00e0s lembran\u00e7as dos seus clientes. <\/p>\n","protected":false},"excerpt":{"rendered":"<p>Caneca de cer\u00e2mica com uma encantadora vista panor\u00e2mica de Barcelona num tom bege suave. Esta pe\u00e7a, pintada \u00e0 m\u00e3o e com um design artesanal, apresenta marcos ic\u00f3nicos da cidade, como a Sagrada Fam\u00edlia e o Parque G\u00fcell, adornados com cores vibrantes. A pega vermelha e a palavra &#8220;Barcelona&#8221; tornam-no numa recorda\u00e7\u00e3o atraente que capta a ess\u00eancia da arte e da arquitetura da capital catal\u00e3. Perfeito para decorar a tua casa ou como um presente \u00fanico.   <\/p>\n","protected":false},"featured_media":7286,"template":"","meta":{"_acf_changed":false},"product_brand":[],"product_cat":[669],"product_tag":[515],"class_list":{"0":"post-24310","1":"product","2":"type-product","3":"status-publish","4":"has-post-thumbnail","6":"product_cat-jarras","7":"product_tag-ceramica","8":"pa_ciudad-barcelona","9":"pa_motivo-panoramas","10":"pa_pais-espana","12":"first","13":"instock","14":"shipping-taxable","15":"product-type-simple"},"acf":[],"_links":{"self":[{"href":"https:\/\/olemosaic.com\/pt-pt\/wp-json\/wp\/v2\/product\/24310","targetHints":{"allow":["GET"]}}],"collection":[{"href":"https:\/\/olemosaic.com\/pt-pt\/wp-json\/wp\/v2\/product"}],"about":[{"href":"https:\/\/olemosaic.com\/pt-pt\/wp-json\/wp\/v2\/types\/product"}],"wp:featuredmedia":[{"embeddable":true,"href":"https:\/\/olemosaic.com\/pt-pt\/wp-json\/wp\/v2\/media\/7286"}],"wp:attachment":[{"href":"https:\/\/olemosaic.com\/pt-pt\/wp-json\/wp\/v2\/media?parent=24310"}],"wp:term":[{"taxonomy":"product_brand","embeddable":true,"href":"https:\/\/olemosaic.com\/pt-pt\/wp-json\/wp\/v2\/product_brand?post=24310"},{"taxonomy":"product_cat","embeddable":true,"href":"https:\/\/olemosaic.com\/pt-pt\/wp-json\/wp\/v2\/product_cat?post=24310"},{"taxonomy":"product_tag","embeddable":true,"href":"https:\/\/olemosaic.com\/pt-pt\/wp-json\/wp\/v2\/product_tag?post=24310"}],"curies":[{"name":"wp","href":"https:\/\/api.w.org\/{rel}","templated":true}]}}