{"id":24293,"date":"2025-02-20T23:31:52","date_gmt":"2025-02-20T22:31:52","guid":{"rendered":"https:\/\/olemosaic.com\/producto\/salamandra-figura-em-mosaico-de-24-cm\/"},"modified":"2025-02-20T23:31:52","modified_gmt":"2025-02-20T22:31:52","slug":"salamandra-figura-em-mosaico-de-24-cm","status":"publish","type":"product","link":"https:\/\/olemosaic.com\/pt-pt\/produto\/salamandra-figura-em-mosaico-de-24-cm\/","title":{"rendered":"Salamandra. Figura em mosaico de 24 cm."},"content":{"rendered":"<p>Esta encantadora lembran\u00e7a, a salamandra de resina, \u00e9 uma representa\u00e7\u00e3o perfeita da rica tradi\u00e7\u00e3o de artesanato de Espanha. Medindo 24 cm, esta pe\u00e7a de efeito pintado \u00e0 m\u00e3o apresenta uma gama vibrante de cores, incluindo azul, vermelho, amarelo e preto, dispostas num atraente padr\u00e3o de mosaico. Cada detalhe foi meticulosamente trabalhado, permitindo-te apreciar a singularidade e a habilidade dos artes\u00e3os que a criaram. A salamandra, uma esp\u00e9cie t\u00edpica da fauna mediterr\u00e2nica, simboliza a liga\u00e7\u00e3o com a natureza e o ambiente que rodeia muitas regi\u00f5es de Espanha, especialmente em zonas onde o clima quente e a diversidade biol\u00f3gica favorecem a sua presen\u00e7a.   <\/p>\n<p>O acabamento brilhante desta estatueta real\u00e7a o seu design colorido, tornando-a um objeto decorativo ideal que dar\u00e1 um toque art\u00edstico a qualquer espa\u00e7o. Esta lembran\u00e7a n\u00e3o \u00e9 apenas um belo elemento decorativo, mas tamb\u00e9m uma ess\u00eancia da rica cultura espanhola, tornando-a uma recorda\u00e7\u00e3o memor\u00e1vel para quem a escolhe. Na Ol\u00e9 Mosaic, estamos empenhados em oferecer lembran\u00e7as de alta qualidade que reflictam a autenticidade e a beleza das tradi\u00e7\u00f5es locais. Esta estatueta de salamandra \u00e9 uma excelente escolha para as lojas de recorda\u00e7\u00f5es tur\u00edsticas que procuram produtos representativos do patrim\u00f3nio espanhol. Como distribuidor grossista de lembran\u00e7as, garantimos-te a exclusividade e o encanto de cada pe\u00e7a.    <\/p>\n","protected":false},"excerpt":{"rendered":"<p>Estatueta de salamandra de 24 cm, pintada \u00e0 m\u00e3o, com design artesanal, reflectindo a rica tradi\u00e7\u00e3o de artesanato da regi\u00e3o. O seu design colorido inclui uma variedade de tons de azul, vermelho, amarelo e preto, dispostos num vibrante padr\u00e3o de mosaico. Este encantador objeto decorativo destaca-se pelos seus detalhes meticulosos e acabamento brilhante, capturando a ess\u00eancia da fauna mediterr\u00e2nica e dando um toque art\u00edstico a qualquer espa\u00e7o. Perfeito como uma lembran\u00e7a de Espanha.   <\/p>\n","protected":false},"featured_media":8462,"template":"","meta":{"_acf_changed":false},"product_brand":[],"product_cat":[552],"product_tag":[516],"class_list":{"0":"post-24293","1":"product","2":"type-product","3":"status-publish","4":"has-post-thumbnail","6":"product_cat-numeros","7":"product_tag-animais","8":"pa_motivo-salamandras","10":"first","11":"instock","12":"shipping-taxable","13":"product-type-simple"},"acf":[],"_links":{"self":[{"href":"https:\/\/olemosaic.com\/pt-pt\/wp-json\/wp\/v2\/product\/24293","targetHints":{"allow":["GET"]}}],"collection":[{"href":"https:\/\/olemosaic.com\/pt-pt\/wp-json\/wp\/v2\/product"}],"about":[{"href":"https:\/\/olemosaic.com\/pt-pt\/wp-json\/wp\/v2\/types\/product"}],"wp:featuredmedia":[{"embeddable":true,"href":"https:\/\/olemosaic.com\/pt-pt\/wp-json\/wp\/v2\/media\/8462"}],"wp:attachment":[{"href":"https:\/\/olemosaic.com\/pt-pt\/wp-json\/wp\/v2\/media?parent=24293"}],"wp:term":[{"taxonomy":"product_brand","embeddable":true,"href":"https:\/\/olemosaic.com\/pt-pt\/wp-json\/wp\/v2\/product_brand?post=24293"},{"taxonomy":"product_cat","embeddable":true,"href":"https:\/\/olemosaic.com\/pt-pt\/wp-json\/wp\/v2\/product_cat?post=24293"},{"taxonomy":"product_tag","embeddable":true,"href":"https:\/\/olemosaic.com\/pt-pt\/wp-json\/wp\/v2\/product_tag?post=24293"}],"curies":[{"name":"wp","href":"https:\/\/api.w.org\/{rel}","templated":true}]}}