{"id":24276,"date":"2025-02-20T23:31:51","date_gmt":"2025-02-20T22:31:51","guid":{"rendered":"https:\/\/olemosaic.com\/producto\/jarro-de-ceramica-salamandra-maiorca-bege\/"},"modified":"2025-02-20T23:31:51","modified_gmt":"2025-02-20T22:31:51","slug":"jarro-de-ceramica-salamandra-maiorca-bege","status":"publish","type":"product","link":"https:\/\/olemosaic.com\/pt-pt\/produto\/jarro-de-ceramica-salamandra-maiorca-bege\/","title":{"rendered":"Jarro de cer\u00e2mica. Salamandra. Maiorca. Bege."},"content":{"rendered":"<p>Este produto encantador \u00e9 uma jarra de cer\u00e2mica decorada com salamandras coloridas, evocando o estilo tradicional de Maiorca. Com acabamento em tons de bege e detalhes em vermelho vibrante, este jarro apresenta curvas elegantes e um design artesanal. Cada salamandra e elemento floral \u00e9 pintado \u00e0 m\u00e3o, garantindo que cada pe\u00e7a \u00e9 \u00fanica e possui um selo de autenticidade inconfund\u00edvel. O nome &#8220;MALLORCA&#8221; est\u00e1 delicadamente estampado na parte superior, acrescentando um toque distinto que destaca a sua origem. Esta jarra n\u00e3o s\u00f3 \u00e9 perfeita para servir bebidas refrescantes em qualquer ocasi\u00e3o, como tamb\u00e9m traz um encanto mediterr\u00e2nico a qualquer mesa, gra\u00e7as \u00e0s suas cores vivas e design atraente.    <\/p>\n<p>O jarro \u00e9 um s\u00edmbolo da rica cultura de Maiorca, onde a cer\u00e2mica artesanal faz parte da tradi\u00e7\u00e3o local h\u00e1 s\u00e9culos. As salamandras, representadas no desenho, s\u00e3o um s\u00edmbolo de boa sorte em muitas culturas mediterr\u00e2nicas, tornando-o uma lembran\u00e7a ideal para quem procura uma recorda\u00e7\u00e3o significativa. Na Ol\u00e9 Mosaic, dedicamo-nos \u00e0 distribui\u00e7\u00e3o de lembran\u00e7as por atacado, e esta caneca de cer\u00e2mica \u00e9 uma excelente escolha para lojas de lembran\u00e7as tur\u00edsticas que procuram produtos aut\u00eanticos representativos da cultura mediterr\u00e2nica. Se \u00e9s um grossista de lembran\u00e7as, n\u00e3o percas a oportunidade de oferecer este artigo bonito e funcional aos teus clientes.   <\/p>\n","protected":false},"excerpt":{"rendered":"<p>Jarra de cer\u00e2mica decorada com salamandras coloridas e motivos florais, evocando o estilo tradicional de Maiorca. Apresenta um acabamento em tons de bege com pormenores vermelhos, que real\u00e7am as suas formas elegantes. O design artesanal e pintado \u00e0 m\u00e3o da jarra garante um toque de artesanato e o nome &#8220;MALLORCA&#8221; est\u00e1 estampado na parte superior. Ideal para servir bebidas e dar um toque de charme mediterr\u00e2nico a qualquer mesa.   <\/p>\n","protected":false},"featured_media":7285,"template":"","meta":{"_acf_changed":false},"product_brand":[],"product_cat":[669],"product_tag":[516,515],"class_list":{"0":"post-24276","1":"product","2":"type-product","3":"status-publish","4":"has-post-thumbnail","6":"product_cat-jarras","7":"product_tag-animais","8":"product_tag-ceramica","9":"pa_ciudad-mallorca","10":"pa_motivo-salamandras","11":"pa_pais-espana","13":"first","14":"instock","15":"shipping-taxable","16":"product-type-simple"},"acf":[],"_links":{"self":[{"href":"https:\/\/olemosaic.com\/pt-pt\/wp-json\/wp\/v2\/product\/24276","targetHints":{"allow":["GET"]}}],"collection":[{"href":"https:\/\/olemosaic.com\/pt-pt\/wp-json\/wp\/v2\/product"}],"about":[{"href":"https:\/\/olemosaic.com\/pt-pt\/wp-json\/wp\/v2\/types\/product"}],"wp:featuredmedia":[{"embeddable":true,"href":"https:\/\/olemosaic.com\/pt-pt\/wp-json\/wp\/v2\/media\/7285"}],"wp:attachment":[{"href":"https:\/\/olemosaic.com\/pt-pt\/wp-json\/wp\/v2\/media?parent=24276"}],"wp:term":[{"taxonomy":"product_brand","embeddable":true,"href":"https:\/\/olemosaic.com\/pt-pt\/wp-json\/wp\/v2\/product_brand?post=24276"},{"taxonomy":"product_cat","embeddable":true,"href":"https:\/\/olemosaic.com\/pt-pt\/wp-json\/wp\/v2\/product_cat?post=24276"},{"taxonomy":"product_tag","embeddable":true,"href":"https:\/\/olemosaic.com\/pt-pt\/wp-json\/wp\/v2\/product_tag?post=24276"}],"curies":[{"name":"wp","href":"https:\/\/api.w.org\/{rel}","templated":true}]}}