{"id":24260,"date":"2025-02-20T22:31:57","date_gmt":"2025-02-20T22:31:57","guid":{"rendered":"https:\/\/olemosaic.com\/producto\/iman-de-ceramica-barcelona-branco\/"},"modified":"2025-11-21T13:22:06","modified_gmt":"2025-11-21T12:22:06","slug":"iman-de-ceramica-barcelona-branco","status":"publish","type":"product","link":"https:\/\/olemosaic.com\/pt-pt\/produto\/iman-de-ceramica-barcelona-branco\/","title":{"rendered":"\u00cdman de cer\u00e2mica. Barcelona. Branco."},"content":{"rendered":"<p>Este \u00edman de cer\u00e2mica de Barcelona \u00e9 uma recorda\u00e7\u00e3o vibrante que capta a ess\u00eancia da ic\u00f3nica cidade mediterr\u00e2nica. Concebido sobre um atraente fundo branco que real\u00e7a todos os detalhes, o \u00edman apresenta uma ilustra\u00e7\u00e3o colorida da majestosa Sagrada Fam\u00edlia, juntamente com outros edif\u00edcios emblem\u00e1ticos da arquitetura de Barcelona. Com tons de vermelho, amarelo e verde, a obra de arte ilustra a influ\u00eancia do famoso arquiteto Antoni Gaud\u00ed, real\u00e7ando a singularidade de cada estrutura. A tipografia &#8220;Barcelona&#8221;, situada no topo, acrescenta um toque distintivo e modernista que complementa o conjunto visual.   <\/p>\n<p>Este \u00edman n\u00e3o \u00e9 apenas uma excelente adi\u00e7\u00e3o a qualquer frigor\u00edfico ou superf\u00edcie magn\u00e9tica, mas tamb\u00e9m um s\u00edmbolo do patrim\u00f3nio cultural da cidade. As suas cores vibrantes e o seu design cuidado fazem dele uma homenagem perfeita a uma das cidades mais visitadas do mundo, ideal para quem quer levar um pedacinho de Barcelona para casa. Na Ol\u00e9 MOSAIC, como distribuidores grossistas de lembran\u00e7as, oferecemos este \u00edman de cer\u00e2mica como um artigo imprescind\u00edvel para as lojas de lembran\u00e7as tur\u00edsticas, garantindo a autenticidade e a qualidade de cada pe\u00e7a. Este \u00edman de Barcelona \u00e9 mais do que uma simples lembran\u00e7a, \u00e9 uma recorda\u00e7\u00e3o tang\u00edvel da beleza e da hist\u00f3ria que definem esta fascinante cidade.   <\/p>\n","protected":false},"excerpt":{"rendered":"<p>\u00cdman de cer\u00e2mica de Barcelona, com um desenho sobre um atraente fundo branco. Esta pe\u00e7a colorida apresenta uma ilustra\u00e7\u00e3o vibrante da Sagrada Fam\u00edlia, juntamente com outros edif\u00edcios emblem\u00e1ticos da cidade, com pormenores em vermelho, amarelo e verde. A tipografia &#8220;Barcelona&#8221; destacada na parte superior d\u00e1-lhe um toque distinto. \u00c9 ideal para recordar a tua visita a esta fascinante cidade mediterr\u00e2nica e perfeita para decorar qualquer frigor\u00edfico ou superf\u00edcie magn\u00e9tica.   <\/p>\n","protected":false},"featured_media":9515,"template":"","meta":{"_acf_changed":false},"product_brand":[],"product_cat":[699],"product_tag":[515],"class_list":{"0":"post-24260","1":"product","2":"type-product","3":"status-publish","4":"has-post-thumbnail","6":"product_cat-imanes","7":"product_tag-ceramica","8":"pa_ciudad-barcelona","9":"pa_pais-espana","11":"first","12":"instock","13":"shipping-taxable","14":"product-type-simple"},"acf":[],"_links":{"self":[{"href":"https:\/\/olemosaic.com\/pt-pt\/wp-json\/wp\/v2\/product\/24260","targetHints":{"allow":["GET"]}}],"collection":[{"href":"https:\/\/olemosaic.com\/pt-pt\/wp-json\/wp\/v2\/product"}],"about":[{"href":"https:\/\/olemosaic.com\/pt-pt\/wp-json\/wp\/v2\/types\/product"}],"wp:featuredmedia":[{"embeddable":true,"href":"https:\/\/olemosaic.com\/pt-pt\/wp-json\/wp\/v2\/media\/9515"}],"wp:attachment":[{"href":"https:\/\/olemosaic.com\/pt-pt\/wp-json\/wp\/v2\/media?parent=24260"}],"wp:term":[{"taxonomy":"product_brand","embeddable":true,"href":"https:\/\/olemosaic.com\/pt-pt\/wp-json\/wp\/v2\/product_brand?post=24260"},{"taxonomy":"product_cat","embeddable":true,"href":"https:\/\/olemosaic.com\/pt-pt\/wp-json\/wp\/v2\/product_cat?post=24260"},{"taxonomy":"product_tag","embeddable":true,"href":"https:\/\/olemosaic.com\/pt-pt\/wp-json\/wp\/v2\/product_tag?post=24260"}],"curies":[{"name":"wp","href":"https:\/\/api.w.org\/{rel}","templated":true}]}}